{"id":9,"date":"2014-07-29T14:00:44","date_gmt":"2014-07-29T12:00:44","guid":{"rendered":"http:\/\/akkagotland.se\/gotland\/?page_id=9"},"modified":"2025-11-11T18:16:14","modified_gmt":"2025-11-11T17:16:14","slug":"produkter","status":"publish","type":"page","link":"https:\/\/akkahemservice.se\/gotland\/produkter\/","title":{"rendered":"Produkter"},"content":{"rendered":"<h2><img loading=\"lazy\" decoding=\"async\" class=\"alignnone size-full wp-image-806\" src=\"https:\/\/akkahemservice.se\/gotland\/wp-content\/uploads\/sites\/3\/2020\/01\/LM1A9680.jpg\" alt=\"\" width=\"2000\" height=\"840\" srcset=\"https:\/\/akkahemservice.se\/gotland\/wp-content\/uploads\/sites\/3\/2020\/01\/LM1A9680.jpg 2000w, https:\/\/akkahemservice.se\/gotland\/wp-content\/uploads\/sites\/3\/2020\/01\/LM1A9680-300x126.jpg 300w, https:\/\/akkahemservice.se\/gotland\/wp-content\/uploads\/sites\/3\/2020\/01\/LM1A9680-768x323.jpg 768w, https:\/\/akkahemservice.se\/gotland\/wp-content\/uploads\/sites\/3\/2020\/01\/LM1A9680-1024x430.jpg 1024w\" sizes=\"auto, (max-width: 2000px) 100vw, 2000px\" \/><\/h2>\n<h2>St\u00e4dprodukter man beh\u00f6ver ha hemma<\/h2>\n<ul>\n<li>En bra dammsugare<\/li>\n<li>En hink<\/li>\n<li>En mopp &#8211; g\u00e4rna plattmopp<\/li>\n<li>Dammsugarp\u00e5sar<\/li>\n<li>Diskmedel<\/li>\n<\/ul>\n<h2>Ett mycket bra startpaket<\/h2>\n<p>Med v\u00e5rt startpaket f\u00e5r du f\u00f6ljande st\u00e4dprodukter<\/p>\n<ul>\n<li>Mopp, plattmopp eller skurmopp (plattmopp + 50 kr)<\/li>\n<li>3-pack microfiberduk, 1 micro-f\u00f6nster, 1 dammduk, 2 microlight<\/li>\n<li>1 sprayflaska + milj\u00f6v\u00e4nligt reng\u00f6ringsmedel<\/li>\n<li>1 supersvamp<\/li>\n<li>1 kasse<\/li>\n<\/ul>\n<p>Pris 350 kr inkl moms.<\/p>\n<p>Detta \u00e4r ett urval av de st\u00e4dprodukter vi arbetar med som vi tycker fungerar bra. Dessa kan du ocks\u00e5 k\u00f6pa direkt av oss. <strong>T\u00e4nk p\u00e5 att st\u00e4dningen blir roligare och g\u00e5r mycket l\u00e4ttare n\u00e4r man har bra hj\u00e4lpmedel.<\/strong> P\u00e5 Akka Hemservice t\u00e4nker vi mycket p\u00e5 milj\u00f6n och anv\u00e4nder i f\u00f6rsta hand alltid milj\u00f6v\u00e4nliga st\u00e4dprodukter.<\/p>\n<table cellspacing=\"0\" cellpadding=\"0\">\n<tbody>\n<tr>\n<td valign=\"top\">\u00a0<img loading=\"lazy\" decoding=\"async\" class=\"alignnone size-full wp-image-433\" src=\"https:\/\/akkahemservice.se\/gotland\/wp-content\/uploads\/sites\/3\/2014\/07\/akka-hemservice-nu-Kleen-svanen.jpg\" alt=\"\" width=\"150\" height=\"179\" \/><\/td>\n<td valign=\"top\">\n<h3>Nu-KleenSmell<\/h3>\n<p>Medlet \u00e4r ett bioteknologiskt allreng\u00f6ringsmedel\u00a0som \u00e4r\u00a0\u00a0djup- och l\u00e5ngtidsverkande och mycket drygt.<br \/>\nSp\u00e4des 200 ggr och r\u00e4cker ca 2 \u00e5r vid normal anv\u00e4ndning. Ett\u00a0PH-neutralt medel.<br \/>\n<strong>250 ml f\u00f6r 100 kr<\/strong><\/td>\n<\/tr>\n<tr>\n<td valign=\"top\"><img loading=\"lazy\" decoding=\"async\" class=\"alignnone wp-image-67 size-full\" src=\"https:\/\/akkahemservice.se\/gotland\/wp-content\/uploads\/sites\/3\/2014\/07\/sableline_pva_block.png\" alt=\"\" width=\"150\" height=\"113\" \/><\/td>\n<td valign=\"top\">\n<h3>Supersvamp PVA system<\/h3>\n<p><strong>3 st f\u00f6r 120 kr<\/strong><\/td>\n<\/tr>\n<tr>\n<td valign=\"top\"><img loading=\"lazy\" decoding=\"async\" class=\"alignnone size-full wp-image-59\" src=\"https:\/\/akkahemservice.se\/gotland\/wp-content\/uploads\/sites\/3\/2014\/07\/smart_garnmopp.jpg\" alt=\"smart_garnmopp\" width=\"150\" height=\"125\" \/><\/td>\n<td valign=\"top\">\n<h3>Garnmopp i microfiber<\/h3>\n<p><strong>115 kr<\/strong><\/td>\n<\/tr>\n<tr>\n<td valign=\"top\"><img loading=\"lazy\" decoding=\"async\" class=\"alignnone size-full wp-image-60\" src=\"https:\/\/akkahemservice.se\/gotland\/wp-content\/uploads\/sites\/3\/2014\/07\/smart_plattmopp.jpg\" alt=\"smart_plattmopp\" width=\"150\" height=\"125\" \/><\/td>\n<td valign=\"top\">\n<h3>Plattmopp<\/h3>\n<p><strong>175 kr<\/strong><\/td>\n<\/tr>\n<tr>\n<td valign=\"top\"><img loading=\"lazy\" decoding=\"async\" class=\"alignnone size-full wp-image-61\" src=\"https:\/\/akkahemservice.se\/gotland\/wp-content\/uploads\/sites\/3\/2014\/07\/smart_microfiberduk.jpg\" alt=\"smart_microfiberduk\" width=\"150\" height=\"125\" \/><\/td>\n<td valign=\"top\">\n<h3>Microfiberduk<\/h3>\n<p><strong>3-pack f\u00f6r 69 kr<\/strong><\/td>\n<\/tr>\n<\/tbody>\n<\/table>\n<h2><\/h2>\n<h3>H\u00f6r av dig via epost s\u00e5 kan vi leverera dina produkter n\u00e4sta g\u00e5ng ni har st\u00e4dning.<\/h3>\n","protected":false},"excerpt":{"rendered":"<p>St\u00e4dprodukter man beh\u00f6ver ha hemma En bra dammsugare En hink En mopp &#8211; g\u00e4rna plattmopp Dammsugarp\u00e5sar Diskmedel Ett mycket bra startpaket Med v\u00e5rt startpaket f\u00e5r du f\u00f6ljande st\u00e4dprodukter Mopp, plattmopp eller skurmopp (plattmopp + 50 kr) 3-pack microfiberduk, 1 micro-f\u00f6nster, 1 dammduk, 2 microlight 1 sprayflaska + milj\u00f6v\u00e4nligt reng\u00f6ringsmedel 1 supersvamp 1 kasse Pris 350 [&hellip;]<\/p>\n","protected":false},"author":1,"featured_media":0,"parent":0,"menu_order":0,"comment_status":"closed","ping_status":"open","template":"","meta":{"footnotes":""},"class_list":["post-9","page","type-page","status-publish","hentry"],"yoast_head":"<!-- This site is optimized with the Yoast SEO plugin v27.5 - https:\/\/yoast.com\/product\/yoast-seo-wordpress\/ -->\n<title>Produkter - Akka Hemservice Gotland<\/title>\n<meta name=\"robots\" content=\"index, follow, max-snippet:-1, max-image-preview:large, max-video-preview:-1\" \/>\n<link rel=\"canonical\" href=\"https:\/\/akkahemservice.se\/gotland\/produkter\/\" \/>\n<meta property=\"og:locale\" content=\"sv_SE\" \/>\n<meta property=\"og:type\" content=\"article\" \/>\n<meta property=\"og:title\" content=\"Produkter - Akka Hemservice Gotland\" \/>\n<meta property=\"og:description\" content=\"St\u00e4dprodukter man beh\u00f6ver ha hemma En bra dammsugare En hink En mopp &#8211; g\u00e4rna plattmopp Dammsugarp\u00e5sar Diskmedel Ett mycket bra startpaket Med v\u00e5rt startpaket f\u00e5r du f\u00f6ljande st\u00e4dprodukter Mopp, plattmopp eller skurmopp (plattmopp + 50 kr) 3-pack microfiberduk, 1 micro-f\u00f6nster, 1 dammduk, 2 microlight 1 sprayflaska + milj\u00f6v\u00e4nligt reng\u00f6ringsmedel 1 supersvamp 1 kasse Pris 350 [&hellip;]\" \/>\n<meta property=\"og:url\" content=\"https:\/\/akkahemservice.se\/gotland\/produkter\/\" \/>\n<meta property=\"og:site_name\" content=\"Akka Hemservice Gotland\" \/>\n<meta property=\"article:modified_time\" content=\"2025-11-11T17:16:14+00:00\" \/>\n<meta property=\"og:image\" content=\"https:\/\/akkahemservice.se\/gotland\/wp-content\/uploads\/sites\/3\/2020\/01\/LM1A9680.jpg\" \/>\n\t<meta property=\"og:image:width\" content=\"2000\" \/>\n\t<meta property=\"og:image:height\" content=\"840\" \/>\n\t<meta property=\"og:image:type\" content=\"image\/jpeg\" \/>\n<meta name=\"twitter:label1\" content=\"Ber\u00e4knad l\u00e4stid\" \/>\n\t<meta name=\"twitter:data1\" content=\"1 minut\" \/>\n<script type=\"application\/ld+json\" class=\"yoast-schema-graph\">{\"@context\":\"https:\\\/\\\/schema.org\",\"@graph\":[{\"@type\":\"WebPage\",\"@id\":\"https:\\\/\\\/akkahemservice.se\\\/gotland\\\/produkter\\\/\",\"url\":\"https:\\\/\\\/akkahemservice.se\\\/gotland\\\/produkter\\\/\",\"name\":\"Produkter - Akka Hemservice Gotland\",\"isPartOf\":{\"@id\":\"https:\\\/\\\/akkahemservice.se\\\/gotland\\\/#website\"},\"primaryImageOfPage\":{\"@id\":\"https:\\\/\\\/akkahemservice.se\\\/gotland\\\/produkter\\\/#primaryimage\"},\"image\":{\"@id\":\"https:\\\/\\\/akkahemservice.se\\\/gotland\\\/produkter\\\/#primaryimage\"},\"thumbnailUrl\":\"https:\\\/\\\/akkahemservice.se\\\/gotland\\\/wp-content\\\/uploads\\\/sites\\\/3\\\/2020\\\/01\\\/LM1A9680.jpg\",\"datePublished\":\"2014-07-29T12:00:44+00:00\",\"dateModified\":\"2025-11-11T17:16:14+00:00\",\"breadcrumb\":{\"@id\":\"https:\\\/\\\/akkahemservice.se\\\/gotland\\\/produkter\\\/#breadcrumb\"},\"inLanguage\":\"sv-SE\",\"potentialAction\":[{\"@type\":\"ReadAction\",\"target\":[\"https:\\\/\\\/akkahemservice.se\\\/gotland\\\/produkter\\\/\"]}]},{\"@type\":\"ImageObject\",\"inLanguage\":\"sv-SE\",\"@id\":\"https:\\\/\\\/akkahemservice.se\\\/gotland\\\/produkter\\\/#primaryimage\",\"url\":\"https:\\\/\\\/akkahemservice.se\\\/gotland\\\/wp-content\\\/uploads\\\/sites\\\/3\\\/2020\\\/01\\\/LM1A9680.jpg\",\"contentUrl\":\"https:\\\/\\\/akkahemservice.se\\\/gotland\\\/wp-content\\\/uploads\\\/sites\\\/3\\\/2020\\\/01\\\/LM1A9680.jpg\",\"width\":2000,\"height\":840},{\"@type\":\"BreadcrumbList\",\"@id\":\"https:\\\/\\\/akkahemservice.se\\\/gotland\\\/produkter\\\/#breadcrumb\",\"itemListElement\":[{\"@type\":\"ListItem\",\"position\":1,\"name\":\"Hem\",\"item\":\"https:\\\/\\\/akkahemservice.se\\\/gotland\\\/\"},{\"@type\":\"ListItem\",\"position\":2,\"name\":\"Produkter\"}]},{\"@type\":\"WebSite\",\"@id\":\"https:\\\/\\\/akkahemservice.se\\\/gotland\\\/#website\",\"url\":\"https:\\\/\\\/akkahemservice.se\\\/gotland\\\/\",\"name\":\"Akka Hemservice Gotland\",\"description\":\"St\u00e4dning och f\u00f6nsterputs f\u00f6r privatpersoner och f\u00f6retag p\u00e5 Gotland.\",\"potentialAction\":[{\"@type\":\"SearchAction\",\"target\":{\"@type\":\"EntryPoint\",\"urlTemplate\":\"https:\\\/\\\/akkahemservice.se\\\/gotland\\\/?s={search_term_string}\"},\"query-input\":{\"@type\":\"PropertyValueSpecification\",\"valueRequired\":true,\"valueName\":\"search_term_string\"}}],\"inLanguage\":\"sv-SE\"}]}<\/script>\n<!-- \/ Yoast SEO plugin. -->","yoast_head_json":{"title":"Produkter - Akka Hemservice Gotland","robots":{"index":"index","follow":"follow","max-snippet":"max-snippet:-1","max-image-preview":"max-image-preview:large","max-video-preview":"max-video-preview:-1"},"canonical":"https:\/\/akkahemservice.se\/gotland\/produkter\/","og_locale":"sv_SE","og_type":"article","og_title":"Produkter - Akka Hemservice Gotland","og_description":"St\u00e4dprodukter man beh\u00f6ver ha hemma En bra dammsugare En hink En mopp &#8211; g\u00e4rna plattmopp Dammsugarp\u00e5sar Diskmedel Ett mycket bra startpaket Med v\u00e5rt startpaket f\u00e5r du f\u00f6ljande st\u00e4dprodukter Mopp, plattmopp eller skurmopp (plattmopp + 50 kr) 3-pack microfiberduk, 1 micro-f\u00f6nster, 1 dammduk, 2 microlight 1 sprayflaska + milj\u00f6v\u00e4nligt reng\u00f6ringsmedel 1 supersvamp 1 kasse Pris 350 [&hellip;]","og_url":"https:\/\/akkahemservice.se\/gotland\/produkter\/","og_site_name":"Akka Hemservice Gotland","article_modified_time":"2025-11-11T17:16:14+00:00","og_image":[{"width":2000,"height":840,"url":"https:\/\/akkahemservice.se\/gotland\/wp-content\/uploads\/sites\/3\/2020\/01\/LM1A9680.jpg","type":"image\/jpeg"}],"twitter_misc":{"Ber\u00e4knad l\u00e4stid":"1 minut"},"schema":{"@context":"https:\/\/schema.org","@graph":[{"@type":"WebPage","@id":"https:\/\/akkahemservice.se\/gotland\/produkter\/","url":"https:\/\/akkahemservice.se\/gotland\/produkter\/","name":"Produkter - Akka Hemservice Gotland","isPartOf":{"@id":"https:\/\/akkahemservice.se\/gotland\/#website"},"primaryImageOfPage":{"@id":"https:\/\/akkahemservice.se\/gotland\/produkter\/#primaryimage"},"image":{"@id":"https:\/\/akkahemservice.se\/gotland\/produkter\/#primaryimage"},"thumbnailUrl":"https:\/\/akkahemservice.se\/gotland\/wp-content\/uploads\/sites\/3\/2020\/01\/LM1A9680.jpg","datePublished":"2014-07-29T12:00:44+00:00","dateModified":"2025-11-11T17:16:14+00:00","breadcrumb":{"@id":"https:\/\/akkahemservice.se\/gotland\/produkter\/#breadcrumb"},"inLanguage":"sv-SE","potentialAction":[{"@type":"ReadAction","target":["https:\/\/akkahemservice.se\/gotland\/produkter\/"]}]},{"@type":"ImageObject","inLanguage":"sv-SE","@id":"https:\/\/akkahemservice.se\/gotland\/produkter\/#primaryimage","url":"https:\/\/akkahemservice.se\/gotland\/wp-content\/uploads\/sites\/3\/2020\/01\/LM1A9680.jpg","contentUrl":"https:\/\/akkahemservice.se\/gotland\/wp-content\/uploads\/sites\/3\/2020\/01\/LM1A9680.jpg","width":2000,"height":840},{"@type":"BreadcrumbList","@id":"https:\/\/akkahemservice.se\/gotland\/produkter\/#breadcrumb","itemListElement":[{"@type":"ListItem","position":1,"name":"Hem","item":"https:\/\/akkahemservice.se\/gotland\/"},{"@type":"ListItem","position":2,"name":"Produkter"}]},{"@type":"WebSite","@id":"https:\/\/akkahemservice.se\/gotland\/#website","url":"https:\/\/akkahemservice.se\/gotland\/","name":"Akka Hemservice Gotland","description":"St\u00e4dning och f\u00f6nsterputs f\u00f6r privatpersoner och f\u00f6retag p\u00e5 Gotland.","potentialAction":[{"@type":"SearchAction","target":{"@type":"EntryPoint","urlTemplate":"https:\/\/akkahemservice.se\/gotland\/?s={search_term_string}"},"query-input":{"@type":"PropertyValueSpecification","valueRequired":true,"valueName":"search_term_string"}}],"inLanguage":"sv-SE"}]}},"_links":{"self":[{"href":"https:\/\/akkahemservice.se\/gotland\/wp-json\/wp\/v2\/pages\/9","targetHints":{"allow":["GET"]}}],"collection":[{"href":"https:\/\/akkahemservice.se\/gotland\/wp-json\/wp\/v2\/pages"}],"about":[{"href":"https:\/\/akkahemservice.se\/gotland\/wp-json\/wp\/v2\/types\/page"}],"author":[{"embeddable":true,"href":"https:\/\/akkahemservice.se\/gotland\/wp-json\/wp\/v2\/users\/1"}],"replies":[{"embeddable":true,"href":"https:\/\/akkahemservice.se\/gotland\/wp-json\/wp\/v2\/comments?post=9"}],"version-history":[{"count":7,"href":"https:\/\/akkahemservice.se\/gotland\/wp-json\/wp\/v2\/pages\/9\/revisions"}],"predecessor-version":[{"id":809,"href":"https:\/\/akkahemservice.se\/gotland\/wp-json\/wp\/v2\/pages\/9\/revisions\/809"}],"wp:attachment":[{"href":"https:\/\/akkahemservice.se\/gotland\/wp-json\/wp\/v2\/media?parent=9"}],"curies":[{"name":"wp","href":"https:\/\/api.w.org\/{rel}","templated":true}]}}