{"id":83,"date":"2014-08-20T16:44:07","date_gmt":"2014-08-20T14:44:07","guid":{"rendered":"http:\/\/akkagotland.se\/gotland\/?page_id=83"},"modified":"2026-04-30T18:51:04","modified_gmt":"2026-04-30T16:51:04","slug":"priser","status":"publish","type":"page","link":"https:\/\/akkahemservice.se\/gotland\/priser\/","title":{"rendered":"Priser"},"content":{"rendered":"<p><img loading=\"lazy\" decoding=\"async\" class=\"alignnone size-full wp-image-802\" src=\"https:\/\/akkahemservice.se\/gotland\/wp-content\/uploads\/sites\/3\/2020\/01\/LM1A9564-1.jpg\" alt=\"\" width=\"2000\" height=\"840\" srcset=\"https:\/\/akkahemservice.se\/gotland\/wp-content\/uploads\/sites\/3\/2020\/01\/LM1A9564-1.jpg 2000w, https:\/\/akkahemservice.se\/gotland\/wp-content\/uploads\/sites\/3\/2020\/01\/LM1A9564-1-300x126.jpg 300w, https:\/\/akkahemservice.se\/gotland\/wp-content\/uploads\/sites\/3\/2020\/01\/LM1A9564-1-768x323.jpg 768w, https:\/\/akkahemservice.se\/gotland\/wp-content\/uploads\/sites\/3\/2020\/01\/LM1A9564-1-1024x430.jpg 1024w\" sizes=\"auto, (max-width: 2000px) 100vw, 2000px\" \/><\/p>\n<h2>Prisexempel inkl. RUT och moms*<\/h2>\n<p>&nbsp;<\/p>\n<table style=\"width: 100%;\" cellspacing=\"0\">\n<tbody>\n<tr>\n<td><strong>Enstaka vardagsst\u00e4dning<br \/>\n<\/strong><a href=\"https:\/\/akkahemservice.se\/gotland\/tjanster\/vardagsstadning\/\" target=\"_blank\" rel=\"noopener\">\u00bb L\u00e4s mer<\/a><\/td>\n<td>320 kr\/tim<\/td>\n<\/tr>\n<tr>\n<td><strong>Abonnemangsst\u00e4dning <\/strong>&#8211; Med timpott\u00a0<strong><br \/>\n<\/strong>Med timpott s\u00e5 betalar du samma pris varje m\u00e5nad och du f\u00e5r det l\u00e4gsta priset f\u00f6r alla tj\u00e4nster.<br \/>\n<a style=\"color: royalblue;\" title=\"Timpott\" href=\"https:\/\/akkahemservice.se\/gotland\/prislista\/timpott\/\" target=\"_blank\" rel=\"noopener\">\u00bb Klicka h\u00e4r f\u00f6r en mer noggrann\u00a0beskrivning av abonnemangsformen\u00a0timpott.\u00a0<\/a><\/td>\n<td>280 kr\/tim<\/td>\n<\/tr>\n<tr>\n<td><strong>Abonnemangsst\u00e4dning <\/strong>&#8211; Utan timpott<strong><br \/>\n<\/strong>Denna tj\u00e4nst passar dig som lever ett r\u00f6rligt liv och d\u00e4rf\u00f6r m\u00e5ste om\/avboka din st\u00e4dning ofta.<br \/>\nI denna abonnemangsform betalar du i efterskott f\u00f6r de timmar du haft.<br \/>\n\u00d6vriga tj\u00e4nster som f\u00f6nsterputs &amp; storst\u00e4dning debiteras enligt ordinarie prislista.<\/td>\n<td>292 kr\/tim<\/td>\n<\/tr>\n<tr>\n<td><strong>Storst\u00e4dning<br \/>\n<\/strong><a href=\"https:\/\/akkahemservice.se\/gotland\/tjanster\/storstadning\/\" target=\"_blank\" rel=\"noopener\">\u00bb L\u00e4s mer<\/a><\/td>\n<td>340 kr\/tim<\/td>\n<\/tr>\n<tr>\n<td><strong>Flyttst\u00e4dning<br \/>\n<\/strong><a href=\"https:\/\/akkahemservice.se\/gotland\/tjanster\/flyttstadning\/\" target=\"_blank\" rel=\"noopener\">\u00bb L\u00e4s mer<\/a><\/td>\n<td>340 kr\/tim<\/td>\n<\/tr>\n<tr>\n<td valign=\"top\"><strong>Flytthj\u00e4lp\u00a0<\/strong>(minimum\u00a01500 kr)<br \/>\n<a href=\"https:\/\/akkahemservice.se\/gotland\/tjanster\/flytthjalp\/\" target=\"_blank\" rel=\"noopener\">\u00bb L\u00e4s mer<\/a><\/td>\n<td valign=\"top\">340 kr\/tim (minimum 1500 kr)<\/td>\n<\/tr>\n<tr>\n<td><strong>F\u00f6nsterputs<br \/>\n<\/strong><a href=\"https:\/\/akkahemservice.se\/gotland\/tjanster\/fonsterputs\/\" target=\"_blank\" rel=\"noopener\">\u00bb L\u00e4s mer<\/a><\/td>\n<td>340 kr\/tim<\/td>\n<\/tr>\n<tr>\n<td><strong>Avresest\u00e4dning vid uthyrning<br \/>\n<\/strong><\/td>\n<td>vardagar 320 kr\/tim<\/td>\n<\/tr>\n<tr>\n<td><strong>F\u00f6retagsst\u00e4dning vid abonnemang<br \/>\n<\/strong><a href=\"https:\/\/akkahemservice.se\/gotland\/tjanster\/stadning-och-vaktmasteri\/\" target=\"_blank\" rel=\"noopener\">\u00bb L\u00e4s mer<\/a><\/td>\n<td>460 kr\/tim + moms eller enligt offert<\/td>\n<\/tr>\n<\/tbody>\n<\/table>\n<p>&nbsp;<\/p>\n<p>* Priserna avser per person och timme<\/p>\n<p><b>Till\u00e4gg<\/b><br \/>\nMilers\u00e4ttning: 40 kr \/ mil<br \/>\nInst\u00e4llelseavgift: 200 kr<br \/>\nInst\u00e4llelseavgift vid abonnemang 150 kr<\/p>\n<p><b>Helgpris<\/b><br \/>\nL\u00f6rdagar 420 kr\/tim efter RUT<br \/>\nS\u00f6ndagar 440 kr\/tim efter RUT<\/p>\n<p><strong><a style=\"color: royalblue;\" title=\"Skatteavdrag RUT\" href=\"https:\/\/akkahemservice.se\/gotland\/skatteavdrag-rut\/\">Mer info om RUT hittar du h\u00e4r.<\/a><\/strong><\/p>\n<p>&nbsp;<\/p>\n<h2>F\u00f6r priser vid abonnemang<\/h2>\n<p>F\u00f6r priser vid abonnemang fyll i v\u00e5r <a href=\"https:\/\/akkahemservice.se\/gotland\/#intresseanmalan\"><b>intresseanm\u00e4lan<\/b><\/a> eller kontakta oss p\u00e5 gotland@akkahemservice.se f\u00f6r offert.<\/p>\n<p>Alla angivna priser \u00e4r inkl. moms och efter RUT (ej f\u00f6retagsst\u00e4dning).<\/p>\n<p><img loading=\"lazy\" decoding=\"async\" class=\"alignnone size-full wp-image-89\" style=\"float: right; margin-left: 15px;\" src=\"https:\/\/akkahemservice.se\/gotland\/wp-content\/uploads\/sites\/3\/2014\/08\/nojdkundgaranti.png\" alt=\"nojdkundgaranti\" width=\"150\" height=\"150\" srcset=\"https:\/\/akkahemservice.se\/gotland\/wp-content\/uploads\/sites\/3\/2014\/08\/nojdkundgaranti.png 207w, https:\/\/akkahemservice.se\/gotland\/wp-content\/uploads\/sites\/3\/2014\/08\/nojdkundgaranti-150x150.png 150w\" sizes=\"auto, (max-width: 150px) 100vw, 150px\" \/><\/p>\n<h2 style=\"display: inline-block;\">Vi har f\u00f6rst\u00e5s \u00e4ven n\u00f6jdkundgaranti!<\/h2>\n<p>Vi g\u00f6r v\u00e5rt yttersta f\u00f6r att v\u00e5ra kunder skall vara n\u00f6jda och glada med v\u00e5rt uppdrag oavsett om det \u00e4r st\u00e4dning, f\u00f6nsterputs, tr\u00e4dg\u00e5rdstj\u00e4nster, omsorg eller enklare hantverkartj\u00e4nster!<\/p>\n<h2>Ring oss s\u00e5 ber\u00e4ttar vi mer.<\/h2>\n","protected":false},"excerpt":{"rendered":"<p>Prisexempel inkl. RUT och moms* &nbsp; Enstaka vardagsst\u00e4dning \u00bb L\u00e4s mer 320 kr\/tim Abonnemangsst\u00e4dning &#8211; Med timpott\u00a0 Med timpott s\u00e5 betalar du samma pris varje m\u00e5nad och du f\u00e5r det l\u00e4gsta priset f\u00f6r alla tj\u00e4nster. \u00bb Klicka h\u00e4r f\u00f6r en mer noggrann\u00a0beskrivning av abonnemangsformen\u00a0timpott.\u00a0 280 kr\/tim Abonnemangsst\u00e4dning &#8211; Utan timpott Denna tj\u00e4nst passar dig som [&hellip;]<\/p>\n","protected":false},"author":1,"featured_media":0,"parent":0,"menu_order":0,"comment_status":"closed","ping_status":"open","template":"","meta":{"footnotes":""},"class_list":["post-83","page","type-page","status-publish","hentry"],"yoast_head":"<!-- This site is optimized with the Yoast SEO plugin v27.5 - https:\/\/yoast.com\/product\/yoast-seo-wordpress\/ -->\n<title>Priser - Akka Hemservice Gotland<\/title>\n<meta name=\"robots\" content=\"index, follow, max-snippet:-1, max-image-preview:large, max-video-preview:-1\" \/>\n<link rel=\"canonical\" href=\"https:\/\/akkahemservice.se\/gotland\/priser\/\" \/>\n<meta property=\"og:locale\" content=\"sv_SE\" \/>\n<meta property=\"og:type\" content=\"article\" \/>\n<meta property=\"og:title\" content=\"Priser - Akka Hemservice Gotland\" \/>\n<meta property=\"og:description\" content=\"Prisexempel inkl. RUT och moms* &nbsp; Enstaka vardagsst\u00e4dning \u00bb L\u00e4s mer 320 kr\/tim Abonnemangsst\u00e4dning &#8211; Med timpott\u00a0 Med timpott s\u00e5 betalar du samma pris varje m\u00e5nad och du f\u00e5r det l\u00e4gsta priset f\u00f6r alla tj\u00e4nster. \u00bb Klicka h\u00e4r f\u00f6r en mer noggrann\u00a0beskrivning av abonnemangsformen\u00a0timpott.\u00a0 280 kr\/tim Abonnemangsst\u00e4dning &#8211; Utan timpott Denna tj\u00e4nst passar dig som [&hellip;]\" \/>\n<meta property=\"og:url\" content=\"https:\/\/akkahemservice.se\/gotland\/priser\/\" \/>\n<meta property=\"og:site_name\" content=\"Akka Hemservice Gotland\" \/>\n<meta property=\"article:modified_time\" content=\"2026-04-30T16:51:04+00:00\" \/>\n<meta property=\"og:image\" content=\"https:\/\/akkahemservice.se\/gotland\/wp-content\/uploads\/sites\/3\/2020\/01\/LM1A9564-1.jpg\" \/>\n\t<meta property=\"og:image:width\" content=\"2000\" \/>\n\t<meta property=\"og:image:height\" content=\"840\" \/>\n\t<meta property=\"og:image:type\" content=\"image\/jpeg\" \/>\n<meta name=\"twitter:label1\" content=\"Ber\u00e4knad l\u00e4stid\" \/>\n\t<meta name=\"twitter:data1\" content=\"2 minuter\" \/>\n<script type=\"application\/ld+json\" class=\"yoast-schema-graph\">{\"@context\":\"https:\\\/\\\/schema.org\",\"@graph\":[{\"@type\":\"WebPage\",\"@id\":\"https:\\\/\\\/akkahemservice.se\\\/gotland\\\/priser\\\/\",\"url\":\"https:\\\/\\\/akkahemservice.se\\\/gotland\\\/priser\\\/\",\"name\":\"Priser - Akka Hemservice Gotland\",\"isPartOf\":{\"@id\":\"https:\\\/\\\/akkahemservice.se\\\/gotland\\\/#website\"},\"primaryImageOfPage\":{\"@id\":\"https:\\\/\\\/akkahemservice.se\\\/gotland\\\/priser\\\/#primaryimage\"},\"image\":{\"@id\":\"https:\\\/\\\/akkahemservice.se\\\/gotland\\\/priser\\\/#primaryimage\"},\"thumbnailUrl\":\"https:\\\/\\\/akkahemservice.se\\\/gotland\\\/wp-content\\\/uploads\\\/sites\\\/3\\\/2020\\\/01\\\/LM1A9564-1.jpg\",\"datePublished\":\"2014-08-20T14:44:07+00:00\",\"dateModified\":\"2026-04-30T16:51:04+00:00\",\"breadcrumb\":{\"@id\":\"https:\\\/\\\/akkahemservice.se\\\/gotland\\\/priser\\\/#breadcrumb\"},\"inLanguage\":\"sv-SE\",\"potentialAction\":[{\"@type\":\"ReadAction\",\"target\":[\"https:\\\/\\\/akkahemservice.se\\\/gotland\\\/priser\\\/\"]}]},{\"@type\":\"ImageObject\",\"inLanguage\":\"sv-SE\",\"@id\":\"https:\\\/\\\/akkahemservice.se\\\/gotland\\\/priser\\\/#primaryimage\",\"url\":\"https:\\\/\\\/akkahemservice.se\\\/gotland\\\/wp-content\\\/uploads\\\/sites\\\/3\\\/2020\\\/01\\\/LM1A9564-1.jpg\",\"contentUrl\":\"https:\\\/\\\/akkahemservice.se\\\/gotland\\\/wp-content\\\/uploads\\\/sites\\\/3\\\/2020\\\/01\\\/LM1A9564-1.jpg\",\"width\":2000,\"height\":840},{\"@type\":\"BreadcrumbList\",\"@id\":\"https:\\\/\\\/akkahemservice.se\\\/gotland\\\/priser\\\/#breadcrumb\",\"itemListElement\":[{\"@type\":\"ListItem\",\"position\":1,\"name\":\"Hem\",\"item\":\"https:\\\/\\\/akkahemservice.se\\\/gotland\\\/\"},{\"@type\":\"ListItem\",\"position\":2,\"name\":\"Priser\"}]},{\"@type\":\"WebSite\",\"@id\":\"https:\\\/\\\/akkahemservice.se\\\/gotland\\\/#website\",\"url\":\"https:\\\/\\\/akkahemservice.se\\\/gotland\\\/\",\"name\":\"Akka Hemservice Gotland\",\"description\":\"St\u00e4dning och f\u00f6nsterputs f\u00f6r privatpersoner och f\u00f6retag p\u00e5 Gotland.\",\"potentialAction\":[{\"@type\":\"SearchAction\",\"target\":{\"@type\":\"EntryPoint\",\"urlTemplate\":\"https:\\\/\\\/akkahemservice.se\\\/gotland\\\/?s={search_term_string}\"},\"query-input\":{\"@type\":\"PropertyValueSpecification\",\"valueRequired\":true,\"valueName\":\"search_term_string\"}}],\"inLanguage\":\"sv-SE\"}]}<\/script>\n<!-- \/ Yoast SEO plugin. -->","yoast_head_json":{"title":"Priser - Akka Hemservice Gotland","robots":{"index":"index","follow":"follow","max-snippet":"max-snippet:-1","max-image-preview":"max-image-preview:large","max-video-preview":"max-video-preview:-1"},"canonical":"https:\/\/akkahemservice.se\/gotland\/priser\/","og_locale":"sv_SE","og_type":"article","og_title":"Priser - Akka Hemservice Gotland","og_description":"Prisexempel inkl. RUT och moms* &nbsp; Enstaka vardagsst\u00e4dning \u00bb L\u00e4s mer 320 kr\/tim Abonnemangsst\u00e4dning &#8211; Med timpott\u00a0 Med timpott s\u00e5 betalar du samma pris varje m\u00e5nad och du f\u00e5r det l\u00e4gsta priset f\u00f6r alla tj\u00e4nster. \u00bb Klicka h\u00e4r f\u00f6r en mer noggrann\u00a0beskrivning av abonnemangsformen\u00a0timpott.\u00a0 280 kr\/tim Abonnemangsst\u00e4dning &#8211; Utan timpott Denna tj\u00e4nst passar dig som [&hellip;]","og_url":"https:\/\/akkahemservice.se\/gotland\/priser\/","og_site_name":"Akka Hemservice Gotland","article_modified_time":"2026-04-30T16:51:04+00:00","og_image":[{"width":2000,"height":840,"url":"https:\/\/akkahemservice.se\/gotland\/wp-content\/uploads\/sites\/3\/2020\/01\/LM1A9564-1.jpg","type":"image\/jpeg"}],"twitter_misc":{"Ber\u00e4knad l\u00e4stid":"2 minuter"},"schema":{"@context":"https:\/\/schema.org","@graph":[{"@type":"WebPage","@id":"https:\/\/akkahemservice.se\/gotland\/priser\/","url":"https:\/\/akkahemservice.se\/gotland\/priser\/","name":"Priser - Akka Hemservice Gotland","isPartOf":{"@id":"https:\/\/akkahemservice.se\/gotland\/#website"},"primaryImageOfPage":{"@id":"https:\/\/akkahemservice.se\/gotland\/priser\/#primaryimage"},"image":{"@id":"https:\/\/akkahemservice.se\/gotland\/priser\/#primaryimage"},"thumbnailUrl":"https:\/\/akkahemservice.se\/gotland\/wp-content\/uploads\/sites\/3\/2020\/01\/LM1A9564-1.jpg","datePublished":"2014-08-20T14:44:07+00:00","dateModified":"2026-04-30T16:51:04+00:00","breadcrumb":{"@id":"https:\/\/akkahemservice.se\/gotland\/priser\/#breadcrumb"},"inLanguage":"sv-SE","potentialAction":[{"@type":"ReadAction","target":["https:\/\/akkahemservice.se\/gotland\/priser\/"]}]},{"@type":"ImageObject","inLanguage":"sv-SE","@id":"https:\/\/akkahemservice.se\/gotland\/priser\/#primaryimage","url":"https:\/\/akkahemservice.se\/gotland\/wp-content\/uploads\/sites\/3\/2020\/01\/LM1A9564-1.jpg","contentUrl":"https:\/\/akkahemservice.se\/gotland\/wp-content\/uploads\/sites\/3\/2020\/01\/LM1A9564-1.jpg","width":2000,"height":840},{"@type":"BreadcrumbList","@id":"https:\/\/akkahemservice.se\/gotland\/priser\/#breadcrumb","itemListElement":[{"@type":"ListItem","position":1,"name":"Hem","item":"https:\/\/akkahemservice.se\/gotland\/"},{"@type":"ListItem","position":2,"name":"Priser"}]},{"@type":"WebSite","@id":"https:\/\/akkahemservice.se\/gotland\/#website","url":"https:\/\/akkahemservice.se\/gotland\/","name":"Akka Hemservice Gotland","description":"St\u00e4dning och f\u00f6nsterputs f\u00f6r privatpersoner och f\u00f6retag p\u00e5 Gotland.","potentialAction":[{"@type":"SearchAction","target":{"@type":"EntryPoint","urlTemplate":"https:\/\/akkahemservice.se\/gotland\/?s={search_term_string}"},"query-input":{"@type":"PropertyValueSpecification","valueRequired":true,"valueName":"search_term_string"}}],"inLanguage":"sv-SE"}]}},"_links":{"self":[{"href":"https:\/\/akkahemservice.se\/gotland\/wp-json\/wp\/v2\/pages\/83","targetHints":{"allow":["GET"]}}],"collection":[{"href":"https:\/\/akkahemservice.se\/gotland\/wp-json\/wp\/v2\/pages"}],"about":[{"href":"https:\/\/akkahemservice.se\/gotland\/wp-json\/wp\/v2\/types\/page"}],"author":[{"embeddable":true,"href":"https:\/\/akkahemservice.se\/gotland\/wp-json\/wp\/v2\/users\/1"}],"replies":[{"embeddable":true,"href":"https:\/\/akkahemservice.se\/gotland\/wp-json\/wp\/v2\/comments?post=83"}],"version-history":[{"count":68,"href":"https:\/\/akkahemservice.se\/gotland\/wp-json\/wp\/v2\/pages\/83\/revisions"}],"predecessor-version":[{"id":1116,"href":"https:\/\/akkahemservice.se\/gotland\/wp-json\/wp\/v2\/pages\/83\/revisions\/1116"}],"wp:attachment":[{"href":"https:\/\/akkahemservice.se\/gotland\/wp-json\/wp\/v2\/media?parent=83"}],"curies":[{"name":"wp","href":"https:\/\/api.w.org\/{rel}","templated":true}]}}