{"id":73,"date":"2014-08-20T15:39:09","date_gmt":"2014-08-20T13:39:09","guid":{"rendered":"http:\/\/akkagotland.se\/gotland\/?page_id=73"},"modified":"2025-11-11T18:16:14","modified_gmt":"2025-11-11T17:16:14","slug":"skatteavdrag-rut","status":"publish","type":"page","link":"https:\/\/akkahemservice.se\/gotland\/skatteavdrag-rut\/","title":{"rendered":"Skatteavdrag RUT"},"content":{"rendered":"<p><img loading=\"lazy\" decoding=\"async\" class=\"alignnone size-full wp-image-807\" src=\"https:\/\/akkahemservice.se\/gotland\/wp-content\/uploads\/sites\/3\/2020\/01\/LM1A9730.jpg\" alt=\"\" width=\"2000\" height=\"840\" srcset=\"https:\/\/akkahemservice.se\/gotland\/wp-content\/uploads\/sites\/3\/2020\/01\/LM1A9730.jpg 2000w, https:\/\/akkahemservice.se\/gotland\/wp-content\/uploads\/sites\/3\/2020\/01\/LM1A9730-300x126.jpg 300w, https:\/\/akkahemservice.se\/gotland\/wp-content\/uploads\/sites\/3\/2020\/01\/LM1A9730-768x323.jpg 768w, https:\/\/akkahemservice.se\/gotland\/wp-content\/uploads\/sites\/3\/2020\/01\/LM1A9730-1024x430.jpg 1024w\" sizes=\"auto, (max-width: 2000px) 100vw, 2000px\" \/><\/p>\n<p><strong>Kort information om RUT.<\/strong><\/p>\n<ul>\n<li>Till skillnad fr\u00e5n ROT s\u00e5 kan du anv\u00e4nda RUT p\u00e5 b\u00e5de bost\u00e4der som du \u00e4ger och som du hyr.<\/li>\n<li>RUT-avdraget \u00e4r fortfarande 50% av arbetskraftskostnaden.<\/li>\n<li>Du beh\u00f6ver inte vara skriven p\u00e5 adressen och du beh\u00f6ver inte \u00e4ga fastigheten.<\/li>\n<li>RUT- &#038; ROT-avdraget \u00e4r 75.000 kr \/ person och \u00e5r (ROT f\u00e5r max vara 50.000 kr).<\/li>\n<li>Du som kund \u00e4r ansvarig att se till att du har anv\u00e4ndbart RUT-avdrag att utnyttja.<\/li>\n<li>Kom ih\u00e5g att RUT \u00e4ven omfattar omsorgstj\u00e4nster som att f\u00e5 hj\u00e4lp att g\u00e5 och handla och ta en promenad.<\/li>\n<\/ul>\n<p>Nu g\u00e4ller RUT \u00e4ven f\u00f6r flyttj\u00e4nster.<\/p>\n<p>PS. Best\u00e4ller du tj\u00e4nster av oss vid \u00e5rets slut och ditt RUT-avdrag \u00e4r slut\u00a0s\u00e5 kan vi ge dig\u00a0f\u00f6rm\u00e5nligare betalningsvillkor.<\/p>\n<p>Anv\u00e4nd Skatteverkets e-tj\u00e4nst p\u00e5 deras hemsida f\u00f6r Rot och Rut \u2013 mina avdrag f\u00f6r att se hur mycket avdrag du har utnyttjat i \u00e5r och \u00e4ven tidigare \u00e5r.<br \/>\nAnv\u00e4nd ber\u00e4kningstj\u00e4nsten Uppskatta ditt rot- och rutavdrag om du vill du veta hur mycket rot- och rutavdrag du kan ha r\u00e4tt till.<\/p>\n<p><strong><a href=\"http:\/\/www.skatteverket.se\/privat\/skatter\/fastigheterbostad\/rotrutarbete.4.2e56d4ba1202f95012080002966.html\" target=\"_blank\" rel=\"noopener noreferrer\">Klicka h\u00e4r f\u00f6r att l\u00e4sa mer om RUT-avdraget p\u00e5 Skatteverkets webbplats.<\/a><\/strong><\/p>\n","protected":false},"excerpt":{"rendered":"<p>Kort information om RUT. Till skillnad fr\u00e5n ROT s\u00e5 kan du anv\u00e4nda RUT p\u00e5 b\u00e5de bost\u00e4der som du \u00e4ger och som du hyr. RUT-avdraget \u00e4r fortfarande 50% av arbetskraftskostnaden. Du beh\u00f6ver inte vara skriven p\u00e5 adressen och du beh\u00f6ver inte \u00e4ga fastigheten. RUT- &#038; ROT-avdraget \u00e4r 75.000 kr \/ person och \u00e5r (ROT f\u00e5r max [&hellip;]<\/p>\n","protected":false},"author":1,"featured_media":0,"parent":0,"menu_order":0,"comment_status":"closed","ping_status":"open","template":"","meta":{"footnotes":""},"class_list":["post-73","page","type-page","status-publish","hentry"],"yoast_head":"<!-- This site is optimized with the Yoast SEO plugin v26.9 - https:\/\/yoast.com\/product\/yoast-seo-wordpress\/ -->\n<title>Skatteavdrag RUT - Akka Hemservice Gotland<\/title>\n<meta name=\"robots\" content=\"index, follow, max-snippet:-1, max-image-preview:large, max-video-preview:-1\" \/>\n<link rel=\"canonical\" href=\"https:\/\/akkahemservice.se\/gotland\/skatteavdrag-rut\/\" \/>\n<meta property=\"og:locale\" content=\"sv_SE\" \/>\n<meta property=\"og:type\" content=\"article\" \/>\n<meta property=\"og:title\" content=\"Skatteavdrag RUT - Akka Hemservice Gotland\" \/>\n<meta property=\"og:description\" content=\"Kort information om RUT. Till skillnad fr\u00e5n ROT s\u00e5 kan du anv\u00e4nda RUT p\u00e5 b\u00e5de bost\u00e4der som du \u00e4ger och som du hyr. RUT-avdraget \u00e4r fortfarande 50% av arbetskraftskostnaden. Du beh\u00f6ver inte vara skriven p\u00e5 adressen och du beh\u00f6ver inte \u00e4ga fastigheten. RUT- &#038; ROT-avdraget \u00e4r 75.000 kr \/ person och \u00e5r (ROT f\u00e5r max [&hellip;]\" \/>\n<meta property=\"og:url\" content=\"https:\/\/akkahemservice.se\/gotland\/skatteavdrag-rut\/\" \/>\n<meta property=\"og:site_name\" content=\"Akka Hemservice Gotland\" \/>\n<meta property=\"article:modified_time\" content=\"2025-11-11T17:16:14+00:00\" \/>\n<meta property=\"og:image\" content=\"https:\/\/akkahemservice.se\/gotland\/wp-content\/uploads\/sites\/3\/2020\/01\/LM1A9730.jpg\" \/>\n\t<meta property=\"og:image:width\" content=\"2000\" \/>\n\t<meta property=\"og:image:height\" content=\"840\" \/>\n\t<meta property=\"og:image:type\" content=\"image\/jpeg\" \/>\n<meta name=\"twitter:label1\" content=\"Ber\u00e4knad l\u00e4stid\" \/>\n\t<meta name=\"twitter:data1\" content=\"2 minuter\" \/>\n<script type=\"application\/ld+json\" class=\"yoast-schema-graph\">{\"@context\":\"https:\/\/schema.org\",\"@graph\":[{\"@type\":\"WebPage\",\"@id\":\"https:\/\/akkahemservice.se\/gotland\/skatteavdrag-rut\/\",\"url\":\"https:\/\/akkahemservice.se\/gotland\/skatteavdrag-rut\/\",\"name\":\"Skatteavdrag RUT - Akka Hemservice Gotland\",\"isPartOf\":{\"@id\":\"https:\/\/akkahemservice.se\/gotland\/#website\"},\"primaryImageOfPage\":{\"@id\":\"https:\/\/akkahemservice.se\/gotland\/skatteavdrag-rut\/#primaryimage\"},\"image\":{\"@id\":\"https:\/\/akkahemservice.se\/gotland\/skatteavdrag-rut\/#primaryimage\"},\"thumbnailUrl\":\"https:\/\/akkahemservice.se\/gotland\/wp-content\/uploads\/sites\/3\/2020\/01\/LM1A9730.jpg\",\"datePublished\":\"2014-08-20T13:39:09+00:00\",\"dateModified\":\"2025-11-11T17:16:14+00:00\",\"breadcrumb\":{\"@id\":\"https:\/\/akkahemservice.se\/gotland\/skatteavdrag-rut\/#breadcrumb\"},\"inLanguage\":\"sv-SE\",\"potentialAction\":[{\"@type\":\"ReadAction\",\"target\":[\"https:\/\/akkahemservice.se\/gotland\/skatteavdrag-rut\/\"]}]},{\"@type\":\"ImageObject\",\"inLanguage\":\"sv-SE\",\"@id\":\"https:\/\/akkahemservice.se\/gotland\/skatteavdrag-rut\/#primaryimage\",\"url\":\"https:\/\/akkahemservice.se\/gotland\/wp-content\/uploads\/sites\/3\/2020\/01\/LM1A9730.jpg\",\"contentUrl\":\"https:\/\/akkahemservice.se\/gotland\/wp-content\/uploads\/sites\/3\/2020\/01\/LM1A9730.jpg\",\"width\":2000,\"height\":840},{\"@type\":\"BreadcrumbList\",\"@id\":\"https:\/\/akkahemservice.se\/gotland\/skatteavdrag-rut\/#breadcrumb\",\"itemListElement\":[{\"@type\":\"ListItem\",\"position\":1,\"name\":\"Hem\",\"item\":\"https:\/\/akkahemservice.se\/gotland\/\"},{\"@type\":\"ListItem\",\"position\":2,\"name\":\"Skatteavdrag RUT\"}]},{\"@type\":\"WebSite\",\"@id\":\"https:\/\/akkahemservice.se\/gotland\/#website\",\"url\":\"https:\/\/akkahemservice.se\/gotland\/\",\"name\":\"Akka Hemservice Gotland\",\"description\":\"St\u00e4dning och f\u00f6nsterputs f\u00f6r privatpersoner och f\u00f6retag p\u00e5 Gotland.\",\"potentialAction\":[{\"@type\":\"SearchAction\",\"target\":{\"@type\":\"EntryPoint\",\"urlTemplate\":\"https:\/\/akkahemservice.se\/gotland\/?s={search_term_string}\"},\"query-input\":{\"@type\":\"PropertyValueSpecification\",\"valueRequired\":true,\"valueName\":\"search_term_string\"}}],\"inLanguage\":\"sv-SE\"}]}<\/script>\n<!-- \/ Yoast SEO plugin. -->","yoast_head_json":{"title":"Skatteavdrag RUT - Akka Hemservice Gotland","robots":{"index":"index","follow":"follow","max-snippet":"max-snippet:-1","max-image-preview":"max-image-preview:large","max-video-preview":"max-video-preview:-1"},"canonical":"https:\/\/akkahemservice.se\/gotland\/skatteavdrag-rut\/","og_locale":"sv_SE","og_type":"article","og_title":"Skatteavdrag RUT - Akka Hemservice Gotland","og_description":"Kort information om RUT. Till skillnad fr\u00e5n ROT s\u00e5 kan du anv\u00e4nda RUT p\u00e5 b\u00e5de bost\u00e4der som du \u00e4ger och som du hyr. RUT-avdraget \u00e4r fortfarande 50% av arbetskraftskostnaden. Du beh\u00f6ver inte vara skriven p\u00e5 adressen och du beh\u00f6ver inte \u00e4ga fastigheten. RUT- &#038; ROT-avdraget \u00e4r 75.000 kr \/ person och \u00e5r (ROT f\u00e5r max [&hellip;]","og_url":"https:\/\/akkahemservice.se\/gotland\/skatteavdrag-rut\/","og_site_name":"Akka Hemservice Gotland","article_modified_time":"2025-11-11T17:16:14+00:00","og_image":[{"width":2000,"height":840,"url":"https:\/\/akkahemservice.se\/gotland\/wp-content\/uploads\/sites\/3\/2020\/01\/LM1A9730.jpg","type":"image\/jpeg"}],"twitter_misc":{"Ber\u00e4knad l\u00e4stid":"2 minuter"},"schema":{"@context":"https:\/\/schema.org","@graph":[{"@type":"WebPage","@id":"https:\/\/akkahemservice.se\/gotland\/skatteavdrag-rut\/","url":"https:\/\/akkahemservice.se\/gotland\/skatteavdrag-rut\/","name":"Skatteavdrag RUT - Akka Hemservice Gotland","isPartOf":{"@id":"https:\/\/akkahemservice.se\/gotland\/#website"},"primaryImageOfPage":{"@id":"https:\/\/akkahemservice.se\/gotland\/skatteavdrag-rut\/#primaryimage"},"image":{"@id":"https:\/\/akkahemservice.se\/gotland\/skatteavdrag-rut\/#primaryimage"},"thumbnailUrl":"https:\/\/akkahemservice.se\/gotland\/wp-content\/uploads\/sites\/3\/2020\/01\/LM1A9730.jpg","datePublished":"2014-08-20T13:39:09+00:00","dateModified":"2025-11-11T17:16:14+00:00","breadcrumb":{"@id":"https:\/\/akkahemservice.se\/gotland\/skatteavdrag-rut\/#breadcrumb"},"inLanguage":"sv-SE","potentialAction":[{"@type":"ReadAction","target":["https:\/\/akkahemservice.se\/gotland\/skatteavdrag-rut\/"]}]},{"@type":"ImageObject","inLanguage":"sv-SE","@id":"https:\/\/akkahemservice.se\/gotland\/skatteavdrag-rut\/#primaryimage","url":"https:\/\/akkahemservice.se\/gotland\/wp-content\/uploads\/sites\/3\/2020\/01\/LM1A9730.jpg","contentUrl":"https:\/\/akkahemservice.se\/gotland\/wp-content\/uploads\/sites\/3\/2020\/01\/LM1A9730.jpg","width":2000,"height":840},{"@type":"BreadcrumbList","@id":"https:\/\/akkahemservice.se\/gotland\/skatteavdrag-rut\/#breadcrumb","itemListElement":[{"@type":"ListItem","position":1,"name":"Hem","item":"https:\/\/akkahemservice.se\/gotland\/"},{"@type":"ListItem","position":2,"name":"Skatteavdrag RUT"}]},{"@type":"WebSite","@id":"https:\/\/akkahemservice.se\/gotland\/#website","url":"https:\/\/akkahemservice.se\/gotland\/","name":"Akka Hemservice Gotland","description":"St\u00e4dning och f\u00f6nsterputs f\u00f6r privatpersoner och f\u00f6retag p\u00e5 Gotland.","potentialAction":[{"@type":"SearchAction","target":{"@type":"EntryPoint","urlTemplate":"https:\/\/akkahemservice.se\/gotland\/?s={search_term_string}"},"query-input":{"@type":"PropertyValueSpecification","valueRequired":true,"valueName":"search_term_string"}}],"inLanguage":"sv-SE"}]}},"_links":{"self":[{"href":"https:\/\/akkahemservice.se\/gotland\/wp-json\/wp\/v2\/pages\/73","targetHints":{"allow":["GET"]}}],"collection":[{"href":"https:\/\/akkahemservice.se\/gotland\/wp-json\/wp\/v2\/pages"}],"about":[{"href":"https:\/\/akkahemservice.se\/gotland\/wp-json\/wp\/v2\/types\/page"}],"author":[{"embeddable":true,"href":"https:\/\/akkahemservice.se\/gotland\/wp-json\/wp\/v2\/users\/1"}],"replies":[{"embeddable":true,"href":"https:\/\/akkahemservice.se\/gotland\/wp-json\/wp\/v2\/comments?post=73"}],"version-history":[{"count":14,"href":"https:\/\/akkahemservice.se\/gotland\/wp-json\/wp\/v2\/pages\/73\/revisions"}],"predecessor-version":[{"id":1068,"href":"https:\/\/akkahemservice.se\/gotland\/wp-json\/wp\/v2\/pages\/73\/revisions\/1068"}],"wp:attachment":[{"href":"https:\/\/akkahemservice.se\/gotland\/wp-json\/wp\/v2\/media?parent=73"}],"curies":[{"name":"wp","href":"https:\/\/api.w.org\/{rel}","templated":true}]}}