{"id":381,"date":"2017-01-23T12:21:26","date_gmt":"2017-01-23T11:21:26","guid":{"rendered":"https:\/\/akkahemservice.se\/gotland\/?page_id=381"},"modified":"2025-11-11T18:16:26","modified_gmt":"2025-11-11T17:16:26","slug":"villkor","status":"publish","type":"page","link":"https:\/\/akkahemservice.se\/gotland\/villkor\/","title":{"rendered":"Villkor"},"content":{"rendered":"<ol>\n<li>\n<h3><span class=\"s1\">Avbokning som sker senare \u00e4n\u00a048 timmar f\u00f6re uppdraget debiteras med 50%.<br \/>\n<\/span><span class=\"s1\">Avbokning samma dag debiteras 100%.<\/span><\/h3>\n<\/li>\n<li class=\"p1\">\n<h3><span class=\"s1\">Om uppdraget kan ombokas till annan dag inom en arbetsvecka utg\u00e5r ingen extra debitering.<\/span><\/h3>\n<\/li>\n<li class=\"p1\">\n<h3><span class=\"s1\">Information om av-\/ombokning ska ske till Akkas kontor antingen\u00a0via mail eller telefon.\u00a0<\/span><\/h3>\n<\/li>\n<li class=\"p1\">\n<h3><span class=\"s1\">Betalningsvillkor \u00e4r\u00a0om inget annat anges, 12 dagar. Det \u00e4r kundens ansvar att h\u00e5lla reda p\u00e5 om han\/hon har r\u00e4tt till RUT-avdrag och att det r\u00e4cker. Om Skatteverket avvisar ans\u00f6kan om RUT, \u00e4r kunden betalningsansvarig f\u00f6r resterande belopp.<\/span><\/h3>\n<\/li>\n<li class=\"p1\">\n<h3><span class=\"s1\">Akka har sakf\u00f6rs\u00e4kring och personalen \u00e4r ansvarsf\u00f6rs\u00e4krade. Ansvaret gentemot tredje man begr\u00e4nsas av vad som medges av Akkas f\u00f6rs\u00e4kringsbolag (Trygg Hansa).<\/span><\/h3>\n<\/li>\n<li class=\"p1\">\n<h3><span class=\"s1\">Reklamation och skadeanm\u00e4lan ska g\u00f6ras skriftligt och vara Akka tillhanda senast 4<\/span><span class=\"s1\">8 timmar efter st\u00e4dtillf\u00e4llet.<\/span><\/h3>\n<\/li>\n<\/ol>\n<p><span style=\"color: #ff6600;\">Fullst\u00e4ndiga villkor skickas i separat mail p\u00e5 anmaning och vid start av abonnemang.<\/span><\/p>\n","protected":false},"excerpt":{"rendered":"<p>Avbokning som sker senare \u00e4n\u00a048 timmar f\u00f6re uppdraget debiteras med 50%. Avbokning samma dag debiteras 100%. Om uppdraget kan ombokas till annan dag inom en arbetsvecka utg\u00e5r ingen extra debitering. Information om av-\/ombokning ska ske till Akkas kontor antingen\u00a0via mail eller telefon.\u00a0 Betalningsvillkor \u00e4r\u00a0om inget annat anges, 12 dagar. Det \u00e4r kundens ansvar att h\u00e5lla [&hellip;]<\/p>\n","protected":false},"author":1,"featured_media":0,"parent":0,"menu_order":0,"comment_status":"closed","ping_status":"closed","template":"","meta":{"footnotes":""},"class_list":["post-381","page","type-page","status-publish","hentry"],"yoast_head":"<!-- This site is optimized with the Yoast SEO plugin v26.9 - https:\/\/yoast.com\/product\/yoast-seo-wordpress\/ -->\n<title>Villkor - Akka Hemservice Gotland<\/title>\n<meta name=\"robots\" content=\"index, follow, max-snippet:-1, max-image-preview:large, max-video-preview:-1\" \/>\n<link rel=\"canonical\" href=\"https:\/\/akkahemservice.se\/gotland\/villkor\/\" \/>\n<meta property=\"og:locale\" content=\"sv_SE\" \/>\n<meta property=\"og:type\" content=\"article\" \/>\n<meta property=\"og:title\" content=\"Villkor - Akka Hemservice Gotland\" \/>\n<meta property=\"og:description\" content=\"Avbokning som sker senare \u00e4n\u00a048 timmar f\u00f6re uppdraget debiteras med 50%. Avbokning samma dag debiteras 100%. Om uppdraget kan ombokas till annan dag inom en arbetsvecka utg\u00e5r ingen extra debitering. Information om av-\/ombokning ska ske till Akkas kontor antingen\u00a0via mail eller telefon.\u00a0 Betalningsvillkor \u00e4r\u00a0om inget annat anges, 12 dagar. Det \u00e4r kundens ansvar att h\u00e5lla [&hellip;]\" \/>\n<meta property=\"og:url\" content=\"https:\/\/akkahemservice.se\/gotland\/villkor\/\" \/>\n<meta property=\"og:site_name\" content=\"Akka Hemservice Gotland\" \/>\n<meta property=\"article:modified_time\" content=\"2025-11-11T17:16:26+00:00\" \/>\n<meta name=\"twitter:label1\" content=\"Ber\u00e4knad l\u00e4stid\" \/>\n\t<meta name=\"twitter:data1\" content=\"1 minut\" \/>\n<script type=\"application\/ld+json\" class=\"yoast-schema-graph\">{\"@context\":\"https:\/\/schema.org\",\"@graph\":[{\"@type\":\"WebPage\",\"@id\":\"https:\/\/akkahemservice.se\/gotland\/villkor\/\",\"url\":\"https:\/\/akkahemservice.se\/gotland\/villkor\/\",\"name\":\"Villkor - Akka Hemservice Gotland\",\"isPartOf\":{\"@id\":\"https:\/\/akkahemservice.se\/gotland\/#website\"},\"datePublished\":\"2017-01-23T11:21:26+00:00\",\"dateModified\":\"2025-11-11T17:16:26+00:00\",\"breadcrumb\":{\"@id\":\"https:\/\/akkahemservice.se\/gotland\/villkor\/#breadcrumb\"},\"inLanguage\":\"sv-SE\",\"potentialAction\":[{\"@type\":\"ReadAction\",\"target\":[\"https:\/\/akkahemservice.se\/gotland\/villkor\/\"]}]},{\"@type\":\"BreadcrumbList\",\"@id\":\"https:\/\/akkahemservice.se\/gotland\/villkor\/#breadcrumb\",\"itemListElement\":[{\"@type\":\"ListItem\",\"position\":1,\"name\":\"Hem\",\"item\":\"https:\/\/akkahemservice.se\/gotland\/\"},{\"@type\":\"ListItem\",\"position\":2,\"name\":\"Villkor\"}]},{\"@type\":\"WebSite\",\"@id\":\"https:\/\/akkahemservice.se\/gotland\/#website\",\"url\":\"https:\/\/akkahemservice.se\/gotland\/\",\"name\":\"Akka Hemservice Gotland\",\"description\":\"St\u00e4dning och f\u00f6nsterputs f\u00f6r privatpersoner och f\u00f6retag p\u00e5 Gotland.\",\"potentialAction\":[{\"@type\":\"SearchAction\",\"target\":{\"@type\":\"EntryPoint\",\"urlTemplate\":\"https:\/\/akkahemservice.se\/gotland\/?s={search_term_string}\"},\"query-input\":{\"@type\":\"PropertyValueSpecification\",\"valueRequired\":true,\"valueName\":\"search_term_string\"}}],\"inLanguage\":\"sv-SE\"}]}<\/script>\n<!-- \/ Yoast SEO plugin. -->","yoast_head_json":{"title":"Villkor - Akka Hemservice Gotland","robots":{"index":"index","follow":"follow","max-snippet":"max-snippet:-1","max-image-preview":"max-image-preview:large","max-video-preview":"max-video-preview:-1"},"canonical":"https:\/\/akkahemservice.se\/gotland\/villkor\/","og_locale":"sv_SE","og_type":"article","og_title":"Villkor - Akka Hemservice Gotland","og_description":"Avbokning som sker senare \u00e4n\u00a048 timmar f\u00f6re uppdraget debiteras med 50%. Avbokning samma dag debiteras 100%. Om uppdraget kan ombokas till annan dag inom en arbetsvecka utg\u00e5r ingen extra debitering. Information om av-\/ombokning ska ske till Akkas kontor antingen\u00a0via mail eller telefon.\u00a0 Betalningsvillkor \u00e4r\u00a0om inget annat anges, 12 dagar. Det \u00e4r kundens ansvar att h\u00e5lla [&hellip;]","og_url":"https:\/\/akkahemservice.se\/gotland\/villkor\/","og_site_name":"Akka Hemservice Gotland","article_modified_time":"2025-11-11T17:16:26+00:00","twitter_misc":{"Ber\u00e4knad l\u00e4stid":"1 minut"},"schema":{"@context":"https:\/\/schema.org","@graph":[{"@type":"WebPage","@id":"https:\/\/akkahemservice.se\/gotland\/villkor\/","url":"https:\/\/akkahemservice.se\/gotland\/villkor\/","name":"Villkor - Akka Hemservice Gotland","isPartOf":{"@id":"https:\/\/akkahemservice.se\/gotland\/#website"},"datePublished":"2017-01-23T11:21:26+00:00","dateModified":"2025-11-11T17:16:26+00:00","breadcrumb":{"@id":"https:\/\/akkahemservice.se\/gotland\/villkor\/#breadcrumb"},"inLanguage":"sv-SE","potentialAction":[{"@type":"ReadAction","target":["https:\/\/akkahemservice.se\/gotland\/villkor\/"]}]},{"@type":"BreadcrumbList","@id":"https:\/\/akkahemservice.se\/gotland\/villkor\/#breadcrumb","itemListElement":[{"@type":"ListItem","position":1,"name":"Hem","item":"https:\/\/akkahemservice.se\/gotland\/"},{"@type":"ListItem","position":2,"name":"Villkor"}]},{"@type":"WebSite","@id":"https:\/\/akkahemservice.se\/gotland\/#website","url":"https:\/\/akkahemservice.se\/gotland\/","name":"Akka Hemservice Gotland","description":"St\u00e4dning och f\u00f6nsterputs f\u00f6r privatpersoner och f\u00f6retag p\u00e5 Gotland.","potentialAction":[{"@type":"SearchAction","target":{"@type":"EntryPoint","urlTemplate":"https:\/\/akkahemservice.se\/gotland\/?s={search_term_string}"},"query-input":{"@type":"PropertyValueSpecification","valueRequired":true,"valueName":"search_term_string"}}],"inLanguage":"sv-SE"}]}},"_links":{"self":[{"href":"https:\/\/akkahemservice.se\/gotland\/wp-json\/wp\/v2\/pages\/381","targetHints":{"allow":["GET"]}}],"collection":[{"href":"https:\/\/akkahemservice.se\/gotland\/wp-json\/wp\/v2\/pages"}],"about":[{"href":"https:\/\/akkahemservice.se\/gotland\/wp-json\/wp\/v2\/types\/page"}],"author":[{"embeddable":true,"href":"https:\/\/akkahemservice.se\/gotland\/wp-json\/wp\/v2\/users\/1"}],"replies":[{"embeddable":true,"href":"https:\/\/akkahemservice.se\/gotland\/wp-json\/wp\/v2\/comments?post=381"}],"version-history":[{"count":22,"href":"https:\/\/akkahemservice.se\/gotland\/wp-json\/wp\/v2\/pages\/381\/revisions"}],"predecessor-version":[{"id":409,"href":"https:\/\/akkahemservice.se\/gotland\/wp-json\/wp\/v2\/pages\/381\/revisions\/409"}],"wp:attachment":[{"href":"https:\/\/akkahemservice.se\/gotland\/wp-json\/wp\/v2\/media?parent=381"}],"curies":[{"name":"wp","href":"https:\/\/api.w.org\/{rel}","templated":true}]}}