{"id":341,"date":"2017-01-04T08:57:26","date_gmt":"2017-01-04T07:57:26","guid":{"rendered":"https:\/\/akkahemservice.se\/gotland\/?page_id=341"},"modified":"2025-11-11T18:16:15","modified_gmt":"2025-11-11T17:16:15","slug":"skatteavdrag-rut-2017","status":"publish","type":"page","link":"https:\/\/akkahemservice.se\/gotland\/skatteavdrag-rut-2017\/","title":{"rendered":"Skatteavdrag RUT &#8211; 2017"},"content":{"rendered":"<p>Du kan f\u00e5 g\u00f6ra avdrag fr\u00e5n din skatt f\u00f6r arbetskostnaden \u00e4ven n\u00e4r du anlitar n\u00e5gon f\u00f6r hush\u00e5llsn\u00e4ra tj\u00e4nster, inklusive flyttj\u00e4nster, reparation och underh\u00e5ll av vitvaror och IT-utrustning, s\u00e5 kallat rutavdrag. Material och resekostnader ger d\u00e4remot inte r\u00e4tt till rutavdrag.<\/p>\n<p>Fr\u00e5n och med den 1 januari 2017 ger fler typer av tj\u00e4nster m\u00f6jlighet till rutavdrag. D\u00e5 omfattas \u00e4ven reparation och underh\u00e5ll av vitvaror i hemmet. De nya rutreglerna g\u00e4ller f\u00f6r arbeten som utf\u00f6rs och betalas fr\u00e5n och med den 1 januari. De tj\u00e4nster som omfattas \u00e4r reparation och underh\u00e5ll\u00a0\u00e4r f\u00f6ljande.<\/p>\n<div class=\"\">\n<div class=\"\" dir=\"ltr\">\n<div class=\"\">\n<div id=\"gmail-svid10_18e1b10334ebe8bc8000119365\" class=\"\">\n<div id=\"gmail-svid94_361dc8c15312eff6fd377e3\" class=\"gmail-pagecontent gmail-sv-layout\">\n<div id=\"gmail-svid12_361dc8c15312eff6fd377e6\" class=\"gmail-sv-use-margins gmail-sv-text-portlet\">\n<div class=\"gmail-sv-text-portlet-content\">\n<ul class=\"gmail-normal\">\n<li class=\"\">Tv\u00e4ttmaskin, torktumlare, torksk\u00e5p, mangel<\/li>\n<li class=\"\">Kyl, frys, diskmaskin<\/li>\n<li class=\"\">Spis, spish\u00e4ll, ugn, mikrov\u00e5gsugn<\/li>\n<li class=\"\">K\u00f6ksfl\u00e4kt, spisk\u00e5pa<\/li>\n<\/ul>\n<\/div>\n<\/div>\n<\/div>\n<\/div>\n<\/div>\n<\/div>\n<\/div>\n<h1>S\u00e5 h\u00e4r fungerar rutavdraget<\/h1>\n<p>Du som k\u00f6per rot- eller ruttj\u00e4nster ans\u00f6ker inte sj\u00e4lv om rot- eller rutavdraget. Det g\u00f6r den som utf\u00f6rt arbetet. Utf\u00f6raren drar av en del av arbetskostnaden p\u00e5 fakturan till dig. N\u00e4r du sedan har betalat beg\u00e4r utf\u00f6raren utbetalning fr\u00e5n Skatteverket. Om Skatteverket beviljar utbetalning till utf\u00f6raren f\u00f6rifylls beloppet i din inkomstdeklaration.<\/p>\n<p>Rot- och rutavdraget r\u00e4knas ihop och \u00e4r sammanlagt max 50 000 kronor per person och \u00e5r. Det \u00e4r 50 procent av arbetskostnaden som ger r\u00e4tt till rutavdrag. Kostnader f\u00f6r material, utrustning, resor eller administration i samband med arbetet ger allts\u00e5 inte r\u00e4tt till avdrag.\u00a0Om du kan ta del av avdraget eller inte beror p\u00e5 hur mycket skatt du har betalat in under \u00e5ret och vilka andra avdrag du gjort.<\/p>\n<p>PS. Best\u00e4ller du tj\u00e4nster av oss vid \u00e5rets slut och ditt RUT-avdrag \u00e4r slut\u00a0s\u00e5 kan vi ge dig\u00a0f\u00f6rm\u00e5nligare betalningsvillkor.<\/p>\n<h1>Exempel p\u00e5 rutarbete<\/h1>\n<p>Klicka p\u00e5 kategorierna s\u00e5 kommer du till sidor hos Skatteverket med sammanst\u00e4llningar av exempel p\u00e5 arbeten som ger r\u00e4tt respektive inte r\u00e4tt till rutavdrag.<\/p>\n<ul>\n<li><a class=\"normal\" title=\"\" href=\"http:\/\/www.skatteverket.se\/privat\/fastigheterochbostad\/rotochrutarbete\/exempelparutarbete.106.5c1163881590be297b53de7.html#Barnpassning\">Barnpassning<\/a><\/li>\n<li><a class=\"normal\" title=\"\" href=\"http:\/\/www.skatteverket.se\/privat\/fastigheterochbostad\/rotochrutarbete\/exempelparutarbete.106.5c1163881590be297b53de7.html#DataochITutrustning\">Data- och IT-utrustning<\/a><\/li>\n<li><a class=\"normal\" title=\"\" href=\"http:\/\/www.skatteverket.se\/privat\/fastigheterochbostad\/rotochrutarbete\/exempelparutarbete.106.5c1163881590be297b53de7.html#Flyttjanster\">Flyttj\u00e4nster<\/a><\/li>\n<li><a class=\"normal\" title=\"\" href=\"http:\/\/www.skatteverket.se\/privat\/fastigheterochbostad\/rotochrutarbete\/exempelparutarbete.106.5c1163881590be297b53de7.html#Kladochtextilvard\">Kl\u00e4d-och textilv\u00e5rd<\/a><\/li>\n<li><a class=\"normal\" title=\"\" href=\"http:\/\/www.skatteverket.se\/privat\/fastigheterochbostad\/rotochrutarbete\/exempelparutarbete.106.5c1163881590be297b53de7.html#Personlighjalpochomsorg\">Personlig hj\u00e4lp och omsorg<\/a><\/li>\n<li><a class=\"normal\" title=\"\" href=\"http:\/\/www.skatteverket.se\/privat\/fastigheterochbostad\/rotochrutarbete\/exempelparutarbete.106.5c1163881590be297b53de7.html#Reparationavvitvaror\">Reparation av vitvaror<\/a><\/li>\n<li><a class=\"normal\" title=\"\" href=\"http:\/\/www.skatteverket.se\/privat\/fastigheterochbostad\/rotochrutarbete\/exempelparutarbete.106.5c1163881590be297b53de7.html#Snoskottning\">Sn\u00f6skottning<\/a><\/li>\n<li><a class=\"normal\" title=\"\" href=\"http:\/\/www.skatteverket.se\/privat\/fastigheterochbostad\/rotochrutarbete\/exempelparutarbete.106.5c1163881590be297b53de7.html#Stadning\">St\u00e4dning<\/a><\/li>\n<li><a class=\"normal\" title=\"\" href=\"http:\/\/www.skatteverket.se\/privat\/fastigheterochbostad\/rotochrutarbete\/exempelparutarbete.106.5c1163881590be297b53de7.html#Tradgardsarbete\">Tr\u00e4dg\u00e5rdsarbete<\/a><\/li>\n<\/ul>\n<h1>Krav p\u00e5 din bostad<\/h1>\n<p>F\u00f6r att du ska kunna f\u00e5 rot- eller rutavdrag m\u00e5ste arbetet vara utf\u00f6rt i eller i n\u00e4ra anslutning till din bostad. Du kan f\u00e5 rot- eller rutavdrag f\u00f6r dina f\u00f6r\u00e4ldrars bostad. \u00c4ven de som bor i hyresr\u00e4tt\u00a0har r\u00e4tt till rutavdrag, ocks\u00e5 p\u00e5 maskiner som hyreshus\u00e4garen \u00e4ger s\u00e5 l\u00e4nge hyresg\u00e4sten sj\u00e4lv har betalat reparationen.\u00a0Vad som r\u00e4knas som bostad skiljer sig \u00e5t f\u00f6r rot- och rutarbeten. H\u00e4r nedan kan du l\u00e4sa om de olika kriterierna hos Skatteverket.<\/p>\n<div id=\"svid10_3f4496fd14864cc5ac910a54\" class=\"sv-row sv-layout\">\n<div id=\"svid10_3f4496fd14864cc5ac910a96\" class=\"sv-layout sv-skip-spacer sv-column-10\">\n<div id=\"svid94_3810a01c150939e893f298a\" class=\"pagecontent sv-layout\">\n<div id=\"svid12_3810a01c150939e893f2990\" class=\"sv-toc-portlet sv-portlet\">\n<ul>\n<li><a class=\"normal\" title=\"\" href=\"http:\/\/www.skatteverket.se\/privat\/fastigheterochbostad\/rotochrutarbete\/villkorforattfarotavdrag\/kravpadinbostad.4.353fa3f313ec5f91b956b.html#h-Bostadrotochrutarbete\">Bostad \u2013 rot- och rutarbete<\/a><\/li>\n<li><a class=\"normal\" title=\"\" href=\"http:\/\/www.skatteverket.se\/privat\/fastigheterochbostad\/rotochrutarbete\/villkorforattfarotavdrag\/kravpadinbostad.4.353fa3f313ec5f91b956b.html#h-Bostadsarskiltvidrotarbete\">Bostad \u2013 s\u00e4rskilt vid rotarbete<\/a><\/li>\n<li><a class=\"normal\" title=\"\" href=\"http:\/\/www.skatteverket.se\/privat\/fastigheterochbostad\/rotochrutarbete\/villkorforattfarotavdrag\/kravpadinbostad.4.353fa3f313ec5f91b956b.html#h-Hotellpensionatochvandrarhem\">Hotell, pensionat och vandrarhem<\/a><\/li>\n<li><a class=\"normal\" title=\"\" href=\"http:\/\/www.skatteverket.se\/privat\/fastigheterochbostad\/rotochrutarbete\/villkorforattfarotavdrag\/kravpadinbostad.4.353fa3f313ec5f91b956b.html#h-Arbeteiforaldrarsbostad\">Arbete i f\u00f6r\u00e4ldrars bostad<\/a><\/li>\n<li><a class=\"normal\" title=\"\" href=\"http:\/\/www.skatteverket.se\/privat\/fastigheterochbostad\/rotochrutarbete\/villkorforattfarotavdrag\/kravpadinbostad.4.353fa3f313ec5f91b956b.html#h-Arbeteibarnsbostad\">Arbete i barns bostad<\/a><\/li>\n<li><a class=\"normal\" title=\"\" href=\"http:\/\/www.skatteverket.se\/privat\/fastigheterochbostad\/rotochrutarbete\/villkorforattfarotavdrag\/kravpadinbostad.4.353fa3f313ec5f91b956b.html#h-Uthyrdbostad\">Uthyrd bostad<\/a><\/li>\n<li><a class=\"normal\" title=\"\" href=\"http:\/\/www.skatteverket.se\/privat\/fastigheterochbostad\/rotochrutarbete\/villkorforattfarotavdrag\/kravpadinbostad.4.353fa3f313ec5f91b956b.html#h-Nykoptbostad\">Nyk\u00f6pt bostad<\/a><\/li>\n<li><a class=\"normal\" title=\"\" href=\"http:\/\/www.skatteverket.se\/privat\/fastigheterochbostad\/rotochrutarbete\/villkorforattfarotavdrag\/kravpadinbostad.4.353fa3f313ec5f91b956b.html#h-Villkorforsmahussmahuspaofrigrundlantbruksenhetbostadsratter\">Villkor f\u00f6r sm\u00e5hus, sm\u00e5hus p\u00e5 ofri grund, lantbruksenhet, bostadsr\u00e4tter<\/a><\/li>\n<li><a class=\"normal\" title=\"\" href=\"http:\/\/www.skatteverket.se\/privat\/fastigheterochbostad\/rotochrutarbete\/villkorforattfarotavdrag\/kravpadinbostad.4.353fa3f313ec5f91b956b.html#h-Sarskiltomsmahus\">S\u00e4rskilt om sm\u00e5hus<\/a><\/li>\n<li><a class=\"normal\" title=\"\" href=\"http:\/\/www.skatteverket.se\/privat\/fastigheterochbostad\/rotochrutarbete\/villkorforattfarotavdrag\/kravpadinbostad.4.353fa3f313ec5f91b956b.html#h-Sarskiltombostadsratter\">S\u00e4rskilt om bostadsr\u00e4tter<\/a><\/li>\n<li><a class=\"normal\" title=\"\" href=\"http:\/\/www.skatteverket.se\/privat\/fastigheterochbostad\/rotochrutarbete\/villkorforattfarotavdrag\/kravpadinbostad.4.353fa3f313ec5f91b956b.html#h-Overlataenfastighetgenomgava\">\u00d6verl\u00e5ta en fastighet genom g\u00e5va<\/a><\/li>\n<li><a class=\"normal\" title=\"\" href=\"http:\/\/www.skatteverket.se\/privat\/fastigheterochbostad\/rotochrutarbete\/villkorforattfarotavdrag\/kravpadinbostad.4.353fa3f313ec5f91b956b.html#h-Doldaganderatt\">Dold \u00e4gander\u00e4tt<\/a><\/li>\n<\/ul>\n<\/div>\n<\/div>\n<h1 class=\"sv-html-portlet sv-portlet sv-skip-spacer\">Hur mycket kan jag f\u00e5 i rutavdrag?<\/h1>\n<p><a href=\"http:\/\/www.skatteverket.se\/privat\/fastigheterochbostad\/rotochrutarbete\/uppskattadittrotochrutavdrag.4.d5e04db14b6fef2c8698ac.html\">Skatteverkets utr\u00e4kning av rutavdrag.<\/a><\/p>\n<h1 class=\"sv-html-portlet sv-portlet sv-skip-spacer\">Mer information hittar du hos Skatteverket<\/h1>\n<p><a href=\"http:\/\/www.skatteverket.se\/privat\/fastigheterochbostad\/rotochrutarbete.4.2e56d4ba1202f95012080002966.html\">Skatteverkets\u00a0sida om rutavdrag.<\/a><\/p>\n<\/div>\n<\/div>\n","protected":false},"excerpt":{"rendered":"<p>Du kan f\u00e5 g\u00f6ra avdrag fr\u00e5n din skatt f\u00f6r arbetskostnaden \u00e4ven n\u00e4r du anlitar n\u00e5gon f\u00f6r hush\u00e5llsn\u00e4ra tj\u00e4nster, inklusive flyttj\u00e4nster, reparation och underh\u00e5ll av vitvaror och IT-utrustning, s\u00e5 kallat rutavdrag. Material och resekostnader ger d\u00e4remot inte r\u00e4tt till rutavdrag. Fr\u00e5n och med den 1 januari 2017 ger fler typer av tj\u00e4nster m\u00f6jlighet till rutavdrag. D\u00e5 [&hellip;]<\/p>\n","protected":false},"author":1,"featured_media":0,"parent":0,"menu_order":0,"comment_status":"closed","ping_status":"closed","template":"","meta":{"footnotes":""},"class_list":["post-341","page","type-page","status-publish","hentry"],"yoast_head":"<!-- This site is optimized with the Yoast SEO plugin v26.9 - https:\/\/yoast.com\/product\/yoast-seo-wordpress\/ -->\n<title>Skatteavdrag RUT - 2017 - Akka Hemservice Gotland<\/title>\n<meta name=\"robots\" content=\"index, follow, max-snippet:-1, max-image-preview:large, max-video-preview:-1\" \/>\n<link rel=\"canonical\" href=\"https:\/\/akkahemservice.se\/gotland\/skatteavdrag-rut-2017\/\" \/>\n<meta property=\"og:locale\" content=\"sv_SE\" \/>\n<meta property=\"og:type\" content=\"article\" \/>\n<meta property=\"og:title\" content=\"Skatteavdrag RUT - 2017 - Akka Hemservice Gotland\" \/>\n<meta property=\"og:description\" content=\"Du kan f\u00e5 g\u00f6ra avdrag fr\u00e5n din skatt f\u00f6r arbetskostnaden \u00e4ven n\u00e4r du anlitar n\u00e5gon f\u00f6r hush\u00e5llsn\u00e4ra tj\u00e4nster, inklusive flyttj\u00e4nster, reparation och underh\u00e5ll av vitvaror och IT-utrustning, s\u00e5 kallat rutavdrag. Material och resekostnader ger d\u00e4remot inte r\u00e4tt till rutavdrag. Fr\u00e5n och med den 1 januari 2017 ger fler typer av tj\u00e4nster m\u00f6jlighet till rutavdrag. D\u00e5 [&hellip;]\" \/>\n<meta property=\"og:url\" content=\"https:\/\/akkahemservice.se\/gotland\/skatteavdrag-rut-2017\/\" \/>\n<meta property=\"og:site_name\" content=\"Akka Hemservice Gotland\" \/>\n<meta property=\"article:modified_time\" content=\"2025-11-11T17:16:15+00:00\" \/>\n<meta name=\"twitter:label1\" content=\"Ber\u00e4knad l\u00e4stid\" \/>\n\t<meta name=\"twitter:data1\" content=\"3 minuter\" \/>\n<script type=\"application\/ld+json\" class=\"yoast-schema-graph\">{\"@context\":\"https:\/\/schema.org\",\"@graph\":[{\"@type\":\"WebPage\",\"@id\":\"https:\/\/akkahemservice.se\/gotland\/skatteavdrag-rut-2017\/\",\"url\":\"https:\/\/akkahemservice.se\/gotland\/skatteavdrag-rut-2017\/\",\"name\":\"Skatteavdrag RUT - 2017 - Akka Hemservice Gotland\",\"isPartOf\":{\"@id\":\"https:\/\/akkahemservice.se\/gotland\/#website\"},\"datePublished\":\"2017-01-04T07:57:26+00:00\",\"dateModified\":\"2025-11-11T17:16:15+00:00\",\"breadcrumb\":{\"@id\":\"https:\/\/akkahemservice.se\/gotland\/skatteavdrag-rut-2017\/#breadcrumb\"},\"inLanguage\":\"sv-SE\",\"potentialAction\":[{\"@type\":\"ReadAction\",\"target\":[\"https:\/\/akkahemservice.se\/gotland\/skatteavdrag-rut-2017\/\"]}]},{\"@type\":\"BreadcrumbList\",\"@id\":\"https:\/\/akkahemservice.se\/gotland\/skatteavdrag-rut-2017\/#breadcrumb\",\"itemListElement\":[{\"@type\":\"ListItem\",\"position\":1,\"name\":\"Hem\",\"item\":\"https:\/\/akkahemservice.se\/gotland\/\"},{\"@type\":\"ListItem\",\"position\":2,\"name\":\"Skatteavdrag RUT &#8211; 2017\"}]},{\"@type\":\"WebSite\",\"@id\":\"https:\/\/akkahemservice.se\/gotland\/#website\",\"url\":\"https:\/\/akkahemservice.se\/gotland\/\",\"name\":\"Akka Hemservice Gotland\",\"description\":\"St\u00e4dning och f\u00f6nsterputs f\u00f6r privatpersoner och f\u00f6retag p\u00e5 Gotland.\",\"potentialAction\":[{\"@type\":\"SearchAction\",\"target\":{\"@type\":\"EntryPoint\",\"urlTemplate\":\"https:\/\/akkahemservice.se\/gotland\/?s={search_term_string}\"},\"query-input\":{\"@type\":\"PropertyValueSpecification\",\"valueRequired\":true,\"valueName\":\"search_term_string\"}}],\"inLanguage\":\"sv-SE\"}]}<\/script>\n<!-- \/ Yoast SEO plugin. -->","yoast_head_json":{"title":"Skatteavdrag RUT - 2017 - Akka Hemservice Gotland","robots":{"index":"index","follow":"follow","max-snippet":"max-snippet:-1","max-image-preview":"max-image-preview:large","max-video-preview":"max-video-preview:-1"},"canonical":"https:\/\/akkahemservice.se\/gotland\/skatteavdrag-rut-2017\/","og_locale":"sv_SE","og_type":"article","og_title":"Skatteavdrag RUT - 2017 - Akka Hemservice Gotland","og_description":"Du kan f\u00e5 g\u00f6ra avdrag fr\u00e5n din skatt f\u00f6r arbetskostnaden \u00e4ven n\u00e4r du anlitar n\u00e5gon f\u00f6r hush\u00e5llsn\u00e4ra tj\u00e4nster, inklusive flyttj\u00e4nster, reparation och underh\u00e5ll av vitvaror och IT-utrustning, s\u00e5 kallat rutavdrag. Material och resekostnader ger d\u00e4remot inte r\u00e4tt till rutavdrag. Fr\u00e5n och med den 1 januari 2017 ger fler typer av tj\u00e4nster m\u00f6jlighet till rutavdrag. D\u00e5 [&hellip;]","og_url":"https:\/\/akkahemservice.se\/gotland\/skatteavdrag-rut-2017\/","og_site_name":"Akka Hemservice Gotland","article_modified_time":"2025-11-11T17:16:15+00:00","twitter_misc":{"Ber\u00e4knad l\u00e4stid":"3 minuter"},"schema":{"@context":"https:\/\/schema.org","@graph":[{"@type":"WebPage","@id":"https:\/\/akkahemservice.se\/gotland\/skatteavdrag-rut-2017\/","url":"https:\/\/akkahemservice.se\/gotland\/skatteavdrag-rut-2017\/","name":"Skatteavdrag RUT - 2017 - Akka Hemservice Gotland","isPartOf":{"@id":"https:\/\/akkahemservice.se\/gotland\/#website"},"datePublished":"2017-01-04T07:57:26+00:00","dateModified":"2025-11-11T17:16:15+00:00","breadcrumb":{"@id":"https:\/\/akkahemservice.se\/gotland\/skatteavdrag-rut-2017\/#breadcrumb"},"inLanguage":"sv-SE","potentialAction":[{"@type":"ReadAction","target":["https:\/\/akkahemservice.se\/gotland\/skatteavdrag-rut-2017\/"]}]},{"@type":"BreadcrumbList","@id":"https:\/\/akkahemservice.se\/gotland\/skatteavdrag-rut-2017\/#breadcrumb","itemListElement":[{"@type":"ListItem","position":1,"name":"Hem","item":"https:\/\/akkahemservice.se\/gotland\/"},{"@type":"ListItem","position":2,"name":"Skatteavdrag RUT &#8211; 2017"}]},{"@type":"WebSite","@id":"https:\/\/akkahemservice.se\/gotland\/#website","url":"https:\/\/akkahemservice.se\/gotland\/","name":"Akka Hemservice Gotland","description":"St\u00e4dning och f\u00f6nsterputs f\u00f6r privatpersoner och f\u00f6retag p\u00e5 Gotland.","potentialAction":[{"@type":"SearchAction","target":{"@type":"EntryPoint","urlTemplate":"https:\/\/akkahemservice.se\/gotland\/?s={search_term_string}"},"query-input":{"@type":"PropertyValueSpecification","valueRequired":true,"valueName":"search_term_string"}}],"inLanguage":"sv-SE"}]}},"_links":{"self":[{"href":"https:\/\/akkahemservice.se\/gotland\/wp-json\/wp\/v2\/pages\/341","targetHints":{"allow":["GET"]}}],"collection":[{"href":"https:\/\/akkahemservice.se\/gotland\/wp-json\/wp\/v2\/pages"}],"about":[{"href":"https:\/\/akkahemservice.se\/gotland\/wp-json\/wp\/v2\/types\/page"}],"author":[{"embeddable":true,"href":"https:\/\/akkahemservice.se\/gotland\/wp-json\/wp\/v2\/users\/1"}],"replies":[{"embeddable":true,"href":"https:\/\/akkahemservice.se\/gotland\/wp-json\/wp\/v2\/comments?post=341"}],"version-history":[{"count":24,"href":"https:\/\/akkahemservice.se\/gotland\/wp-json\/wp\/v2\/pages\/341\/revisions"}],"predecessor-version":[{"id":344,"href":"https:\/\/akkahemservice.se\/gotland\/wp-json\/wp\/v2\/pages\/341\/revisions\/344"}],"wp:attachment":[{"href":"https:\/\/akkahemservice.se\/gotland\/wp-json\/wp\/v2\/media?parent=341"}],"curies":[{"name":"wp","href":"https:\/\/api.w.org\/{rel}","templated":true}]}}