{"id":265,"date":"2015-04-11T19:47:27","date_gmt":"2015-04-11T17:47:27","guid":{"rendered":"https:\/\/akkahemservice.se\/gotland\/?page_id=265"},"modified":"2026-05-05T10:58:18","modified_gmt":"2026-05-05T08:58:18","slug":"tillsyn-vid-uthyrning","status":"publish","type":"page","link":"https:\/\/akkahemservice.se\/gotland\/tjanster\/tillsyn-vid-uthyrning\/","title":{"rendered":"Tillsyn vid uthyrning"},"content":{"rendered":"<div id=\"m2ucontainer\">\n<div class=\"row windowbox\">\n<div class=\"col-12\">\n<h1>Intresserad av st\u00e4dhj\u00e4lp?<\/h1>\n<p>Vad roligt att ni vill ha v\u00e5r hj\u00e4lp med st\u00e4dning, f\u00f6nsterputsning, tr\u00e4dg\u00e5rdsarbete m.m. Fyll i denna<br \/>\n                    intresseanm\u00e4lan s\u00e5 \u00e5terkommer vi till er s\u00e5 snart vi kan med en offert.<br \/>\n                    Vi hj\u00e4lper b\u00e5de privatpersoner, f\u00f6retag och f\u00f6reningar.\n                <\/p>\n<\/p><\/div>\n<div class=\"col-12\">\n<h3 style=\"color: #c8c8c8;\">Klicka p\u00e5 knappen f\u00f6r att starta<\/h3>\n<p><a href=\"\/gotland\/intresseanmalan\"><button style=\"font-size: 20px; padding: 20px 30px;\" type=\"button\">Intresseanm\u00e4lan<\/button><\/a>\n            <\/div>\n<\/p><\/div>\n<\/div>\n<\/div>\n<p>Vi hj\u00e4lper m\u00e5nga uthyrare att st\u00e4da deras objekt f\u00f6re, mellan och efter uthyrning. vi kan \u00e4ven hj\u00e4lpa till med nyckelservice och underh\u00e5ll.<\/p>\n","protected":false},"excerpt":{"rendered":"<p>Intresserad av st\u00e4dhj\u00e4lp? Vad roligt att ni vill ha v\u00e5r hj\u00e4lp med st\u00e4dning, f\u00f6nsterputsning, tr\u00e4dg\u00e5rdsarbete m.m. Fyll i denna intresseanm\u00e4lan s\u00e5 \u00e5terkommer vi till er s\u00e5 snart vi kan med en offert. Vi hj\u00e4lper b\u00e5de privatpersoner, f\u00f6retag och f\u00f6reningar. Klicka p\u00e5 knappen f\u00f6r att starta Intresseanm\u00e4lan Vi hj\u00e4lper m\u00e5nga uthyrare att st\u00e4da deras objekt f\u00f6re, [&hellip;]<\/p>\n","protected":false},"author":1,"featured_media":0,"parent":5,"menu_order":0,"comment_status":"closed","ping_status":"open","template":"","meta":{"footnotes":""},"class_list":["post-265","page","type-page","status-publish","hentry"],"yoast_head":"<!-- This site is optimized with the Yoast SEO plugin v27.5 - https:\/\/yoast.com\/product\/yoast-seo-wordpress\/ -->\n<title>Tillsyn vid uthyrning - Akka Hemservice Gotland<\/title>\n<meta name=\"robots\" content=\"index, follow, max-snippet:-1, max-image-preview:large, max-video-preview:-1\" \/>\n<link rel=\"canonical\" href=\"https:\/\/akkahemservice.se\/gotland\/tjanster\/tillsyn-vid-uthyrning\/\" \/>\n<meta property=\"og:locale\" content=\"sv_SE\" \/>\n<meta property=\"og:type\" content=\"article\" \/>\n<meta property=\"og:title\" content=\"Tillsyn vid uthyrning - Akka Hemservice Gotland\" \/>\n<meta property=\"og:description\" content=\"Intresserad av st\u00e4dhj\u00e4lp? Vad roligt att ni vill ha v\u00e5r hj\u00e4lp med st\u00e4dning, f\u00f6nsterputsning, tr\u00e4dg\u00e5rdsarbete m.m. Fyll i denna intresseanm\u00e4lan s\u00e5 \u00e5terkommer vi till er s\u00e5 snart vi kan med en offert. Vi hj\u00e4lper b\u00e5de privatpersoner, f\u00f6retag och f\u00f6reningar. Klicka p\u00e5 knappen f\u00f6r att starta Intresseanm\u00e4lan Vi hj\u00e4lper m\u00e5nga uthyrare att st\u00e4da deras objekt f\u00f6re, [&hellip;]\" \/>\n<meta property=\"og:url\" content=\"https:\/\/akkahemservice.se\/gotland\/tjanster\/tillsyn-vid-uthyrning\/\" \/>\n<meta property=\"og:site_name\" content=\"Akka Hemservice Gotland\" \/>\n<meta property=\"article:modified_time\" content=\"2026-05-05T08:58:18+00:00\" \/>\n<meta name=\"twitter:label1\" content=\"Ber\u00e4knad l\u00e4stid\" \/>\n\t<meta name=\"twitter:data1\" content=\"1 minut\" \/>\n<script type=\"application\/ld+json\" class=\"yoast-schema-graph\">{\"@context\":\"https:\\\/\\\/schema.org\",\"@graph\":[{\"@type\":\"WebPage\",\"@id\":\"https:\\\/\\\/akkahemservice.se\\\/gotland\\\/tjanster\\\/tillsyn-vid-uthyrning\\\/\",\"url\":\"https:\\\/\\\/akkahemservice.se\\\/gotland\\\/tjanster\\\/tillsyn-vid-uthyrning\\\/\",\"name\":\"Tillsyn vid uthyrning - Akka Hemservice Gotland\",\"isPartOf\":{\"@id\":\"https:\\\/\\\/akkahemservice.se\\\/gotland\\\/#website\"},\"datePublished\":\"2015-04-11T17:47:27+00:00\",\"dateModified\":\"2026-05-05T08:58:18+00:00\",\"breadcrumb\":{\"@id\":\"https:\\\/\\\/akkahemservice.se\\\/gotland\\\/tjanster\\\/tillsyn-vid-uthyrning\\\/#breadcrumb\"},\"inLanguage\":\"sv-SE\",\"potentialAction\":[{\"@type\":\"ReadAction\",\"target\":[\"https:\\\/\\\/akkahemservice.se\\\/gotland\\\/tjanster\\\/tillsyn-vid-uthyrning\\\/\"]}]},{\"@type\":\"BreadcrumbList\",\"@id\":\"https:\\\/\\\/akkahemservice.se\\\/gotland\\\/tjanster\\\/tillsyn-vid-uthyrning\\\/#breadcrumb\",\"itemListElement\":[{\"@type\":\"ListItem\",\"position\":1,\"name\":\"Hem\",\"item\":\"https:\\\/\\\/akkahemservice.se\\\/gotland\\\/\"},{\"@type\":\"ListItem\",\"position\":2,\"name\":\"Tj\u00e4nster\",\"item\":\"https:\\\/\\\/akkahemservice.se\\\/gotland\\\/tjanster\\\/\"},{\"@type\":\"ListItem\",\"position\":3,\"name\":\"Tillsyn vid uthyrning\"}]},{\"@type\":\"WebSite\",\"@id\":\"https:\\\/\\\/akkahemservice.se\\\/gotland\\\/#website\",\"url\":\"https:\\\/\\\/akkahemservice.se\\\/gotland\\\/\",\"name\":\"Akka Hemservice Gotland\",\"description\":\"St\u00e4dning och f\u00f6nsterputs f\u00f6r privatpersoner och f\u00f6retag p\u00e5 Gotland.\",\"potentialAction\":[{\"@type\":\"SearchAction\",\"target\":{\"@type\":\"EntryPoint\",\"urlTemplate\":\"https:\\\/\\\/akkahemservice.se\\\/gotland\\\/?s={search_term_string}\"},\"query-input\":{\"@type\":\"PropertyValueSpecification\",\"valueRequired\":true,\"valueName\":\"search_term_string\"}}],\"inLanguage\":\"sv-SE\"}]}<\/script>\n<!-- \/ Yoast SEO plugin. -->","yoast_head_json":{"title":"Tillsyn vid uthyrning - Akka Hemservice Gotland","robots":{"index":"index","follow":"follow","max-snippet":"max-snippet:-1","max-image-preview":"max-image-preview:large","max-video-preview":"max-video-preview:-1"},"canonical":"https:\/\/akkahemservice.se\/gotland\/tjanster\/tillsyn-vid-uthyrning\/","og_locale":"sv_SE","og_type":"article","og_title":"Tillsyn vid uthyrning - Akka Hemservice Gotland","og_description":"Intresserad av st\u00e4dhj\u00e4lp? Vad roligt att ni vill ha v\u00e5r hj\u00e4lp med st\u00e4dning, f\u00f6nsterputsning, tr\u00e4dg\u00e5rdsarbete m.m. Fyll i denna intresseanm\u00e4lan s\u00e5 \u00e5terkommer vi till er s\u00e5 snart vi kan med en offert. Vi hj\u00e4lper b\u00e5de privatpersoner, f\u00f6retag och f\u00f6reningar. Klicka p\u00e5 knappen f\u00f6r att starta Intresseanm\u00e4lan Vi hj\u00e4lper m\u00e5nga uthyrare att st\u00e4da deras objekt f\u00f6re, [&hellip;]","og_url":"https:\/\/akkahemservice.se\/gotland\/tjanster\/tillsyn-vid-uthyrning\/","og_site_name":"Akka Hemservice Gotland","article_modified_time":"2026-05-05T08:58:18+00:00","twitter_misc":{"Ber\u00e4knad l\u00e4stid":"1 minut"},"schema":{"@context":"https:\/\/schema.org","@graph":[{"@type":"WebPage","@id":"https:\/\/akkahemservice.se\/gotland\/tjanster\/tillsyn-vid-uthyrning\/","url":"https:\/\/akkahemservice.se\/gotland\/tjanster\/tillsyn-vid-uthyrning\/","name":"Tillsyn vid uthyrning - Akka Hemservice Gotland","isPartOf":{"@id":"https:\/\/akkahemservice.se\/gotland\/#website"},"datePublished":"2015-04-11T17:47:27+00:00","dateModified":"2026-05-05T08:58:18+00:00","breadcrumb":{"@id":"https:\/\/akkahemservice.se\/gotland\/tjanster\/tillsyn-vid-uthyrning\/#breadcrumb"},"inLanguage":"sv-SE","potentialAction":[{"@type":"ReadAction","target":["https:\/\/akkahemservice.se\/gotland\/tjanster\/tillsyn-vid-uthyrning\/"]}]},{"@type":"BreadcrumbList","@id":"https:\/\/akkahemservice.se\/gotland\/tjanster\/tillsyn-vid-uthyrning\/#breadcrumb","itemListElement":[{"@type":"ListItem","position":1,"name":"Hem","item":"https:\/\/akkahemservice.se\/gotland\/"},{"@type":"ListItem","position":2,"name":"Tj\u00e4nster","item":"https:\/\/akkahemservice.se\/gotland\/tjanster\/"},{"@type":"ListItem","position":3,"name":"Tillsyn vid uthyrning"}]},{"@type":"WebSite","@id":"https:\/\/akkahemservice.se\/gotland\/#website","url":"https:\/\/akkahemservice.se\/gotland\/","name":"Akka Hemservice Gotland","description":"St\u00e4dning och f\u00f6nsterputs f\u00f6r privatpersoner och f\u00f6retag p\u00e5 Gotland.","potentialAction":[{"@type":"SearchAction","target":{"@type":"EntryPoint","urlTemplate":"https:\/\/akkahemservice.se\/gotland\/?s={search_term_string}"},"query-input":{"@type":"PropertyValueSpecification","valueRequired":true,"valueName":"search_term_string"}}],"inLanguage":"sv-SE"}]}},"_links":{"self":[{"href":"https:\/\/akkahemservice.se\/gotland\/wp-json\/wp\/v2\/pages\/265","targetHints":{"allow":["GET"]}}],"collection":[{"href":"https:\/\/akkahemservice.se\/gotland\/wp-json\/wp\/v2\/pages"}],"about":[{"href":"https:\/\/akkahemservice.se\/gotland\/wp-json\/wp\/v2\/types\/page"}],"author":[{"embeddable":true,"href":"https:\/\/akkahemservice.se\/gotland\/wp-json\/wp\/v2\/users\/1"}],"replies":[{"embeddable":true,"href":"https:\/\/akkahemservice.se\/gotland\/wp-json\/wp\/v2\/comments?post=265"}],"version-history":[{"count":6,"href":"https:\/\/akkahemservice.se\/gotland\/wp-json\/wp\/v2\/pages\/265\/revisions"}],"predecessor-version":[{"id":1129,"href":"https:\/\/akkahemservice.se\/gotland\/wp-json\/wp\/v2\/pages\/265\/revisions\/1129"}],"up":[{"embeddable":true,"href":"https:\/\/akkahemservice.se\/gotland\/wp-json\/wp\/v2\/pages\/5"}],"wp:attachment":[{"href":"https:\/\/akkahemservice.se\/gotland\/wp-json\/wp\/v2\/media?parent=265"}],"curies":[{"name":"wp","href":"https:\/\/api.w.org\/{rel}","templated":true}]}}