{"id":253,"date":"2015-04-11T19:44:30","date_gmt":"2015-04-11T17:44:30","guid":{"rendered":"https:\/\/akkahemservice.se\/gotland\/?page_id=253"},"modified":"2025-11-11T18:16:15","modified_gmt":"2025-11-11T17:16:15","slug":"fonsterputs","status":"publish","type":"page","link":"https:\/\/akkahemservice.se\/gotland\/tjanster\/fonsterputs\/","title":{"rendered":"F\u00f6nsterputs"},"content":{"rendered":"<div id=\"m2ucontainer\">\n<div class=\"row windowbox\">\n<div class=\"col-12\">\n<h1>Intresserad av st\u00e4dhj\u00e4lp?<\/h1>\n<p>Vad roligt att ni vill ha v\u00e5r hj\u00e4lp med st\u00e4dning, f\u00f6nsterputsning, tr\u00e4dg\u00e5rdsarbete m.m. Fyll i denna<br \/>\n                    intresseanm\u00e4lan s\u00e5 \u00e5terkommer vi till er s\u00e5 snart vi kan med en offert.<br \/>\n                    Vi hj\u00e4lper b\u00e5de privatpersoner, f\u00f6retag och f\u00f6reningar.\n                <\/p>\n<\/p><\/div>\n<div class=\"col-12\">\n<h3>Klicka p\u00e5 knappen f\u00f6r att starta<\/h3>\n<p>(\u00d6ppnas i nytt f\u00f6nster)<\/p>\n<p>                <button onclick=\"window.open('https:\/\/akkahemservice.se\/gotland\/intresseanmalan\/','_blank')\" style=\"font-size:20px;padding:20px 30px;\" type=\"button\">Intresseanm\u00e4lan<\/button>\n            <\/div>\n<\/p><\/div>\n<\/div>\n<\/div>\n<p>Vi kan putsa f\u00f6nster av alla de slag, h\u00f6ga och l\u00e5ga, smala och breda. V\u00e4lkommen med din f\u00f6rfr\u00e5gan.<\/p>\n<p><img loading=\"lazy\" decoding=\"async\" class=\"alignnone wp-image-588 size-full\" src=\"https:\/\/akkahemservice.se\/gotland\/wp-content\/uploads\/sites\/3\/2018\/03\/fonster_ny.jpg\" alt=\"\" width=\"1500\" height=\"1080\" srcset=\"https:\/\/akkahemservice.se\/gotland\/wp-content\/uploads\/sites\/3\/2018\/03\/fonster_ny.jpg 1500w, https:\/\/akkahemservice.se\/gotland\/wp-content\/uploads\/sites\/3\/2018\/03\/fonster_ny-300x216.jpg 300w, https:\/\/akkahemservice.se\/gotland\/wp-content\/uploads\/sites\/3\/2018\/03\/fonster_ny-768x553.jpg 768w, https:\/\/akkahemservice.se\/gotland\/wp-content\/uploads\/sites\/3\/2018\/03\/fonster_ny-1024x737.jpg 1024w\" sizes=\"auto, (max-width: 1500px) 100vw, 1500px\" \/><\/p>\n","protected":false},"excerpt":{"rendered":"<p>Intresserad av st\u00e4dhj\u00e4lp? Vad roligt att ni vill ha v\u00e5r hj\u00e4lp med st\u00e4dning, f\u00f6nsterputsning, tr\u00e4dg\u00e5rdsarbete m.m. Fyll i denna intresseanm\u00e4lan s\u00e5 \u00e5terkommer vi till er s\u00e5 snart vi kan med en offert. Vi hj\u00e4lper b\u00e5de privatpersoner, f\u00f6retag och f\u00f6reningar. Klicka p\u00e5 knappen f\u00f6r att starta (\u00d6ppnas i nytt f\u00f6nster) Intresseanm\u00e4lan Vi kan putsa f\u00f6nster av [&hellip;]<\/p>\n","protected":false},"author":1,"featured_media":0,"parent":5,"menu_order":0,"comment_status":"closed","ping_status":"open","template":"","meta":{"footnotes":""},"class_list":["post-253","page","type-page","status-publish","hentry"],"yoast_head":"<!-- This site is optimized with the Yoast SEO plugin v26.9 - https:\/\/yoast.com\/product\/yoast-seo-wordpress\/ -->\n<title>F\u00f6nsterputs - Akka Hemservice Gotland<\/title>\n<meta name=\"robots\" content=\"index, follow, max-snippet:-1, max-image-preview:large, max-video-preview:-1\" \/>\n<link rel=\"canonical\" href=\"https:\/\/akkahemservice.se\/gotland\/tjanster\/fonsterputs\/\" \/>\n<meta property=\"og:locale\" content=\"sv_SE\" \/>\n<meta property=\"og:type\" content=\"article\" \/>\n<meta property=\"og:title\" content=\"F\u00f6nsterputs - Akka Hemservice Gotland\" \/>\n<meta property=\"og:description\" content=\"Intresserad av st\u00e4dhj\u00e4lp? Vad roligt att ni vill ha v\u00e5r hj\u00e4lp med st\u00e4dning, f\u00f6nsterputsning, tr\u00e4dg\u00e5rdsarbete m.m. Fyll i denna intresseanm\u00e4lan s\u00e5 \u00e5terkommer vi till er s\u00e5 snart vi kan med en offert. Vi hj\u00e4lper b\u00e5de privatpersoner, f\u00f6retag och f\u00f6reningar. Klicka p\u00e5 knappen f\u00f6r att starta (\u00d6ppnas i nytt f\u00f6nster) Intresseanm\u00e4lan Vi kan putsa f\u00f6nster av [&hellip;]\" \/>\n<meta property=\"og:url\" content=\"https:\/\/akkahemservice.se\/gotland\/tjanster\/fonsterputs\/\" \/>\n<meta property=\"og:site_name\" content=\"Akka Hemservice Gotland\" \/>\n<meta property=\"article:modified_time\" content=\"2025-11-11T17:16:15+00:00\" \/>\n<meta property=\"og:image\" content=\"https:\/\/akkahemservice.se\/gotland\/wp-content\/uploads\/sites\/3\/2018\/03\/fonster_ny.jpg\" \/>\n\t<meta property=\"og:image:width\" content=\"1500\" \/>\n\t<meta property=\"og:image:height\" content=\"1080\" \/>\n\t<meta property=\"og:image:type\" content=\"image\/jpeg\" \/>\n<meta name=\"twitter:label1\" content=\"Ber\u00e4knad l\u00e4stid\" \/>\n\t<meta name=\"twitter:data1\" content=\"1 minut\" \/>\n<script type=\"application\/ld+json\" class=\"yoast-schema-graph\">{\"@context\":\"https:\/\/schema.org\",\"@graph\":[{\"@type\":\"WebPage\",\"@id\":\"https:\/\/akkahemservice.se\/gotland\/tjanster\/fonsterputs\/\",\"url\":\"https:\/\/akkahemservice.se\/gotland\/tjanster\/fonsterputs\/\",\"name\":\"F\u00f6nsterputs - Akka Hemservice Gotland\",\"isPartOf\":{\"@id\":\"https:\/\/akkahemservice.se\/gotland\/#website\"},\"primaryImageOfPage\":{\"@id\":\"https:\/\/akkahemservice.se\/gotland\/tjanster\/fonsterputs\/#primaryimage\"},\"image\":{\"@id\":\"https:\/\/akkahemservice.se\/gotland\/tjanster\/fonsterputs\/#primaryimage\"},\"thumbnailUrl\":\"https:\/\/akkahemservice.se\/gotland\/wp-content\/uploads\/sites\/3\/2018\/03\/fonster_ny.jpg\",\"datePublished\":\"2015-04-11T17:44:30+00:00\",\"dateModified\":\"2025-11-11T17:16:15+00:00\",\"breadcrumb\":{\"@id\":\"https:\/\/akkahemservice.se\/gotland\/tjanster\/fonsterputs\/#breadcrumb\"},\"inLanguage\":\"sv-SE\",\"potentialAction\":[{\"@type\":\"ReadAction\",\"target\":[\"https:\/\/akkahemservice.se\/gotland\/tjanster\/fonsterputs\/\"]}]},{\"@type\":\"ImageObject\",\"inLanguage\":\"sv-SE\",\"@id\":\"https:\/\/akkahemservice.se\/gotland\/tjanster\/fonsterputs\/#primaryimage\",\"url\":\"https:\/\/akkahemservice.se\/gotland\/wp-content\/uploads\/sites\/3\/2018\/03\/fonster_ny.jpg\",\"contentUrl\":\"https:\/\/akkahemservice.se\/gotland\/wp-content\/uploads\/sites\/3\/2018\/03\/fonster_ny.jpg\",\"width\":1500,\"height\":1080},{\"@type\":\"BreadcrumbList\",\"@id\":\"https:\/\/akkahemservice.se\/gotland\/tjanster\/fonsterputs\/#breadcrumb\",\"itemListElement\":[{\"@type\":\"ListItem\",\"position\":1,\"name\":\"Hem\",\"item\":\"https:\/\/akkahemservice.se\/gotland\/\"},{\"@type\":\"ListItem\",\"position\":2,\"name\":\"Tj\u00e4nster\",\"item\":\"https:\/\/akkahemservice.se\/gotland\/tjanster\/\"},{\"@type\":\"ListItem\",\"position\":3,\"name\":\"F\u00f6nsterputs\"}]},{\"@type\":\"WebSite\",\"@id\":\"https:\/\/akkahemservice.se\/gotland\/#website\",\"url\":\"https:\/\/akkahemservice.se\/gotland\/\",\"name\":\"Akka Hemservice Gotland\",\"description\":\"St\u00e4dning och f\u00f6nsterputs f\u00f6r privatpersoner och f\u00f6retag p\u00e5 Gotland.\",\"potentialAction\":[{\"@type\":\"SearchAction\",\"target\":{\"@type\":\"EntryPoint\",\"urlTemplate\":\"https:\/\/akkahemservice.se\/gotland\/?s={search_term_string}\"},\"query-input\":{\"@type\":\"PropertyValueSpecification\",\"valueRequired\":true,\"valueName\":\"search_term_string\"}}],\"inLanguage\":\"sv-SE\"}]}<\/script>\n<!-- \/ Yoast SEO plugin. -->","yoast_head_json":{"title":"F\u00f6nsterputs - Akka Hemservice Gotland","robots":{"index":"index","follow":"follow","max-snippet":"max-snippet:-1","max-image-preview":"max-image-preview:large","max-video-preview":"max-video-preview:-1"},"canonical":"https:\/\/akkahemservice.se\/gotland\/tjanster\/fonsterputs\/","og_locale":"sv_SE","og_type":"article","og_title":"F\u00f6nsterputs - Akka Hemservice Gotland","og_description":"Intresserad av st\u00e4dhj\u00e4lp? Vad roligt att ni vill ha v\u00e5r hj\u00e4lp med st\u00e4dning, f\u00f6nsterputsning, tr\u00e4dg\u00e5rdsarbete m.m. Fyll i denna intresseanm\u00e4lan s\u00e5 \u00e5terkommer vi till er s\u00e5 snart vi kan med en offert. Vi hj\u00e4lper b\u00e5de privatpersoner, f\u00f6retag och f\u00f6reningar. Klicka p\u00e5 knappen f\u00f6r att starta (\u00d6ppnas i nytt f\u00f6nster) Intresseanm\u00e4lan Vi kan putsa f\u00f6nster av [&hellip;]","og_url":"https:\/\/akkahemservice.se\/gotland\/tjanster\/fonsterputs\/","og_site_name":"Akka Hemservice Gotland","article_modified_time":"2025-11-11T17:16:15+00:00","og_image":[{"width":1500,"height":1080,"url":"https:\/\/akkahemservice.se\/gotland\/wp-content\/uploads\/sites\/3\/2018\/03\/fonster_ny.jpg","type":"image\/jpeg"}],"twitter_misc":{"Ber\u00e4knad l\u00e4stid":"1 minut"},"schema":{"@context":"https:\/\/schema.org","@graph":[{"@type":"WebPage","@id":"https:\/\/akkahemservice.se\/gotland\/tjanster\/fonsterputs\/","url":"https:\/\/akkahemservice.se\/gotland\/tjanster\/fonsterputs\/","name":"F\u00f6nsterputs - Akka Hemservice Gotland","isPartOf":{"@id":"https:\/\/akkahemservice.se\/gotland\/#website"},"primaryImageOfPage":{"@id":"https:\/\/akkahemservice.se\/gotland\/tjanster\/fonsterputs\/#primaryimage"},"image":{"@id":"https:\/\/akkahemservice.se\/gotland\/tjanster\/fonsterputs\/#primaryimage"},"thumbnailUrl":"https:\/\/akkahemservice.se\/gotland\/wp-content\/uploads\/sites\/3\/2018\/03\/fonster_ny.jpg","datePublished":"2015-04-11T17:44:30+00:00","dateModified":"2025-11-11T17:16:15+00:00","breadcrumb":{"@id":"https:\/\/akkahemservice.se\/gotland\/tjanster\/fonsterputs\/#breadcrumb"},"inLanguage":"sv-SE","potentialAction":[{"@type":"ReadAction","target":["https:\/\/akkahemservice.se\/gotland\/tjanster\/fonsterputs\/"]}]},{"@type":"ImageObject","inLanguage":"sv-SE","@id":"https:\/\/akkahemservice.se\/gotland\/tjanster\/fonsterputs\/#primaryimage","url":"https:\/\/akkahemservice.se\/gotland\/wp-content\/uploads\/sites\/3\/2018\/03\/fonster_ny.jpg","contentUrl":"https:\/\/akkahemservice.se\/gotland\/wp-content\/uploads\/sites\/3\/2018\/03\/fonster_ny.jpg","width":1500,"height":1080},{"@type":"BreadcrumbList","@id":"https:\/\/akkahemservice.se\/gotland\/tjanster\/fonsterputs\/#breadcrumb","itemListElement":[{"@type":"ListItem","position":1,"name":"Hem","item":"https:\/\/akkahemservice.se\/gotland\/"},{"@type":"ListItem","position":2,"name":"Tj\u00e4nster","item":"https:\/\/akkahemservice.se\/gotland\/tjanster\/"},{"@type":"ListItem","position":3,"name":"F\u00f6nsterputs"}]},{"@type":"WebSite","@id":"https:\/\/akkahemservice.se\/gotland\/#website","url":"https:\/\/akkahemservice.se\/gotland\/","name":"Akka Hemservice Gotland","description":"St\u00e4dning och f\u00f6nsterputs f\u00f6r privatpersoner och f\u00f6retag p\u00e5 Gotland.","potentialAction":[{"@type":"SearchAction","target":{"@type":"EntryPoint","urlTemplate":"https:\/\/akkahemservice.se\/gotland\/?s={search_term_string}"},"query-input":{"@type":"PropertyValueSpecification","valueRequired":true,"valueName":"search_term_string"}}],"inLanguage":"sv-SE"}]}},"_links":{"self":[{"href":"https:\/\/akkahemservice.se\/gotland\/wp-json\/wp\/v2\/pages\/253","targetHints":{"allow":["GET"]}}],"collection":[{"href":"https:\/\/akkahemservice.se\/gotland\/wp-json\/wp\/v2\/pages"}],"about":[{"href":"https:\/\/akkahemservice.se\/gotland\/wp-json\/wp\/v2\/types\/page"}],"author":[{"embeddable":true,"href":"https:\/\/akkahemservice.se\/gotland\/wp-json\/wp\/v2\/users\/1"}],"replies":[{"embeddable":true,"href":"https:\/\/akkahemservice.se\/gotland\/wp-json\/wp\/v2\/comments?post=253"}],"version-history":[{"count":7,"href":"https:\/\/akkahemservice.se\/gotland\/wp-json\/wp\/v2\/pages\/253\/revisions"}],"predecessor-version":[{"id":1054,"href":"https:\/\/akkahemservice.se\/gotland\/wp-json\/wp\/v2\/pages\/253\/revisions\/1054"}],"up":[{"embeddable":true,"href":"https:\/\/akkahemservice.se\/gotland\/wp-json\/wp\/v2\/pages\/5"}],"wp:attachment":[{"href":"https:\/\/akkahemservice.se\/gotland\/wp-json\/wp\/v2\/media?parent=253"}],"curies":[{"name":"wp","href":"https:\/\/api.w.org\/{rel}","templated":true}]}}