{"id":251,"date":"2015-04-11T19:44:08","date_gmt":"2015-04-11T17:44:08","guid":{"rendered":"https:\/\/akkahemservice.se\/gotland\/?page_id=251"},"modified":"2025-11-11T18:16:15","modified_gmt":"2025-11-11T17:16:15","slug":"storstadning","status":"publish","type":"page","link":"https:\/\/akkahemservice.se\/gotland\/tjanster\/storstadning\/","title":{"rendered":"Storst\u00e4dning"},"content":{"rendered":"<div id=\"m2ucontainer\">\n<div class=\"row windowbox\">\n<div class=\"col-12\">\n<h1>Intresserad av st\u00e4dhj\u00e4lp?<\/h1>\n<p>Vad roligt att ni vill ha v\u00e5r hj\u00e4lp med st\u00e4dning, f\u00f6nsterputsning, tr\u00e4dg\u00e5rdsarbete m.m. Fyll i denna<br \/>\n                    intresseanm\u00e4lan s\u00e5 \u00e5terkommer vi till er s\u00e5 snart vi kan med en offert.<br \/>\n                    Vi hj\u00e4lper b\u00e5de privatpersoner, f\u00f6retag och f\u00f6reningar.\n                <\/p>\n<\/p><\/div>\n<div class=\"col-12\">\n<h3>Klicka p\u00e5 knappen f\u00f6r att starta<\/h3>\n<p>(\u00d6ppnas i nytt f\u00f6nster)<\/p>\n<p>                <button onclick=\"window.open('https:\/\/akkahemservice.se\/gotland\/intresseanmalan\/','_blank')\" style=\"font-size:20px;padding:20px 30px;\" type=\"button\">Intresseanm\u00e4lan<\/button>\n            <\/div>\n<\/p><\/div>\n<\/div>\n<\/div>\n<p>En storst\u00e4dning \u00e4r mycket grundlig. Generellt sett plockar vi undan, dammar allt, \u00e4ven uppe p\u00e5 h\u00f6jden, ovanp\u00e5 sk\u00e5p etc, dammsuger och v\u00e5ttorkar golven, reng\u00f6r golvlister och kontakter. Alla d\u00f6rrar, d\u00f6rrkarmar och lister reng\u00f6rs.<br \/>\nVi flyttar alla m\u00f6bler som inte \u00e4r f\u00f6r tunga och st\u00e4dar under och bakom. Sm\u00e5 mattor tas ut och skakas.<\/p>\n<p>Vi st\u00e4dar b\u00e4nkar, spis och hoar i k\u00f6ket samt sk\u00e5pet under diskb\u00e4nken och inuti micron. Utsidan och ovansidan av alla sk\u00e5p torkas, hela fl\u00e4kten inkl filter reng\u00f6rs, ugnens insida reng\u00f6rs.<br \/>\nDiskmaskinen reng\u00f6rs.<\/p>\n<p>I badrummet st\u00e4dar vi v\u00e4ggar, under, i och bakom badkaret, i duschen samt handfat, spegel och toalettstol.<br \/>\nGolvbrunnar och torksk\u00e5p reng\u00f6rs.<\/p>\n<h2>Vid \u00f6nskem\u00e5l:<\/h2>\n<ul>\n<li>Kylsk\u00e5pets insida<\/li>\n<li>Hyllor: ta bort saker fr\u00e5n hyllor och st\u00e4da under<\/li>\n<li>Dra ut spisen och st\u00e4da bakom och under<\/li>\n<li>Insida av sk\u00e5p och garderober vid \u00f6nskem\u00e5l.<\/li>\n<li>Golvv\u00e5rd<\/li>\n<li>Bokhyllor &#8211; ta ut och damma alla b\u00f6cker<\/li>\n<li>St\u00e4da bakom spis och kyl<\/li>\n<\/ul>\n<p>Vi kan samtidigt fr\u00e4scha upp och styla din bostad inf\u00f6r en f\u00f6rs\u00e4ljning.<\/p>\n<p>Vid st\u00e4duppdrag s\u00e5 f\u00f6ruts\u00e4tter vi att du har en bra dammsugare och en bra mopp (g\u00e4rna plattmopp), vi st\u00e5r f\u00f6r trasor och milj\u00f6v\u00e4nliga reng\u00f6ringsmedel.<\/p>\n","protected":false},"excerpt":{"rendered":"<p>Intresserad av st\u00e4dhj\u00e4lp? Vad roligt att ni vill ha v\u00e5r hj\u00e4lp med st\u00e4dning, f\u00f6nsterputsning, tr\u00e4dg\u00e5rdsarbete m.m. Fyll i denna intresseanm\u00e4lan s\u00e5 \u00e5terkommer vi till er s\u00e5 snart vi kan med en offert. Vi hj\u00e4lper b\u00e5de privatpersoner, f\u00f6retag och f\u00f6reningar. Klicka p\u00e5 knappen f\u00f6r att starta (\u00d6ppnas i nytt f\u00f6nster) Intresseanm\u00e4lan En storst\u00e4dning \u00e4r mycket grundlig. [&hellip;]<\/p>\n","protected":false},"author":1,"featured_media":0,"parent":5,"menu_order":0,"comment_status":"closed","ping_status":"open","template":"","meta":{"footnotes":""},"class_list":["post-251","page","type-page","status-publish","hentry"],"yoast_head":"<!-- This site is optimized with the Yoast SEO plugin v26.9 - https:\/\/yoast.com\/product\/yoast-seo-wordpress\/ -->\n<title>Storst\u00e4dning - Akka Hemservice Gotland<\/title>\n<meta name=\"robots\" content=\"index, follow, max-snippet:-1, max-image-preview:large, max-video-preview:-1\" \/>\n<link rel=\"canonical\" href=\"https:\/\/akkahemservice.se\/gotland\/tjanster\/storstadning\/\" \/>\n<meta property=\"og:locale\" content=\"sv_SE\" \/>\n<meta property=\"og:type\" content=\"article\" \/>\n<meta property=\"og:title\" content=\"Storst\u00e4dning - Akka Hemservice Gotland\" \/>\n<meta property=\"og:description\" content=\"Intresserad av st\u00e4dhj\u00e4lp? Vad roligt att ni vill ha v\u00e5r hj\u00e4lp med st\u00e4dning, f\u00f6nsterputsning, tr\u00e4dg\u00e5rdsarbete m.m. Fyll i denna intresseanm\u00e4lan s\u00e5 \u00e5terkommer vi till er s\u00e5 snart vi kan med en offert. Vi hj\u00e4lper b\u00e5de privatpersoner, f\u00f6retag och f\u00f6reningar. Klicka p\u00e5 knappen f\u00f6r att starta (\u00d6ppnas i nytt f\u00f6nster) Intresseanm\u00e4lan En storst\u00e4dning \u00e4r mycket grundlig. [&hellip;]\" \/>\n<meta property=\"og:url\" content=\"https:\/\/akkahemservice.se\/gotland\/tjanster\/storstadning\/\" \/>\n<meta property=\"og:site_name\" content=\"Akka Hemservice Gotland\" \/>\n<meta property=\"article:modified_time\" content=\"2025-11-11T17:16:15+00:00\" \/>\n<meta name=\"twitter:label1\" content=\"Ber\u00e4knad l\u00e4stid\" \/>\n\t<meta name=\"twitter:data1\" content=\"1 minut\" \/>\n<script type=\"application\/ld+json\" class=\"yoast-schema-graph\">{\"@context\":\"https:\/\/schema.org\",\"@graph\":[{\"@type\":\"WebPage\",\"@id\":\"https:\/\/akkahemservice.se\/gotland\/tjanster\/storstadning\/\",\"url\":\"https:\/\/akkahemservice.se\/gotland\/tjanster\/storstadning\/\",\"name\":\"Storst\u00e4dning - Akka Hemservice Gotland\",\"isPartOf\":{\"@id\":\"https:\/\/akkahemservice.se\/gotland\/#website\"},\"datePublished\":\"2015-04-11T17:44:08+00:00\",\"dateModified\":\"2025-11-11T17:16:15+00:00\",\"breadcrumb\":{\"@id\":\"https:\/\/akkahemservice.se\/gotland\/tjanster\/storstadning\/#breadcrumb\"},\"inLanguage\":\"sv-SE\",\"potentialAction\":[{\"@type\":\"ReadAction\",\"target\":[\"https:\/\/akkahemservice.se\/gotland\/tjanster\/storstadning\/\"]}]},{\"@type\":\"BreadcrumbList\",\"@id\":\"https:\/\/akkahemservice.se\/gotland\/tjanster\/storstadning\/#breadcrumb\",\"itemListElement\":[{\"@type\":\"ListItem\",\"position\":1,\"name\":\"Hem\",\"item\":\"https:\/\/akkahemservice.se\/gotland\/\"},{\"@type\":\"ListItem\",\"position\":2,\"name\":\"Tj\u00e4nster\",\"item\":\"https:\/\/akkahemservice.se\/gotland\/tjanster\/\"},{\"@type\":\"ListItem\",\"position\":3,\"name\":\"Storst\u00e4dning\"}]},{\"@type\":\"WebSite\",\"@id\":\"https:\/\/akkahemservice.se\/gotland\/#website\",\"url\":\"https:\/\/akkahemservice.se\/gotland\/\",\"name\":\"Akka Hemservice Gotland\",\"description\":\"St\u00e4dning och f\u00f6nsterputs f\u00f6r privatpersoner och f\u00f6retag p\u00e5 Gotland.\",\"potentialAction\":[{\"@type\":\"SearchAction\",\"target\":{\"@type\":\"EntryPoint\",\"urlTemplate\":\"https:\/\/akkahemservice.se\/gotland\/?s={search_term_string}\"},\"query-input\":{\"@type\":\"PropertyValueSpecification\",\"valueRequired\":true,\"valueName\":\"search_term_string\"}}],\"inLanguage\":\"sv-SE\"}]}<\/script>\n<!-- \/ Yoast SEO plugin. -->","yoast_head_json":{"title":"Storst\u00e4dning - Akka Hemservice Gotland","robots":{"index":"index","follow":"follow","max-snippet":"max-snippet:-1","max-image-preview":"max-image-preview:large","max-video-preview":"max-video-preview:-1"},"canonical":"https:\/\/akkahemservice.se\/gotland\/tjanster\/storstadning\/","og_locale":"sv_SE","og_type":"article","og_title":"Storst\u00e4dning - Akka Hemservice Gotland","og_description":"Intresserad av st\u00e4dhj\u00e4lp? Vad roligt att ni vill ha v\u00e5r hj\u00e4lp med st\u00e4dning, f\u00f6nsterputsning, tr\u00e4dg\u00e5rdsarbete m.m. Fyll i denna intresseanm\u00e4lan s\u00e5 \u00e5terkommer vi till er s\u00e5 snart vi kan med en offert. Vi hj\u00e4lper b\u00e5de privatpersoner, f\u00f6retag och f\u00f6reningar. Klicka p\u00e5 knappen f\u00f6r att starta (\u00d6ppnas i nytt f\u00f6nster) Intresseanm\u00e4lan En storst\u00e4dning \u00e4r mycket grundlig. [&hellip;]","og_url":"https:\/\/akkahemservice.se\/gotland\/tjanster\/storstadning\/","og_site_name":"Akka Hemservice Gotland","article_modified_time":"2025-11-11T17:16:15+00:00","twitter_misc":{"Ber\u00e4knad l\u00e4stid":"1 minut"},"schema":{"@context":"https:\/\/schema.org","@graph":[{"@type":"WebPage","@id":"https:\/\/akkahemservice.se\/gotland\/tjanster\/storstadning\/","url":"https:\/\/akkahemservice.se\/gotland\/tjanster\/storstadning\/","name":"Storst\u00e4dning - Akka Hemservice Gotland","isPartOf":{"@id":"https:\/\/akkahemservice.se\/gotland\/#website"},"datePublished":"2015-04-11T17:44:08+00:00","dateModified":"2025-11-11T17:16:15+00:00","breadcrumb":{"@id":"https:\/\/akkahemservice.se\/gotland\/tjanster\/storstadning\/#breadcrumb"},"inLanguage":"sv-SE","potentialAction":[{"@type":"ReadAction","target":["https:\/\/akkahemservice.se\/gotland\/tjanster\/storstadning\/"]}]},{"@type":"BreadcrumbList","@id":"https:\/\/akkahemservice.se\/gotland\/tjanster\/storstadning\/#breadcrumb","itemListElement":[{"@type":"ListItem","position":1,"name":"Hem","item":"https:\/\/akkahemservice.se\/gotland\/"},{"@type":"ListItem","position":2,"name":"Tj\u00e4nster","item":"https:\/\/akkahemservice.se\/gotland\/tjanster\/"},{"@type":"ListItem","position":3,"name":"Storst\u00e4dning"}]},{"@type":"WebSite","@id":"https:\/\/akkahemservice.se\/gotland\/#website","url":"https:\/\/akkahemservice.se\/gotland\/","name":"Akka Hemservice Gotland","description":"St\u00e4dning och f\u00f6nsterputs f\u00f6r privatpersoner och f\u00f6retag p\u00e5 Gotland.","potentialAction":[{"@type":"SearchAction","target":{"@type":"EntryPoint","urlTemplate":"https:\/\/akkahemservice.se\/gotland\/?s={search_term_string}"},"query-input":{"@type":"PropertyValueSpecification","valueRequired":true,"valueName":"search_term_string"}}],"inLanguage":"sv-SE"}]}},"_links":{"self":[{"href":"https:\/\/akkahemservice.se\/gotland\/wp-json\/wp\/v2\/pages\/251","targetHints":{"allow":["GET"]}}],"collection":[{"href":"https:\/\/akkahemservice.se\/gotland\/wp-json\/wp\/v2\/pages"}],"about":[{"href":"https:\/\/akkahemservice.se\/gotland\/wp-json\/wp\/v2\/types\/page"}],"author":[{"embeddable":true,"href":"https:\/\/akkahemservice.se\/gotland\/wp-json\/wp\/v2\/users\/1"}],"replies":[{"embeddable":true,"href":"https:\/\/akkahemservice.se\/gotland\/wp-json\/wp\/v2\/comments?post=251"}],"version-history":[{"count":11,"href":"https:\/\/akkahemservice.se\/gotland\/wp-json\/wp\/v2\/pages\/251\/revisions"}],"predecessor-version":[{"id":1051,"href":"https:\/\/akkahemservice.se\/gotland\/wp-json\/wp\/v2\/pages\/251\/revisions\/1051"}],"up":[{"embeddable":true,"href":"https:\/\/akkahemservice.se\/gotland\/wp-json\/wp\/v2\/pages\/5"}],"wp:attachment":[{"href":"https:\/\/akkahemservice.se\/gotland\/wp-json\/wp\/v2\/media?parent=251"}],"curies":[{"name":"wp","href":"https:\/\/api.w.org\/{rel}","templated":true}]}}