{"id":249,"date":"2015-04-11T19:43:48","date_gmt":"2015-04-11T17:43:48","guid":{"rendered":"https:\/\/akkahemservice.se\/gotland\/?page_id=249"},"modified":"2026-05-05T10:56:43","modified_gmt":"2026-05-05T08:56:43","slug":"vardagsstadning","status":"publish","type":"page","link":"https:\/\/akkahemservice.se\/gotland\/tjanster\/vardagsstadning\/","title":{"rendered":"Vardagsst\u00e4dning"},"content":{"rendered":"<div id=\"m2ucontainer\">\n<div class=\"row windowbox\">\n<div class=\"col-12\">\n<h1>Intresserad av st\u00e4dhj\u00e4lp?<\/h1>\n<p>Vad roligt att ni vill ha v\u00e5r hj\u00e4lp med st\u00e4dning, f\u00f6nsterputsning, tr\u00e4dg\u00e5rdsarbete m.m. Fyll i denna<br \/>\n                    intresseanm\u00e4lan s\u00e5 \u00e5terkommer vi till er s\u00e5 snart vi kan med en offert.<br \/>\n                    Vi hj\u00e4lper b\u00e5de privatpersoner, f\u00f6retag och f\u00f6reningar.\n                <\/p>\n<\/p><\/div>\n<div class=\"col-12\">\n<h3 style=\"color: #c8c8c8;\">Klicka p\u00e5 knappen f\u00f6r att starta<\/h3>\n<p><a href=\"\/gotland\/intresseanmalan\"><button style=\"font-size: 20px; padding: 20px 30px;\" type=\"button\">Intresseanm\u00e4lan<\/button><\/a>\n            <\/div>\n<\/p><\/div>\n<\/div>\n<\/div>\n<p>Regelbunden st\u00e4dning. I samband med vardagsst\u00e4dning kan vi \u00e4ven hj\u00e4lpa till med tv\u00e4tt &amp; strykning.<br \/>\nVid st\u00e4duppdrag s\u00e5 f\u00f6ruts\u00e4tter vi att du har en bra dammsugare och en bra mopp (g\u00e4rna plattmopp), vi st\u00e5r f\u00f6r trasor och milj\u00f6v\u00e4nliga reng\u00f6ringsmedel.<\/p>\n<p>V\u00e5ra checklistor g\u00e4llande vardagsst\u00e4dning:<\/p>\n<h2>K\u00f6k<\/h2>\n<table>\n<tbody>\n<tr>\n<td>\u2022 \u00a0 \u00a0Generellt: Alla sk\u00e5p och b\u00e4nkar torkas av p\u00e5 utsidan, fl\u00e4ckar tas bort<\/td>\n<td>Varje g\u00e5ng<\/td>\n<\/tr>\n<tr>\n<td>\u2022 \u00a0 \u00a0Diskb\u00e4nk plus sk\u00e5pet under diskb\u00e4nk<\/td>\n<td>Varje g\u00e5ng<\/td>\n<\/tr>\n<tr>\n<td>\u2022 \u00a0 \u00a0Spis, plattor, spish\u00e4ll<\/td>\n<td>Varje g\u00e5ng<\/td>\n<\/tr>\n<tr>\n<td>\u2022 \u00a0 \u00a0Fl\u00e4kt<\/td>\n<td>Enligt \u00f6nskem\u00e5l<\/td>\n<\/tr>\n<tr>\n<td>\u2022 \u00a0 \u00a0Spis\/ugn p\u00e5 insida<\/td>\n<td>Varje g\u00e5ng<\/td>\n<\/tr>\n<tr>\n<td>\u2022 \u00a0 \u00a0Mikrov\u00e5gsugn insida<\/td>\n<td>Varje g\u00e5ng<\/td>\n<\/tr>\n<tr>\n<td>\u2022 \u00a0 \u00a0Diskmaskin utsida<\/td>\n<td>Varje g\u00e5ng<\/td>\n<\/tr>\n<tr>\n<td>\u2022 \u00a0 \u00a0Diskmaskin &#8211; insida<\/td>\n<td>Vid behov<\/td>\n<\/tr>\n<tr>\n<td>\u2022 \u00a0 \u00a0Kylsk\u00e5p- insida<\/td>\n<td>Enligt \u00f6nskem\u00e5l<\/td>\n<\/tr>\n<tr>\n<td>\u2022 \u00a0 \u00a0Frys, avfrysning<\/td>\n<td>Enligt \u00f6nskem\u00e5l<\/td>\n<\/tr>\n<tr>\n<td>\u2022 \u00a0 \u00a0Golv \u2013 dammsuges och v\u00e5ttorkas<\/td>\n<td>Varje g\u00e5ng<\/td>\n<\/tr>\n<tr>\n<td>\u2022 \u00a0 \u00a0V\u00e4ggar<\/td>\n<td>Enligt \u00f6nskem\u00e5l<\/td>\n<\/tr>\n<tr>\n<td>\u2022 \u00a0 \u00a0Ovansida av sk\u00e5p<\/td>\n<td>Enligt \u00f6nskem\u00e5l<\/td>\n<\/tr>\n<\/tbody>\n<\/table>\n<h2>Badrum<\/h2>\n<table>\n<tbody>\n<tr>\n<td>\u2022 \u00a0 \u00a0Generellt: Avtorkning med v\u00e5t trasa\/reng\u00f6ringsmedel p\u00e5 alla ytor<\/td>\n<td>Varje g\u00e5ng<\/td>\n<\/tr>\n<tr>\n<td>\u2022 \u00a0 \u00a0Toalett \u2013 inv\u00e4ndigt och utv\u00e4ndigt<\/td>\n<td>Varje g\u00e5ng<\/td>\n<\/tr>\n<tr>\n<td>\u2022 \u00a0 \u00a0Tv\u00e4ttst\u00e4ll \u2013 inv\u00e4ndigt , utv\u00e4ndigt och under<\/td>\n<td>Varje g\u00e5ng<\/td>\n<\/tr>\n<tr>\n<td>\u2022 \u00a0 \u00a0Badkar \u2013 utv\u00e4ndigt p\u00e5 sidor<\/td>\n<td>Varje g\u00e5ng<\/td>\n<\/tr>\n<tr>\n<td>\u2022 \u00a0 \u00a0Badkar \u2013 under o bakom<\/td>\n<td>Enligt \u00f6nskem\u00e5l<\/td>\n<\/tr>\n<tr>\n<td>\u2022 \u00a0 \u00a0Sk\u00e5p och spegel &#8211; utv\u00e4ndigt<\/td>\n<td>Varje g\u00e5ng<\/td>\n<\/tr>\n<tr>\n<td>\u2022 \u00a0 \u00a0Duschkabin \u2013 sidor och golv<\/td>\n<td>Varje g\u00e5ng<\/td>\n<\/tr>\n<tr>\n<td>\u2022 \u00a0 \u00a0Golv \u2013 avtorkas noga<\/td>\n<td>Varje g\u00e5ng<\/td>\n<\/tr>\n<tr>\n<td>\u2022 \u00a0 \u00a0Extra kakelreng\u00f6ring<\/td>\n<td>Enligt \u00f6nskem\u00e5l<\/td>\n<\/tr>\n<tr>\n<td>\u2022 \u00a0 \u00a0T\u00f6mma Papperskorg<\/td>\n<td>Varje g\u00e5ng<\/td>\n<\/tr>\n<\/tbody>\n<\/table>\n<h2>Sovrum<\/h2>\n<table>\n<tbody>\n<tr>\n<td>\u2022 \u00a0 \u00a0Dammning \u2013 hyllor och avst\u00e4llningsytor<\/td>\n<td>Varje g\u00e5ng<\/td>\n<\/tr>\n<tr>\n<td>\u2022 \u00a0 \u00a0B\u00e4dda s\u00e4ngen<\/td>\n<td>Vid behov<\/td>\n<\/tr>\n<tr>\n<td>\u2022 \u00a0 \u00a0Byta lakan<\/td>\n<td>Enligt \u00f6nskem\u00e5l<\/td>\n<\/tr>\n<tr>\n<td>\u2022 \u00a0 \u00a0Dammsugning<\/td>\n<td>Varje g\u00e5ng<\/td>\n<\/tr>\n<tr>\n<td>\u2022 \u00a0 \u00a0V\u00e5ttorkning av golv<\/td>\n<td>Enligt \u00f6nskem\u00e5l<\/td>\n<\/tr>\n<tr>\n<td>\u2022 \u00a0 \u00a0Papperskorg &#8211; t\u00f6mmes<\/td>\n<td>Varje g\u00e5ng<\/td>\n<\/tr>\n<\/tbody>\n<\/table>\n<h2>Vardagsrum\/matsal\/arbetsrum<\/h2>\n<table>\n<tbody>\n<tr>\n<td>\u2022 \u00a0 \u00a0Generellt \u2013 Undanplockning\/I ordningsst\u00e4llande s\u00e5 att det ser prydligt ut. Saker flyttas inte fr\u00e5n sina platser om det inte \u00e4r uppenbart att de tillh\u00f6r ett annat rum s\u00e5som glas o tallrikar t.ex.<\/td>\n<td>Varje g\u00e5ng<\/td>\n<\/tr>\n<tr>\n<td>\u2022 \u00a0 \u00a0Dammning av hyllor och m\u00f6bler,<br \/>\nSamt prydnadssaker*<\/td>\n<td>Varje g\u00e5ng<\/td>\n<\/tr>\n<tr>\n<td>\u2022 \u00a0 \u00a0Dammsugning:<br \/>\n\u2022 \u00a0 \u00a0Golv<br \/>\n\u2022 \u00a0 \u00a0Mattor<br \/>\n\u2022 \u00a0 \u00a0Stoppade m\u00f6bler<\/td>\n<td>Varje g\u00e5ng<\/td>\n<\/tr>\n<tr>\n<td>\u2022 \u00a0 \u00a0V\u00e5ttorkning av golv<\/td>\n<td>Enligt \u00f6nskem\u00e5l<\/td>\n<\/tr>\n<tr>\n<td>\u2022 \u00a0 \u00a0Papperskorgar t\u00f6mmes<\/td>\n<td>&#8211;<\/td>\n<\/tr>\n<\/tbody>\n<\/table>\n<h2>Barnrum<\/h2>\n<table>\n<tbody>\n<tr>\n<td>\u2022 \u00a0 \u00a0Generellt: Leksaker \u00e4r sv\u00e5ra att plocka undan, ha g\u00e4rna en l\u00e5da d\u00e4r man kan l\u00e4gga det som \u00e4r p\u00e5 golvet.<\/td>\n<td><\/td>\n<\/tr>\n<tr>\n<td>\u2022 \u00a0 \u00a0Undanplockning<\/td>\n<td>Om det g\u00e5r<\/td>\n<\/tr>\n<tr>\n<td>\u2022 \u00a0 \u00a0Dammning<\/td>\n<td>Varje g\u00e5ng<\/td>\n<\/tr>\n<tr>\n<td>\u2022 \u00a0 \u00a0Dammsugning<\/td>\n<td>Varje g\u00e5ng<\/td>\n<\/tr>\n<tr>\n<td>\u2022 \u00a0 \u00a0V\u00e5ttorkning<\/td>\n<td>Enligt \u00f6nskem\u00e5l<\/td>\n<\/tr>\n<\/tbody>\n<\/table>\n<h2>Hall, groving\u00e5ng<\/h2>\n<table>\n<tbody>\n<tr>\n<td>\u2022 \u00a0 \u00a0Generell dammsugning och v\u00e5ttorkning av golv, dammning av m\u00f6bler<\/td>\n<td>Varje g\u00e5ng<\/td>\n<\/tr>\n<\/tbody>\n<\/table>\n<h2>Tv\u00e4ttstuga<\/h2>\n<table>\n<tbody>\n<tr>\n<td>\u2022 \u00a0 \u00a0Dammning, dammsugning och v\u00e5ttorkning av golv<\/td>\n<td>Varje g\u00e5ng<\/td>\n<\/tr>\n<tr>\n<td>\u2022 \u00a0 \u00a0Reng\u00f6ring av torktumlare och tv\u00e4ttmaskin<\/td>\n<td>Vid behov<\/td>\n<\/tr>\n<\/tbody>\n<\/table>\n<h2>\u00d6vrigt<\/h2>\n<table>\n<tbody>\n<tr>\n<td>\u2022 \u00a0 \u00a0F\u00f6nster<\/td>\n<td>Enligt \u00f6nskem\u00e5l<\/td>\n<\/tr>\n<tr>\n<td>\u2022 \u00a0 \u00a0Golvv\u00e5rd- skura bona m.m.<\/td>\n<td>Enligt \u00f6nskem\u00e5l<\/td>\n<\/tr>\n<\/tbody>\n<\/table>\n<p>&nbsp;<\/p>\n","protected":false},"excerpt":{"rendered":"<p>Intresserad av st\u00e4dhj\u00e4lp? Vad roligt att ni vill ha v\u00e5r hj\u00e4lp med st\u00e4dning, f\u00f6nsterputsning, tr\u00e4dg\u00e5rdsarbete m.m. Fyll i denna intresseanm\u00e4lan s\u00e5 \u00e5terkommer vi till er s\u00e5 snart vi kan med en offert. Vi hj\u00e4lper b\u00e5de privatpersoner, f\u00f6retag och f\u00f6reningar. Klicka p\u00e5 knappen f\u00f6r att starta Intresseanm\u00e4lan Regelbunden st\u00e4dning. I samband med vardagsst\u00e4dning kan vi \u00e4ven [&hellip;]<\/p>\n","protected":false},"author":1,"featured_media":0,"parent":5,"menu_order":0,"comment_status":"closed","ping_status":"open","template":"","meta":{"footnotes":""},"class_list":["post-249","page","type-page","status-publish","hentry"],"yoast_head":"<!-- This site is optimized with the Yoast SEO plugin v27.5 - https:\/\/yoast.com\/product\/yoast-seo-wordpress\/ -->\n<title>Vardagsst\u00e4dning - Akka Hemservice Gotland<\/title>\n<meta name=\"robots\" content=\"index, follow, max-snippet:-1, max-image-preview:large, max-video-preview:-1\" \/>\n<link rel=\"canonical\" href=\"https:\/\/akkahemservice.se\/gotland\/tjanster\/vardagsstadning\/\" \/>\n<meta property=\"og:locale\" content=\"sv_SE\" \/>\n<meta property=\"og:type\" content=\"article\" \/>\n<meta property=\"og:title\" content=\"Vardagsst\u00e4dning - Akka Hemservice Gotland\" \/>\n<meta property=\"og:description\" content=\"Intresserad av st\u00e4dhj\u00e4lp? Vad roligt att ni vill ha v\u00e5r hj\u00e4lp med st\u00e4dning, f\u00f6nsterputsning, tr\u00e4dg\u00e5rdsarbete m.m. Fyll i denna intresseanm\u00e4lan s\u00e5 \u00e5terkommer vi till er s\u00e5 snart vi kan med en offert. Vi hj\u00e4lper b\u00e5de privatpersoner, f\u00f6retag och f\u00f6reningar. Klicka p\u00e5 knappen f\u00f6r att starta Intresseanm\u00e4lan Regelbunden st\u00e4dning. I samband med vardagsst\u00e4dning kan vi \u00e4ven [&hellip;]\" \/>\n<meta property=\"og:url\" content=\"https:\/\/akkahemservice.se\/gotland\/tjanster\/vardagsstadning\/\" \/>\n<meta property=\"og:site_name\" content=\"Akka Hemservice Gotland\" \/>\n<meta property=\"article:modified_time\" content=\"2026-05-05T08:56:43+00:00\" \/>\n<meta name=\"twitter:label1\" content=\"Ber\u00e4knad l\u00e4stid\" \/>\n\t<meta name=\"twitter:data1\" content=\"3 minuter\" \/>\n<script type=\"application\/ld+json\" class=\"yoast-schema-graph\">{\"@context\":\"https:\\\/\\\/schema.org\",\"@graph\":[{\"@type\":\"WebPage\",\"@id\":\"https:\\\/\\\/akkahemservice.se\\\/gotland\\\/tjanster\\\/vardagsstadning\\\/\",\"url\":\"https:\\\/\\\/akkahemservice.se\\\/gotland\\\/tjanster\\\/vardagsstadning\\\/\",\"name\":\"Vardagsst\u00e4dning - Akka Hemservice Gotland\",\"isPartOf\":{\"@id\":\"https:\\\/\\\/akkahemservice.se\\\/gotland\\\/#website\"},\"datePublished\":\"2015-04-11T17:43:48+00:00\",\"dateModified\":\"2026-05-05T08:56:43+00:00\",\"breadcrumb\":{\"@id\":\"https:\\\/\\\/akkahemservice.se\\\/gotland\\\/tjanster\\\/vardagsstadning\\\/#breadcrumb\"},\"inLanguage\":\"sv-SE\",\"potentialAction\":[{\"@type\":\"ReadAction\",\"target\":[\"https:\\\/\\\/akkahemservice.se\\\/gotland\\\/tjanster\\\/vardagsstadning\\\/\"]}]},{\"@type\":\"BreadcrumbList\",\"@id\":\"https:\\\/\\\/akkahemservice.se\\\/gotland\\\/tjanster\\\/vardagsstadning\\\/#breadcrumb\",\"itemListElement\":[{\"@type\":\"ListItem\",\"position\":1,\"name\":\"Hem\",\"item\":\"https:\\\/\\\/akkahemservice.se\\\/gotland\\\/\"},{\"@type\":\"ListItem\",\"position\":2,\"name\":\"Tj\u00e4nster\",\"item\":\"https:\\\/\\\/akkahemservice.se\\\/gotland\\\/tjanster\\\/\"},{\"@type\":\"ListItem\",\"position\":3,\"name\":\"Vardagsst\u00e4dning\"}]},{\"@type\":\"WebSite\",\"@id\":\"https:\\\/\\\/akkahemservice.se\\\/gotland\\\/#website\",\"url\":\"https:\\\/\\\/akkahemservice.se\\\/gotland\\\/\",\"name\":\"Akka Hemservice Gotland\",\"description\":\"St\u00e4dning och f\u00f6nsterputs f\u00f6r privatpersoner och f\u00f6retag p\u00e5 Gotland.\",\"potentialAction\":[{\"@type\":\"SearchAction\",\"target\":{\"@type\":\"EntryPoint\",\"urlTemplate\":\"https:\\\/\\\/akkahemservice.se\\\/gotland\\\/?s={search_term_string}\"},\"query-input\":{\"@type\":\"PropertyValueSpecification\",\"valueRequired\":true,\"valueName\":\"search_term_string\"}}],\"inLanguage\":\"sv-SE\"}]}<\/script>\n<!-- \/ Yoast SEO plugin. -->","yoast_head_json":{"title":"Vardagsst\u00e4dning - Akka Hemservice Gotland","robots":{"index":"index","follow":"follow","max-snippet":"max-snippet:-1","max-image-preview":"max-image-preview:large","max-video-preview":"max-video-preview:-1"},"canonical":"https:\/\/akkahemservice.se\/gotland\/tjanster\/vardagsstadning\/","og_locale":"sv_SE","og_type":"article","og_title":"Vardagsst\u00e4dning - Akka Hemservice Gotland","og_description":"Intresserad av st\u00e4dhj\u00e4lp? Vad roligt att ni vill ha v\u00e5r hj\u00e4lp med st\u00e4dning, f\u00f6nsterputsning, tr\u00e4dg\u00e5rdsarbete m.m. Fyll i denna intresseanm\u00e4lan s\u00e5 \u00e5terkommer vi till er s\u00e5 snart vi kan med en offert. Vi hj\u00e4lper b\u00e5de privatpersoner, f\u00f6retag och f\u00f6reningar. Klicka p\u00e5 knappen f\u00f6r att starta Intresseanm\u00e4lan Regelbunden st\u00e4dning. I samband med vardagsst\u00e4dning kan vi \u00e4ven [&hellip;]","og_url":"https:\/\/akkahemservice.se\/gotland\/tjanster\/vardagsstadning\/","og_site_name":"Akka Hemservice Gotland","article_modified_time":"2026-05-05T08:56:43+00:00","twitter_misc":{"Ber\u00e4knad l\u00e4stid":"3 minuter"},"schema":{"@context":"https:\/\/schema.org","@graph":[{"@type":"WebPage","@id":"https:\/\/akkahemservice.se\/gotland\/tjanster\/vardagsstadning\/","url":"https:\/\/akkahemservice.se\/gotland\/tjanster\/vardagsstadning\/","name":"Vardagsst\u00e4dning - Akka Hemservice Gotland","isPartOf":{"@id":"https:\/\/akkahemservice.se\/gotland\/#website"},"datePublished":"2015-04-11T17:43:48+00:00","dateModified":"2026-05-05T08:56:43+00:00","breadcrumb":{"@id":"https:\/\/akkahemservice.se\/gotland\/tjanster\/vardagsstadning\/#breadcrumb"},"inLanguage":"sv-SE","potentialAction":[{"@type":"ReadAction","target":["https:\/\/akkahemservice.se\/gotland\/tjanster\/vardagsstadning\/"]}]},{"@type":"BreadcrumbList","@id":"https:\/\/akkahemservice.se\/gotland\/tjanster\/vardagsstadning\/#breadcrumb","itemListElement":[{"@type":"ListItem","position":1,"name":"Hem","item":"https:\/\/akkahemservice.se\/gotland\/"},{"@type":"ListItem","position":2,"name":"Tj\u00e4nster","item":"https:\/\/akkahemservice.se\/gotland\/tjanster\/"},{"@type":"ListItem","position":3,"name":"Vardagsst\u00e4dning"}]},{"@type":"WebSite","@id":"https:\/\/akkahemservice.se\/gotland\/#website","url":"https:\/\/akkahemservice.se\/gotland\/","name":"Akka Hemservice Gotland","description":"St\u00e4dning och f\u00f6nsterputs f\u00f6r privatpersoner och f\u00f6retag p\u00e5 Gotland.","potentialAction":[{"@type":"SearchAction","target":{"@type":"EntryPoint","urlTemplate":"https:\/\/akkahemservice.se\/gotland\/?s={search_term_string}"},"query-input":{"@type":"PropertyValueSpecification","valueRequired":true,"valueName":"search_term_string"}}],"inLanguage":"sv-SE"}]}},"_links":{"self":[{"href":"https:\/\/akkahemservice.se\/gotland\/wp-json\/wp\/v2\/pages\/249","targetHints":{"allow":["GET"]}}],"collection":[{"href":"https:\/\/akkahemservice.se\/gotland\/wp-json\/wp\/v2\/pages"}],"about":[{"href":"https:\/\/akkahemservice.se\/gotland\/wp-json\/wp\/v2\/types\/page"}],"author":[{"embeddable":true,"href":"https:\/\/akkahemservice.se\/gotland\/wp-json\/wp\/v2\/users\/1"}],"replies":[{"embeddable":true,"href":"https:\/\/akkahemservice.se\/gotland\/wp-json\/wp\/v2\/comments?post=249"}],"version-history":[{"count":19,"href":"https:\/\/akkahemservice.se\/gotland\/wp-json\/wp\/v2\/pages\/249\/revisions"}],"predecessor-version":[{"id":1130,"href":"https:\/\/akkahemservice.se\/gotland\/wp-json\/wp\/v2\/pages\/249\/revisions\/1130"}],"up":[{"embeddable":true,"href":"https:\/\/akkahemservice.se\/gotland\/wp-json\/wp\/v2\/pages\/5"}],"wp:attachment":[{"href":"https:\/\/akkahemservice.se\/gotland\/wp-json\/wp\/v2\/media?parent=249"}],"curies":[{"name":"wp","href":"https:\/\/api.w.org\/{rel}","templated":true}]}}