{"id":194,"date":"2014-09-08T20:08:36","date_gmt":"2014-09-08T18:08:36","guid":{"rendered":"http:\/\/akkagotland.se\/gotland\/?page_id=194"},"modified":"2025-11-11T18:16:15","modified_gmt":"2025-11-11T17:16:15","slug":"stadtips","status":"publish","type":"page","link":"https:\/\/akkahemservice.se\/gotland\/stadtips\/","title":{"rendered":"St\u00e4dtips"},"content":{"rendered":"<h1><img loading=\"lazy\" decoding=\"async\" class=\"alignnone size-full wp-image-805\" src=\"https:\/\/akkahemservice.se\/gotland\/wp-content\/uploads\/sites\/3\/2020\/01\/LM1A9639.jpg\" alt=\"\" width=\"2000\" height=\"840\" srcset=\"https:\/\/akkahemservice.se\/gotland\/wp-content\/uploads\/sites\/3\/2020\/01\/LM1A9639.jpg 2000w, https:\/\/akkahemservice.se\/gotland\/wp-content\/uploads\/sites\/3\/2020\/01\/LM1A9639-300x126.jpg 300w, https:\/\/akkahemservice.se\/gotland\/wp-content\/uploads\/sites\/3\/2020\/01\/LM1A9639-768x323.jpg 768w, https:\/\/akkahemservice.se\/gotland\/wp-content\/uploads\/sites\/3\/2020\/01\/LM1A9639-1024x430.jpg 1024w\" sizes=\"auto, (max-width: 2000px) 100vw, 2000px\" \/><\/h1>\n<h1>V\u00e5ra b\u00e4sta st\u00e4dtips<\/h1>\n<h2>Ta bort tuggumi<\/h2>\n<p>Du f\u00e5r bort tuggumifl\u00e4ckar genom att frysa dem. L\u00e4gg en p\u00e5se med isbitar p\u00e5 fl\u00e4cken eller l\u00e4gg hela tyget i frysen en stund. Sedan g\u00e5r det att skrapa bort tuggummit. Anv\u00e4nd ren alkohol om det finns n\u00e5gon rest kvar. P\u00e5 h\u00e5rda ytor kan du anv\u00e4nda suddgummi. Ett annat s\u00e4tt att f\u00e5 bort tuggummi \u00e4r att trycka en bit sandpapper mot fl\u00e4cken och stryka (fr\u00e5n avigsidan) med varmt j\u00e4rn.<\/p>\n<h2>Klinkersgolv<\/h2>\n<p>F\u00f6r att g\u00f6ra rent fogarna mellan klinkers kan du anv\u00e4nda 24% \u00e4ttiksyra, vilket tar bort det svarta. L\u00e5t verka 5-10 min, gnid in g\u00e5ng p\u00e5 g\u00e5ng och sk\u00f6lj med vatten. Anv\u00e4nd en skurborste eller tandborste f\u00f6r att komma \u00e5t i de mindre springorna. Universall\u00f6sningen med s\u00e5pa och vatten fungerar ocks\u00e5 bra att tv\u00e4tta klinkers med.<\/p>\n<h2>Reng\u00f6ring av platt\u00e5ng<\/h2>\n<p>Fukta en trasa med lite f\u00f6nsterputs s\u00e5 g\u00f6r du l\u00e4tt ren ytorna.<br \/>\nSkulle detta inte hj\u00e4lpa kan du reng\u00f6ra plattorna med samma reng\u00f6ringsmedel som man anv\u00e4nder f\u00f6r glaskeramikh\u00e4llar p\u00e5 spisar.<br \/>\nMan kan \u00e4ven ta ett rakblad och f\u00f6rsiktigt skrapa rent ytorna om det fastnat smuts, ta d\u00e4refter en trasa med f\u00f6nsterputs f\u00f6r slutfinish.<\/p>\n<h2>P\u00e4ls\u00e4ngrar och silverfiskar<\/h2>\n<p>F\u00f6r att f\u00f6rhindra att p\u00e4ls\u00e4ngrar flyttar in kan man binda ett tj\u00e4rsn\u00f6re i ett element eller p\u00e5 soffbenet. Man kan \u00e4ven droppa lite aromatiska oljor p\u00e5 ett melittafilter och l\u00e4gga i till exempel garderoben.<br \/>\nF\u00f6r att f\u00e5 bort silverfiskar p\u00e5 toaletten kan man \u00e4ven stryka lite aromatiska oljor l\u00e4ngs lister och tr\u00f6sklar d\u00e4r.<\/p>\n<h2>F\u00e5 gulnad plast vit igen<\/h2>\n<p>L\u00e5t den gula plasten, till exempel en v\u00e4ggkontakt, ligga i s\u00e5pavatten en natt s\u00e5 blir den vit och fr\u00e4sch igen. (Se till att den \u00e4r helt torr innan du anv\u00e4nder den.)<\/p>\n<h2>St\u00e4dtips f\u00f6r en dammig soffa<\/h2>\n<p>Fukta ett lakan och l\u00e4gg p\u00e5 soffan. Daska sedan med en mattpiska s\u00e5 sugs dammet upp i lakanet och flyger inte omkring i l\u00e4genheten.<\/p>\n<h2>Reng\u00f6r dina pianotangenter<\/h2>\n<p>Ta lite tandkr\u00e4m p\u00e5 en trasa och gnugga p\u00e5 pianotangenterna. Tandkr\u00e4men slipar p\u00e5 ett skonsamt s\u00e4tt bort smutsen \u2013 utan att skada pianot.<\/p>\n<h2>F\u00e5 bort blomflugor<\/h2>\n<p>T\u00e4nd en t\u00e4ndsticka och stoppa ner den med svavelsidan ned\u00e5t i blomjorden i din blomkruka. Detta fungerar utm\u00e4rkt f\u00f6r att h\u00e5lla blomflugorna borta.<\/p>\n<h2>Ingrodd mikrov\u00e5gsugn<\/h2>\n<p>Saften fr\u00e5n en citron blandas med vatten i en sk\u00e5l och st\u00e4lls in i mikrov\u00e5gsugnen. K\u00f6r p\u00e5 full effekt n\u00e5gra minuter och den ingrodda smutsen l\u00f6ses upp och g\u00e5r att torka bort med en trasa.<\/p>\n<h2>F\u00e5 bort r\u00f6klukt<\/h2>\n<p>F\u00f6r att f\u00e5 bort r\u00f6klukt ur ditt hus eller bil kan man h\u00e4lla lite \u00e4ttika i en sk\u00e5l och ha framme ett par dagar \u2013 det suger upp od\u00f6ren och hemmet blir fritt fr\u00e5n r\u00f6klukten!<\/p>\n<h2>Avl\u00e4gsna rester fr\u00e5n klisterm\u00e4rken<\/h2>\n<p>H\u00e4ll matolja p\u00e5 en bomullstuss och gnid p\u00e5 m\u00e4rkena tills de \u00e4r borta. Om det \u00e4r mycket klister kanske du beh\u00f6ver hj\u00e4lpa till att skrapa f\u00f6rsiktigt med n\u00e5gon typ av tr\u00e4kniv. Tv\u00e4tta efter med vatten blandat med n\u00e5gra droppar diskmedel och \u00e4ttika.<\/p>\n<h2>Ren och fr\u00e4sch disktrasa<\/h2>\n<p>Reng\u00f6r disktrasan! \u00c4ven om disktrasan inte ser s\u00e5 smutsig ut beh\u00f6ver den bli fri fr\u00e5n bakterier. Koka upp vatten och trasan med lite diskmedel. Detta b\u00f6r g\u00f6ras minst en g\u00e5ng i veckan, s\u00e5 d\u00f6r alla bakterier.<\/p>\n<h2>Vattenfl\u00e4ckar p\u00e5 teakm\u00f6bler<\/h2>\n<p>Ta lite aska p\u00e5 en l\u00e4tt fuktad trasa och sm\u00f6rj in vattenfl\u00e4ckarna p\u00e5 teakm\u00f6blerna. Ta d\u00e4refter p\u00e5 lite vanlig m\u00f6belolja och de ser ut som nya!<\/p>\n<h2>Ingrodd smuts i badkaret<\/h2>\n<p>Problem med ingrodd smuts i badkaret? Sk\u00e4r upp en grapefrukt, h\u00e4ll p\u00e5 salt och gnid p\u00e5 badkaret. Grapefrukten inneh\u00e5ller en syra som tar sig igenom smutsen och kombinationen salt och syra g\u00f6r att grapefrukthalvan fungerar som skrubborste.<\/p>\n<h2>Ett litet v\u00e5rtips f\u00f6r missf\u00e4rgade tr\u00e4dg\u00e5rdsm\u00f6bler<\/h2>\n<p>Ta bort gr\u00f6na algavlagringar p\u00e5 utem\u00f6bler genom att g\u00f6ra rent dem med 1 liter ljummet vatten + 2 dl \u00e4ttika. Sk\u00f6lj noga efter\u00e5t med vanligt vatten.<\/p>\n","protected":false},"excerpt":{"rendered":"<p>V\u00e5ra b\u00e4sta st\u00e4dtips Ta bort tuggumi Du f\u00e5r bort tuggumifl\u00e4ckar genom att frysa dem. L\u00e4gg en p\u00e5se med isbitar p\u00e5 fl\u00e4cken eller l\u00e4gg hela tyget i frysen en stund. Sedan g\u00e5r det att skrapa bort tuggummit. Anv\u00e4nd ren alkohol om det finns n\u00e5gon rest kvar. P\u00e5 h\u00e5rda ytor kan du anv\u00e4nda suddgummi. Ett annat s\u00e4tt [&hellip;]<\/p>\n","protected":false},"author":1,"featured_media":0,"parent":0,"menu_order":0,"comment_status":"closed","ping_status":"open","template":"","meta":{"footnotes":""},"class_list":["post-194","page","type-page","status-publish","hentry"],"yoast_head":"<!-- This site is optimized with the Yoast SEO plugin v26.9 - https:\/\/yoast.com\/product\/yoast-seo-wordpress\/ -->\n<title>St\u00e4dtips - Akka Hemservice Gotland<\/title>\n<meta name=\"robots\" content=\"index, follow, max-snippet:-1, max-image-preview:large, max-video-preview:-1\" \/>\n<link rel=\"canonical\" href=\"https:\/\/akkahemservice.se\/gotland\/stadtips\/\" \/>\n<meta property=\"og:locale\" content=\"sv_SE\" \/>\n<meta property=\"og:type\" content=\"article\" \/>\n<meta property=\"og:title\" content=\"St\u00e4dtips - Akka Hemservice Gotland\" \/>\n<meta property=\"og:description\" content=\"V\u00e5ra b\u00e4sta st\u00e4dtips Ta bort tuggumi Du f\u00e5r bort tuggumifl\u00e4ckar genom att frysa dem. L\u00e4gg en p\u00e5se med isbitar p\u00e5 fl\u00e4cken eller l\u00e4gg hela tyget i frysen en stund. Sedan g\u00e5r det att skrapa bort tuggummit. Anv\u00e4nd ren alkohol om det finns n\u00e5gon rest kvar. P\u00e5 h\u00e5rda ytor kan du anv\u00e4nda suddgummi. Ett annat s\u00e4tt [&hellip;]\" \/>\n<meta property=\"og:url\" content=\"https:\/\/akkahemservice.se\/gotland\/stadtips\/\" \/>\n<meta property=\"og:site_name\" content=\"Akka Hemservice Gotland\" \/>\n<meta property=\"article:modified_time\" content=\"2025-11-11T17:16:15+00:00\" \/>\n<meta property=\"og:image\" content=\"https:\/\/akkahemservice.se\/gotland\/wp-content\/uploads\/sites\/3\/2020\/01\/LM1A9639.jpg\" \/>\n\t<meta property=\"og:image:width\" content=\"2000\" \/>\n\t<meta property=\"og:image:height\" content=\"840\" \/>\n\t<meta property=\"og:image:type\" content=\"image\/jpeg\" \/>\n<meta name=\"twitter:label1\" content=\"Ber\u00e4knad l\u00e4stid\" \/>\n\t<meta name=\"twitter:data1\" content=\"4 minuter\" \/>\n<script type=\"application\/ld+json\" class=\"yoast-schema-graph\">{\"@context\":\"https:\/\/schema.org\",\"@graph\":[{\"@type\":\"WebPage\",\"@id\":\"https:\/\/akkahemservice.se\/gotland\/stadtips\/\",\"url\":\"https:\/\/akkahemservice.se\/gotland\/stadtips\/\",\"name\":\"St\u00e4dtips - Akka Hemservice Gotland\",\"isPartOf\":{\"@id\":\"https:\/\/akkahemservice.se\/gotland\/#website\"},\"primaryImageOfPage\":{\"@id\":\"https:\/\/akkahemservice.se\/gotland\/stadtips\/#primaryimage\"},\"image\":{\"@id\":\"https:\/\/akkahemservice.se\/gotland\/stadtips\/#primaryimage\"},\"thumbnailUrl\":\"https:\/\/akkahemservice.se\/gotland\/wp-content\/uploads\/sites\/3\/2020\/01\/LM1A9639.jpg\",\"datePublished\":\"2014-09-08T18:08:36+00:00\",\"dateModified\":\"2025-11-11T17:16:15+00:00\",\"breadcrumb\":{\"@id\":\"https:\/\/akkahemservice.se\/gotland\/stadtips\/#breadcrumb\"},\"inLanguage\":\"sv-SE\",\"potentialAction\":[{\"@type\":\"ReadAction\",\"target\":[\"https:\/\/akkahemservice.se\/gotland\/stadtips\/\"]}]},{\"@type\":\"ImageObject\",\"inLanguage\":\"sv-SE\",\"@id\":\"https:\/\/akkahemservice.se\/gotland\/stadtips\/#primaryimage\",\"url\":\"https:\/\/akkahemservice.se\/gotland\/wp-content\/uploads\/sites\/3\/2020\/01\/LM1A9639.jpg\",\"contentUrl\":\"https:\/\/akkahemservice.se\/gotland\/wp-content\/uploads\/sites\/3\/2020\/01\/LM1A9639.jpg\",\"width\":2000,\"height\":840},{\"@type\":\"BreadcrumbList\",\"@id\":\"https:\/\/akkahemservice.se\/gotland\/stadtips\/#breadcrumb\",\"itemListElement\":[{\"@type\":\"ListItem\",\"position\":1,\"name\":\"Hem\",\"item\":\"https:\/\/akkahemservice.se\/gotland\/\"},{\"@type\":\"ListItem\",\"position\":2,\"name\":\"St\u00e4dtips\"}]},{\"@type\":\"WebSite\",\"@id\":\"https:\/\/akkahemservice.se\/gotland\/#website\",\"url\":\"https:\/\/akkahemservice.se\/gotland\/\",\"name\":\"Akka Hemservice Gotland\",\"description\":\"St\u00e4dning och f\u00f6nsterputs f\u00f6r privatpersoner och f\u00f6retag p\u00e5 Gotland.\",\"potentialAction\":[{\"@type\":\"SearchAction\",\"target\":{\"@type\":\"EntryPoint\",\"urlTemplate\":\"https:\/\/akkahemservice.se\/gotland\/?s={search_term_string}\"},\"query-input\":{\"@type\":\"PropertyValueSpecification\",\"valueRequired\":true,\"valueName\":\"search_term_string\"}}],\"inLanguage\":\"sv-SE\"}]}<\/script>\n<!-- \/ Yoast SEO plugin. -->","yoast_head_json":{"title":"St\u00e4dtips - Akka Hemservice Gotland","robots":{"index":"index","follow":"follow","max-snippet":"max-snippet:-1","max-image-preview":"max-image-preview:large","max-video-preview":"max-video-preview:-1"},"canonical":"https:\/\/akkahemservice.se\/gotland\/stadtips\/","og_locale":"sv_SE","og_type":"article","og_title":"St\u00e4dtips - Akka Hemservice Gotland","og_description":"V\u00e5ra b\u00e4sta st\u00e4dtips Ta bort tuggumi Du f\u00e5r bort tuggumifl\u00e4ckar genom att frysa dem. L\u00e4gg en p\u00e5se med isbitar p\u00e5 fl\u00e4cken eller l\u00e4gg hela tyget i frysen en stund. Sedan g\u00e5r det att skrapa bort tuggummit. Anv\u00e4nd ren alkohol om det finns n\u00e5gon rest kvar. P\u00e5 h\u00e5rda ytor kan du anv\u00e4nda suddgummi. Ett annat s\u00e4tt [&hellip;]","og_url":"https:\/\/akkahemservice.se\/gotland\/stadtips\/","og_site_name":"Akka Hemservice Gotland","article_modified_time":"2025-11-11T17:16:15+00:00","og_image":[{"width":2000,"height":840,"url":"https:\/\/akkahemservice.se\/gotland\/wp-content\/uploads\/sites\/3\/2020\/01\/LM1A9639.jpg","type":"image\/jpeg"}],"twitter_misc":{"Ber\u00e4knad l\u00e4stid":"4 minuter"},"schema":{"@context":"https:\/\/schema.org","@graph":[{"@type":"WebPage","@id":"https:\/\/akkahemservice.se\/gotland\/stadtips\/","url":"https:\/\/akkahemservice.se\/gotland\/stadtips\/","name":"St\u00e4dtips - Akka Hemservice Gotland","isPartOf":{"@id":"https:\/\/akkahemservice.se\/gotland\/#website"},"primaryImageOfPage":{"@id":"https:\/\/akkahemservice.se\/gotland\/stadtips\/#primaryimage"},"image":{"@id":"https:\/\/akkahemservice.se\/gotland\/stadtips\/#primaryimage"},"thumbnailUrl":"https:\/\/akkahemservice.se\/gotland\/wp-content\/uploads\/sites\/3\/2020\/01\/LM1A9639.jpg","datePublished":"2014-09-08T18:08:36+00:00","dateModified":"2025-11-11T17:16:15+00:00","breadcrumb":{"@id":"https:\/\/akkahemservice.se\/gotland\/stadtips\/#breadcrumb"},"inLanguage":"sv-SE","potentialAction":[{"@type":"ReadAction","target":["https:\/\/akkahemservice.se\/gotland\/stadtips\/"]}]},{"@type":"ImageObject","inLanguage":"sv-SE","@id":"https:\/\/akkahemservice.se\/gotland\/stadtips\/#primaryimage","url":"https:\/\/akkahemservice.se\/gotland\/wp-content\/uploads\/sites\/3\/2020\/01\/LM1A9639.jpg","contentUrl":"https:\/\/akkahemservice.se\/gotland\/wp-content\/uploads\/sites\/3\/2020\/01\/LM1A9639.jpg","width":2000,"height":840},{"@type":"BreadcrumbList","@id":"https:\/\/akkahemservice.se\/gotland\/stadtips\/#breadcrumb","itemListElement":[{"@type":"ListItem","position":1,"name":"Hem","item":"https:\/\/akkahemservice.se\/gotland\/"},{"@type":"ListItem","position":2,"name":"St\u00e4dtips"}]},{"@type":"WebSite","@id":"https:\/\/akkahemservice.se\/gotland\/#website","url":"https:\/\/akkahemservice.se\/gotland\/","name":"Akka Hemservice Gotland","description":"St\u00e4dning och f\u00f6nsterputs f\u00f6r privatpersoner och f\u00f6retag p\u00e5 Gotland.","potentialAction":[{"@type":"SearchAction","target":{"@type":"EntryPoint","urlTemplate":"https:\/\/akkahemservice.se\/gotland\/?s={search_term_string}"},"query-input":{"@type":"PropertyValueSpecification","valueRequired":true,"valueName":"search_term_string"}}],"inLanguage":"sv-SE"}]}},"_links":{"self":[{"href":"https:\/\/akkahemservice.se\/gotland\/wp-json\/wp\/v2\/pages\/194","targetHints":{"allow":["GET"]}}],"collection":[{"href":"https:\/\/akkahemservice.se\/gotland\/wp-json\/wp\/v2\/pages"}],"about":[{"href":"https:\/\/akkahemservice.se\/gotland\/wp-json\/wp\/v2\/types\/page"}],"author":[{"embeddable":true,"href":"https:\/\/akkahemservice.se\/gotland\/wp-json\/wp\/v2\/users\/1"}],"replies":[{"embeddable":true,"href":"https:\/\/akkahemservice.se\/gotland\/wp-json\/wp\/v2\/comments?post=194"}],"version-history":[{"count":1,"href":"https:\/\/akkahemservice.se\/gotland\/wp-json\/wp\/v2\/pages\/194\/revisions"}],"predecessor-version":[{"id":810,"href":"https:\/\/akkahemservice.se\/gotland\/wp-json\/wp\/v2\/pages\/194\/revisions\/810"}],"wp:attachment":[{"href":"https:\/\/akkahemservice.se\/gotland\/wp-json\/wp\/v2\/media?parent=194"}],"curies":[{"name":"wp","href":"https:\/\/api.w.org\/{rel}","templated":true}]}}