{"id":166,"date":"2014-09-08T19:31:34","date_gmt":"2014-09-08T17:31:34","guid":{"rendered":"http:\/\/akkagotland.se\/gotland\/?page_id=166"},"modified":"2025-11-11T18:16:14","modified_gmt":"2025-11-11T17:16:14","slug":"timpott","status":"publish","type":"page","link":"https:\/\/akkahemservice.se\/gotland\/priser\/timpott\/","title":{"rendered":"Timpott"},"content":{"rendered":"<p>F\u00f6r dig som har regelbunden st\u00e4dning \u00e4r det mest f\u00f6rdelaktigt att ansluta dig till v\u00e5rt abonnemang med timpott. Nedan finner du en beskrivning som ber\u00e4ttar hur det fungerar.<\/p>\n<p>Som timpottskund betalar du lika mycket varje m\u00e5nad. Din t\u00e4nkta \u00e5rsf\u00f6rbrukning av st\u00e4dtimmar f\u00f6rdelas p\u00e5 12 lika stora belopp som ska betalas kring den 25e varje m\u00e5nad.<\/p>\n<p>Vi har d\u00e5 r\u00e4knat med att en veckokund i snitt har 52 tillf\u00e4llen, en varannan-veckokund 26 och en m\u00e5nadskund 13 tillf\u00e4llen per \u00e5r. D\u00e5 har vi r\u00e4knat bort timmar som antas avbest\u00e4llas pga semester och s\u00e5 har vi lagt till en f\u00f6nsterputs.<\/p>\n<p>Detta inneb\u00e4r i praktiken att du f\u00e5r ett st\u00e4dkonto som kan ligga b\u00e5de plus och minus. Beh\u00f6ver du avboka sparas timmarna till ett senare tillf\u00e4lle. Skulle du beh\u00f6va extra tid f\u00f6r f\u00f6nsterputs eller extra st\u00e4dning, f\u00e5r du kredit.<\/p>\n<p>En eller ett par g\u00e5nger per \u00e5r g\u00e5r vi igenom ditt st\u00e4dkonto. S\u00e5 l\u00e4nge kontots saldo understiger antalet timmar f\u00f6r tv\u00e5 st\u00e4dtillf\u00e4llen, g\u00f6r vi ingen aktiv clearing. \u00d6verstigande antal timmar debiteras med separat faktura, alternativt utbetalas med kreditfaktura.<\/p>\n<p>Du kan senast avboka 48 timmar i\u00a0f\u00f6rv\u00e4g. Vid senare avbokning debiteras ditt konto med 50% av ber\u00e4knad tid. Upps\u00e4gningstid \u00e4r en m\u00e5nad. Vid eventuell upps\u00e4gning clearas st\u00e4dkontot i samband med sista fakturan.<\/p>\n<p>Sammanfattningsvis \u2013 vad inneb\u00e4r det att vara Timpotts-kund hos Akka Hemservice AB<\/p>\n<ul>\n<li>Mest f\u00f6rm\u00e5nliga pris. 265kr\/timme Samtliga tj\u00e4nster du best\u00e4ller betalas \u00f6ver st\u00e4dkontot.<br \/>\nDet inneb\u00e4r att du f\u00e5r samma pris p\u00e5 t.ex. f\u00f6nsterputs och fixartj\u00e4nster som p\u00e5 vardagsst\u00e4dning<\/li>\n<li>St\u00e4dkonto med timpott som kan ligga b\u00e5de minus och plus<\/li>\n<li>12 lika stora betalningar per \u00e5r<\/li>\n<li>F\u00f6rtur vid val av st\u00e4dare och st\u00e4dtid.<\/li>\n<li>Du har m\u00f6jlighet att individanpassa din st\u00e4dning.<\/li>\n<\/ul>\n","protected":false},"excerpt":{"rendered":"<p>F\u00f6r dig som har regelbunden st\u00e4dning \u00e4r det mest f\u00f6rdelaktigt att ansluta dig till v\u00e5rt abonnemang med timpott. Nedan finner du en beskrivning som ber\u00e4ttar hur det fungerar. Som timpottskund betalar du lika mycket varje m\u00e5nad. Din t\u00e4nkta \u00e5rsf\u00f6rbrukning av st\u00e4dtimmar f\u00f6rdelas p\u00e5 12 lika stora belopp som ska betalas kring den 25e varje m\u00e5nad. [&hellip;]<\/p>\n","protected":false},"author":1,"featured_media":0,"parent":83,"menu_order":0,"comment_status":"closed","ping_status":"open","template":"","meta":{"footnotes":""},"class_list":["post-166","page","type-page","status-publish","hentry"],"yoast_head":"<!-- This site is optimized with the Yoast SEO plugin v27.5 - https:\/\/yoast.com\/product\/yoast-seo-wordpress\/ -->\n<title>Timpott - Akka Hemservice Gotland<\/title>\n<meta name=\"robots\" content=\"index, follow, max-snippet:-1, max-image-preview:large, max-video-preview:-1\" \/>\n<link rel=\"canonical\" href=\"https:\/\/akkahemservice.se\/gotland\/priser\/timpott\/\" \/>\n<meta property=\"og:locale\" content=\"sv_SE\" \/>\n<meta property=\"og:type\" content=\"article\" \/>\n<meta property=\"og:title\" content=\"Timpott - Akka Hemservice Gotland\" \/>\n<meta property=\"og:description\" content=\"F\u00f6r dig som har regelbunden st\u00e4dning \u00e4r det mest f\u00f6rdelaktigt att ansluta dig till v\u00e5rt abonnemang med timpott. Nedan finner du en beskrivning som ber\u00e4ttar hur det fungerar. Som timpottskund betalar du lika mycket varje m\u00e5nad. Din t\u00e4nkta \u00e5rsf\u00f6rbrukning av st\u00e4dtimmar f\u00f6rdelas p\u00e5 12 lika stora belopp som ska betalas kring den 25e varje m\u00e5nad. [&hellip;]\" \/>\n<meta property=\"og:url\" content=\"https:\/\/akkahemservice.se\/gotland\/priser\/timpott\/\" \/>\n<meta property=\"og:site_name\" content=\"Akka Hemservice Gotland\" \/>\n<meta property=\"article:modified_time\" content=\"2025-11-11T17:16:14+00:00\" \/>\n<meta name=\"twitter:label1\" content=\"Ber\u00e4knad l\u00e4stid\" \/>\n\t<meta name=\"twitter:data1\" content=\"2 minuter\" \/>\n<script type=\"application\/ld+json\" class=\"yoast-schema-graph\">{\"@context\":\"https:\\\/\\\/schema.org\",\"@graph\":[{\"@type\":\"WebPage\",\"@id\":\"https:\\\/\\\/akkahemservice.se\\\/gotland\\\/priser\\\/timpott\\\/\",\"url\":\"https:\\\/\\\/akkahemservice.se\\\/gotland\\\/priser\\\/timpott\\\/\",\"name\":\"Timpott - Akka Hemservice Gotland\",\"isPartOf\":{\"@id\":\"https:\\\/\\\/akkahemservice.se\\\/gotland\\\/#website\"},\"datePublished\":\"2014-09-08T17:31:34+00:00\",\"dateModified\":\"2025-11-11T17:16:14+00:00\",\"breadcrumb\":{\"@id\":\"https:\\\/\\\/akkahemservice.se\\\/gotland\\\/priser\\\/timpott\\\/#breadcrumb\"},\"inLanguage\":\"sv-SE\",\"potentialAction\":[{\"@type\":\"ReadAction\",\"target\":[\"https:\\\/\\\/akkahemservice.se\\\/gotland\\\/priser\\\/timpott\\\/\"]}]},{\"@type\":\"BreadcrumbList\",\"@id\":\"https:\\\/\\\/akkahemservice.se\\\/gotland\\\/priser\\\/timpott\\\/#breadcrumb\",\"itemListElement\":[{\"@type\":\"ListItem\",\"position\":1,\"name\":\"Hem\",\"item\":\"https:\\\/\\\/akkahemservice.se\\\/gotland\\\/\"},{\"@type\":\"ListItem\",\"position\":2,\"name\":\"Priser\",\"item\":\"https:\\\/\\\/akkahemservice.se\\\/gotland\\\/priser\\\/\"},{\"@type\":\"ListItem\",\"position\":3,\"name\":\"Timpott\"}]},{\"@type\":\"WebSite\",\"@id\":\"https:\\\/\\\/akkahemservice.se\\\/gotland\\\/#website\",\"url\":\"https:\\\/\\\/akkahemservice.se\\\/gotland\\\/\",\"name\":\"Akka Hemservice Gotland\",\"description\":\"St\u00e4dning och f\u00f6nsterputs f\u00f6r privatpersoner och f\u00f6retag p\u00e5 Gotland.\",\"potentialAction\":[{\"@type\":\"SearchAction\",\"target\":{\"@type\":\"EntryPoint\",\"urlTemplate\":\"https:\\\/\\\/akkahemservice.se\\\/gotland\\\/?s={search_term_string}\"},\"query-input\":{\"@type\":\"PropertyValueSpecification\",\"valueRequired\":true,\"valueName\":\"search_term_string\"}}],\"inLanguage\":\"sv-SE\"}]}<\/script>\n<!-- \/ Yoast SEO plugin. -->","yoast_head_json":{"title":"Timpott - Akka Hemservice Gotland","robots":{"index":"index","follow":"follow","max-snippet":"max-snippet:-1","max-image-preview":"max-image-preview:large","max-video-preview":"max-video-preview:-1"},"canonical":"https:\/\/akkahemservice.se\/gotland\/priser\/timpott\/","og_locale":"sv_SE","og_type":"article","og_title":"Timpott - Akka Hemservice Gotland","og_description":"F\u00f6r dig som har regelbunden st\u00e4dning \u00e4r det mest f\u00f6rdelaktigt att ansluta dig till v\u00e5rt abonnemang med timpott. Nedan finner du en beskrivning som ber\u00e4ttar hur det fungerar. Som timpottskund betalar du lika mycket varje m\u00e5nad. Din t\u00e4nkta \u00e5rsf\u00f6rbrukning av st\u00e4dtimmar f\u00f6rdelas p\u00e5 12 lika stora belopp som ska betalas kring den 25e varje m\u00e5nad. [&hellip;]","og_url":"https:\/\/akkahemservice.se\/gotland\/priser\/timpott\/","og_site_name":"Akka Hemservice Gotland","article_modified_time":"2025-11-11T17:16:14+00:00","twitter_misc":{"Ber\u00e4knad l\u00e4stid":"2 minuter"},"schema":{"@context":"https:\/\/schema.org","@graph":[{"@type":"WebPage","@id":"https:\/\/akkahemservice.se\/gotland\/priser\/timpott\/","url":"https:\/\/akkahemservice.se\/gotland\/priser\/timpott\/","name":"Timpott - Akka Hemservice Gotland","isPartOf":{"@id":"https:\/\/akkahemservice.se\/gotland\/#website"},"datePublished":"2014-09-08T17:31:34+00:00","dateModified":"2025-11-11T17:16:14+00:00","breadcrumb":{"@id":"https:\/\/akkahemservice.se\/gotland\/priser\/timpott\/#breadcrumb"},"inLanguage":"sv-SE","potentialAction":[{"@type":"ReadAction","target":["https:\/\/akkahemservice.se\/gotland\/priser\/timpott\/"]}]},{"@type":"BreadcrumbList","@id":"https:\/\/akkahemservice.se\/gotland\/priser\/timpott\/#breadcrumb","itemListElement":[{"@type":"ListItem","position":1,"name":"Hem","item":"https:\/\/akkahemservice.se\/gotland\/"},{"@type":"ListItem","position":2,"name":"Priser","item":"https:\/\/akkahemservice.se\/gotland\/priser\/"},{"@type":"ListItem","position":3,"name":"Timpott"}]},{"@type":"WebSite","@id":"https:\/\/akkahemservice.se\/gotland\/#website","url":"https:\/\/akkahemservice.se\/gotland\/","name":"Akka Hemservice Gotland","description":"St\u00e4dning och f\u00f6nsterputs f\u00f6r privatpersoner och f\u00f6retag p\u00e5 Gotland.","potentialAction":[{"@type":"SearchAction","target":{"@type":"EntryPoint","urlTemplate":"https:\/\/akkahemservice.se\/gotland\/?s={search_term_string}"},"query-input":{"@type":"PropertyValueSpecification","valueRequired":true,"valueName":"search_term_string"}}],"inLanguage":"sv-SE"}]}},"_links":{"self":[{"href":"https:\/\/akkahemservice.se\/gotland\/wp-json\/wp\/v2\/pages\/166","targetHints":{"allow":["GET"]}}],"collection":[{"href":"https:\/\/akkahemservice.se\/gotland\/wp-json\/wp\/v2\/pages"}],"about":[{"href":"https:\/\/akkahemservice.se\/gotland\/wp-json\/wp\/v2\/types\/page"}],"author":[{"embeddable":true,"href":"https:\/\/akkahemservice.se\/gotland\/wp-json\/wp\/v2\/users\/1"}],"replies":[{"embeddable":true,"href":"https:\/\/akkahemservice.se\/gotland\/wp-json\/wp\/v2\/comments?post=166"}],"version-history":[{"count":10,"href":"https:\/\/akkahemservice.se\/gotland\/wp-json\/wp\/v2\/pages\/166\/revisions"}],"predecessor-version":[{"id":1069,"href":"https:\/\/akkahemservice.se\/gotland\/wp-json\/wp\/v2\/pages\/166\/revisions\/1069"}],"up":[{"embeddable":true,"href":"https:\/\/akkahemservice.se\/gotland\/wp-json\/wp\/v2\/pages\/83"}],"wp:attachment":[{"href":"https:\/\/akkahemservice.se\/gotland\/wp-json\/wp\/v2\/media?parent=166"}],"curies":[{"name":"wp","href":"https:\/\/api.w.org\/{rel}","templated":true}]}}