{"id":144,"date":"2014-09-08T14:17:21","date_gmt":"2014-09-08T12:17:21","guid":{"rendered":"http:\/\/akkagotland.se\/gotland\/?page_id=144"},"modified":"2025-11-11T18:16:15","modified_gmt":"2025-11-11T17:16:15","slug":"stugservice","status":"publish","type":"page","link":"https:\/\/akkahemservice.se\/gotland\/tjanster\/stugservice\/","title":{"rendered":"Stugservice"},"content":{"rendered":"<div id=\"m2ucontainer\">\n<div class=\"row windowbox\">\n<div class=\"col-12\">\n<h1>Intresserad av st\u00e4dhj\u00e4lp?<\/h1>\n<p>Vad roligt att ni vill ha v\u00e5r hj\u00e4lp med st\u00e4dning, f\u00f6nsterputsning, tr\u00e4dg\u00e5rdsarbete m.m. Fyll i denna<br \/>\n                    intresseanm\u00e4lan s\u00e5 \u00e5terkommer vi till er s\u00e5 snart vi kan med en offert.<br \/>\n                    Vi hj\u00e4lper b\u00e5de privatpersoner, f\u00f6retag och f\u00f6reningar.\n                <\/p>\n<\/p><\/div>\n<div class=\"col-12\">\n<h3>Klicka p\u00e5 knappen f\u00f6r att starta<\/h3>\n<p>(\u00d6ppnas i nytt f\u00f6nster)<\/p>\n<p>                <button onclick=\"window.open('https:\/\/akkahemservice.se\/gotland\/intresseanmalan\/','_blank')\" style=\"font-size:20px;padding:20px 30px;\" type=\"button\">Intresseanm\u00e4lan<\/button>\n            <\/div>\n<\/p><\/div>\n<\/div>\n<\/div>\n<p>Med stugservice s\u00e5 kan vi ta p\u00e5 oss enklare renoveringar, tillsyn, slutst\u00e4d, h\u00f6stst\u00e4dning, avst\u00e4ngning av\u00a0vatten inf\u00f6r vintern, s\u00e4nka temperaturen i huset\u00a0s\u00e5 att det inte drar on\u00f6digt mycket v\u00e4rme, klippning av gr\u00e4set en sista g\u00e5ng innan vintern, t\u00f6mning av l\u00f6v i\u00a0stupr\u00f6r med mera. N\u00e4r v\u00e5ren nalkas s\u00e5 kan vi se till att huset \u00e4r fint n\u00e4r du anl\u00e4nder.<\/p>\n<p>Vi kan p\u00e5 beg\u00e4ran ocks\u00e5 utf\u00f6ra en regelbunden tillsyn\u00a0varje m\u00e5nad. T.ex. kolla till s\u00e5 att huset inte\u00a0blivit utsatt vid storm eller\u00a0elavbrott samt\u00a0att frys och avlopp fortfarande fungerar.\u00a0Vi kan \u00e4ven rapportera\u00a0efter eventuella hyresg\u00e4ster, st\u00e4da\u00a0och\u00a0l\u00e4mna nycklar till n\u00e4sta hyresg\u00e4st.<\/p>\n<p>Vi kan ocks\u00e5 skotta sn\u00f6 f\u00f6r att f\u00f6rhindra inbrott m.m.<\/p>\n","protected":false},"excerpt":{"rendered":"<p>Intresserad av st\u00e4dhj\u00e4lp? Vad roligt att ni vill ha v\u00e5r hj\u00e4lp med st\u00e4dning, f\u00f6nsterputsning, tr\u00e4dg\u00e5rdsarbete m.m. Fyll i denna intresseanm\u00e4lan s\u00e5 \u00e5terkommer vi till er s\u00e5 snart vi kan med en offert. Vi hj\u00e4lper b\u00e5de privatpersoner, f\u00f6retag och f\u00f6reningar. Klicka p\u00e5 knappen f\u00f6r att starta (\u00d6ppnas i nytt f\u00f6nster) Intresseanm\u00e4lan Med stugservice s\u00e5 kan vi [&hellip;]<\/p>\n","protected":false},"author":1,"featured_media":0,"parent":5,"menu_order":0,"comment_status":"closed","ping_status":"open","template":"","meta":{"footnotes":""},"class_list":["post-144","page","type-page","status-publish","hentry"],"yoast_head":"<!-- This site is optimized with the Yoast SEO plugin v26.9 - https:\/\/yoast.com\/product\/yoast-seo-wordpress\/ -->\n<title>Stugservice - Akka Hemservice Gotland<\/title>\n<meta name=\"robots\" content=\"index, follow, max-snippet:-1, max-image-preview:large, max-video-preview:-1\" \/>\n<link rel=\"canonical\" href=\"https:\/\/akkahemservice.se\/gotland\/tjanster\/stugservice\/\" \/>\n<meta property=\"og:locale\" content=\"sv_SE\" \/>\n<meta property=\"og:type\" content=\"article\" \/>\n<meta property=\"og:title\" content=\"Stugservice - Akka Hemservice Gotland\" \/>\n<meta property=\"og:description\" content=\"Intresserad av st\u00e4dhj\u00e4lp? Vad roligt att ni vill ha v\u00e5r hj\u00e4lp med st\u00e4dning, f\u00f6nsterputsning, tr\u00e4dg\u00e5rdsarbete m.m. Fyll i denna intresseanm\u00e4lan s\u00e5 \u00e5terkommer vi till er s\u00e5 snart vi kan med en offert. Vi hj\u00e4lper b\u00e5de privatpersoner, f\u00f6retag och f\u00f6reningar. Klicka p\u00e5 knappen f\u00f6r att starta (\u00d6ppnas i nytt f\u00f6nster) Intresseanm\u00e4lan Med stugservice s\u00e5 kan vi [&hellip;]\" \/>\n<meta property=\"og:url\" content=\"https:\/\/akkahemservice.se\/gotland\/tjanster\/stugservice\/\" \/>\n<meta property=\"og:site_name\" content=\"Akka Hemservice Gotland\" \/>\n<meta property=\"article:modified_time\" content=\"2025-11-11T17:16:15+00:00\" \/>\n<meta name=\"twitter:label1\" content=\"Ber\u00e4knad l\u00e4stid\" \/>\n\t<meta name=\"twitter:data1\" content=\"1 minut\" \/>\n<script type=\"application\/ld+json\" class=\"yoast-schema-graph\">{\"@context\":\"https:\/\/schema.org\",\"@graph\":[{\"@type\":\"WebPage\",\"@id\":\"https:\/\/akkahemservice.se\/gotland\/tjanster\/stugservice\/\",\"url\":\"https:\/\/akkahemservice.se\/gotland\/tjanster\/stugservice\/\",\"name\":\"Stugservice - Akka Hemservice Gotland\",\"isPartOf\":{\"@id\":\"https:\/\/akkahemservice.se\/gotland\/#website\"},\"datePublished\":\"2014-09-08T12:17:21+00:00\",\"dateModified\":\"2025-11-11T17:16:15+00:00\",\"breadcrumb\":{\"@id\":\"https:\/\/akkahemservice.se\/gotland\/tjanster\/stugservice\/#breadcrumb\"},\"inLanguage\":\"sv-SE\",\"potentialAction\":[{\"@type\":\"ReadAction\",\"target\":[\"https:\/\/akkahemservice.se\/gotland\/tjanster\/stugservice\/\"]}]},{\"@type\":\"BreadcrumbList\",\"@id\":\"https:\/\/akkahemservice.se\/gotland\/tjanster\/stugservice\/#breadcrumb\",\"itemListElement\":[{\"@type\":\"ListItem\",\"position\":1,\"name\":\"Hem\",\"item\":\"https:\/\/akkahemservice.se\/gotland\/\"},{\"@type\":\"ListItem\",\"position\":2,\"name\":\"Tj\u00e4nster\",\"item\":\"https:\/\/akkahemservice.se\/gotland\/tjanster\/\"},{\"@type\":\"ListItem\",\"position\":3,\"name\":\"Stugservice\"}]},{\"@type\":\"WebSite\",\"@id\":\"https:\/\/akkahemservice.se\/gotland\/#website\",\"url\":\"https:\/\/akkahemservice.se\/gotland\/\",\"name\":\"Akka Hemservice Gotland\",\"description\":\"St\u00e4dning och f\u00f6nsterputs f\u00f6r privatpersoner och f\u00f6retag p\u00e5 Gotland.\",\"potentialAction\":[{\"@type\":\"SearchAction\",\"target\":{\"@type\":\"EntryPoint\",\"urlTemplate\":\"https:\/\/akkahemservice.se\/gotland\/?s={search_term_string}\"},\"query-input\":{\"@type\":\"PropertyValueSpecification\",\"valueRequired\":true,\"valueName\":\"search_term_string\"}}],\"inLanguage\":\"sv-SE\"}]}<\/script>\n<!-- \/ Yoast SEO plugin. -->","yoast_head_json":{"title":"Stugservice - Akka Hemservice Gotland","robots":{"index":"index","follow":"follow","max-snippet":"max-snippet:-1","max-image-preview":"max-image-preview:large","max-video-preview":"max-video-preview:-1"},"canonical":"https:\/\/akkahemservice.se\/gotland\/tjanster\/stugservice\/","og_locale":"sv_SE","og_type":"article","og_title":"Stugservice - Akka Hemservice Gotland","og_description":"Intresserad av st\u00e4dhj\u00e4lp? Vad roligt att ni vill ha v\u00e5r hj\u00e4lp med st\u00e4dning, f\u00f6nsterputsning, tr\u00e4dg\u00e5rdsarbete m.m. Fyll i denna intresseanm\u00e4lan s\u00e5 \u00e5terkommer vi till er s\u00e5 snart vi kan med en offert. Vi hj\u00e4lper b\u00e5de privatpersoner, f\u00f6retag och f\u00f6reningar. Klicka p\u00e5 knappen f\u00f6r att starta (\u00d6ppnas i nytt f\u00f6nster) Intresseanm\u00e4lan Med stugservice s\u00e5 kan vi [&hellip;]","og_url":"https:\/\/akkahemservice.se\/gotland\/tjanster\/stugservice\/","og_site_name":"Akka Hemservice Gotland","article_modified_time":"2025-11-11T17:16:15+00:00","twitter_misc":{"Ber\u00e4knad l\u00e4stid":"1 minut"},"schema":{"@context":"https:\/\/schema.org","@graph":[{"@type":"WebPage","@id":"https:\/\/akkahemservice.se\/gotland\/tjanster\/stugservice\/","url":"https:\/\/akkahemservice.se\/gotland\/tjanster\/stugservice\/","name":"Stugservice - Akka Hemservice Gotland","isPartOf":{"@id":"https:\/\/akkahemservice.se\/gotland\/#website"},"datePublished":"2014-09-08T12:17:21+00:00","dateModified":"2025-11-11T17:16:15+00:00","breadcrumb":{"@id":"https:\/\/akkahemservice.se\/gotland\/tjanster\/stugservice\/#breadcrumb"},"inLanguage":"sv-SE","potentialAction":[{"@type":"ReadAction","target":["https:\/\/akkahemservice.se\/gotland\/tjanster\/stugservice\/"]}]},{"@type":"BreadcrumbList","@id":"https:\/\/akkahemservice.se\/gotland\/tjanster\/stugservice\/#breadcrumb","itemListElement":[{"@type":"ListItem","position":1,"name":"Hem","item":"https:\/\/akkahemservice.se\/gotland\/"},{"@type":"ListItem","position":2,"name":"Tj\u00e4nster","item":"https:\/\/akkahemservice.se\/gotland\/tjanster\/"},{"@type":"ListItem","position":3,"name":"Stugservice"}]},{"@type":"WebSite","@id":"https:\/\/akkahemservice.se\/gotland\/#website","url":"https:\/\/akkahemservice.se\/gotland\/","name":"Akka Hemservice Gotland","description":"St\u00e4dning och f\u00f6nsterputs f\u00f6r privatpersoner och f\u00f6retag p\u00e5 Gotland.","potentialAction":[{"@type":"SearchAction","target":{"@type":"EntryPoint","urlTemplate":"https:\/\/akkahemservice.se\/gotland\/?s={search_term_string}"},"query-input":{"@type":"PropertyValueSpecification","valueRequired":true,"valueName":"search_term_string"}}],"inLanguage":"sv-SE"}]}},"_links":{"self":[{"href":"https:\/\/akkahemservice.se\/gotland\/wp-json\/wp\/v2\/pages\/144","targetHints":{"allow":["GET"]}}],"collection":[{"href":"https:\/\/akkahemservice.se\/gotland\/wp-json\/wp\/v2\/pages"}],"about":[{"href":"https:\/\/akkahemservice.se\/gotland\/wp-json\/wp\/v2\/types\/page"}],"author":[{"embeddable":true,"href":"https:\/\/akkahemservice.se\/gotland\/wp-json\/wp\/v2\/users\/1"}],"replies":[{"embeddable":true,"href":"https:\/\/akkahemservice.se\/gotland\/wp-json\/wp\/v2\/comments?post=144"}],"version-history":[{"count":7,"href":"https:\/\/akkahemservice.se\/gotland\/wp-json\/wp\/v2\/pages\/144\/revisions"}],"predecessor-version":[{"id":1076,"href":"https:\/\/akkahemservice.se\/gotland\/wp-json\/wp\/v2\/pages\/144\/revisions\/1076"}],"up":[{"embeddable":true,"href":"https:\/\/akkahemservice.se\/gotland\/wp-json\/wp\/v2\/pages\/5"}],"wp:attachment":[{"href":"https:\/\/akkahemservice.se\/gotland\/wp-json\/wp\/v2\/media?parent=144"}],"curies":[{"name":"wp","href":"https:\/\/api.w.org\/{rel}","templated":true}]}}