{"id":11,"date":"2014-07-29T14:00:57","date_gmt":"2014-07-29T12:00:57","guid":{"rendered":"http:\/\/akkagotland.se\/gotland\/?page_id=11"},"modified":"2025-11-11T18:16:14","modified_gmt":"2025-11-11T17:16:14","slug":"om-oss","status":"publish","type":"page","link":"https:\/\/akkahemservice.se\/gotland\/om-oss\/","title":{"rendered":"Om oss"},"content":{"rendered":"<p><img loading=\"lazy\" decoding=\"async\" class=\"alignnone size-full wp-image-811\" src=\"https:\/\/akkahemservice.se\/gotland\/wp-content\/uploads\/sites\/3\/2020\/01\/LM1A95462.jpg\" alt=\"\" width=\"1333\" height=\"560\" srcset=\"https:\/\/akkahemservice.se\/gotland\/wp-content\/uploads\/sites\/3\/2020\/01\/LM1A95462.jpg 1333w, https:\/\/akkahemservice.se\/gotland\/wp-content\/uploads\/sites\/3\/2020\/01\/LM1A95462-300x126.jpg 300w, https:\/\/akkahemservice.se\/gotland\/wp-content\/uploads\/sites\/3\/2020\/01\/LM1A95462-768x323.jpg 768w, https:\/\/akkahemservice.se\/gotland\/wp-content\/uploads\/sites\/3\/2020\/01\/LM1A95462-1024x430.jpg 1024w\" sizes=\"auto, (max-width: 1333px) 100vw, 1333px\" \/><\/p>\n<p>Akka Hemservice m\u00e5ls\u00e4ttning \u00e4r att ha n\u00f6jda kunder och glad personal! V\u00e5ra kunder \u00e4r privatpersoner, f\u00f6retag och f\u00f6reningar. V\u00e5rt erbjudande omfattar alla hush\u00e5llstj\u00e4nster, \u00e4ven kontors- och trappst\u00e4dning. Vi st\u00e4dar \u00f6ver hela Gotland.<\/p>\n<h2>Vem g\u00f6r vad p\u00e5 Akka:<\/h2>\n<p>Maria J\u00e4rnmark &#8211; VD och \u00e4gare<br \/>\nCharlotte Wagner &#8211; marknad, rektrytering<br \/>\nAndreas Ahl &#8211; Verksamhetsledare<br \/>\nJenny Str\u00f6m &#8211; Admin<\/p>\n<h2>Avtal och f\u00f6rs\u00e4kringar<\/h2>\n<p>V\u00e5r personal har avtalsm\u00e4ssiga l\u00f6ner\u00a0och genomg\u00e5r l\u00f6pande utbildning. De har\u00a0avtalsf\u00f6rs\u00e4kringar och pension\u00a0genom Fora och \u00e4r olycks- och ansvarsf\u00f6rs\u00e4krade via Trygg-Hansa.<\/p>\n<p class=\"p1\"><span class=\"s1\"><strong>F\u00f6r fakturafr\u00e5gor:\u00a0<\/strong><a href=\"mailto:info@akkahemservice.se\">info<span class=\"s2\">@akkahemservice.se<\/span><\/a><\/span><\/p>\n<h2>Medlemmar i<\/h2>\n<p>&nbsp;<\/p>\n<h2><div class='content-column one_half'><a href=\"http:\/\/www.stadbranschensverige.se\/\"><img decoding=\"async\" class=\"alignnone wp-image-492 size-medium\" src=\"https:\/\/akkahemservice.se\/gotland\/wp-content\/uploads\/sites\/3\/2018\/02\/Stadbranschensverige-logo-300x130-300x130.png\" alt=\"\" width=\"150\" height=\"auto\" \/><\/a><\/div><div class='content-column one_half last_column'><img loading=\"lazy\" decoding=\"async\" class=\"alignnone wp-image-585 size-full\" src=\"https:\/\/akkahemservice.se\/gotland\/wp-content\/uploads\/sites\/3\/2018\/03\/foratagarna.png\" alt=\"\" width=\"250\" height=\"37\" \/><\/div><div class='clear_column'><\/div><\/h2>\n","protected":false},"excerpt":{"rendered":"<p>Akka Hemservice m\u00e5ls\u00e4ttning \u00e4r att ha n\u00f6jda kunder och glad personal! V\u00e5ra kunder \u00e4r privatpersoner, f\u00f6retag och f\u00f6reningar. V\u00e5rt erbjudande omfattar alla hush\u00e5llstj\u00e4nster, \u00e4ven kontors- och trappst\u00e4dning. Vi st\u00e4dar \u00f6ver hela Gotland. Vem g\u00f6r vad p\u00e5 Akka: Maria J\u00e4rnmark &#8211; VD och \u00e4gare Charlotte Wagner &#8211; marknad, rektrytering Andreas Ahl &#8211; Verksamhetsledare Jenny Str\u00f6m &#8211; [&hellip;]<\/p>\n","protected":false},"author":1,"featured_media":0,"parent":0,"menu_order":0,"comment_status":"closed","ping_status":"open","template":"","meta":{"footnotes":""},"class_list":["post-11","page","type-page","status-publish","hentry"],"yoast_head":"<!-- This site is optimized with the Yoast SEO plugin v27.5 - https:\/\/yoast.com\/product\/yoast-seo-wordpress\/ -->\n<title>Om oss - Akka Hemservice Gotland<\/title>\n<meta name=\"robots\" content=\"index, follow, max-snippet:-1, max-image-preview:large, max-video-preview:-1\" \/>\n<link rel=\"canonical\" href=\"https:\/\/akkahemservice.se\/gotland\/om-oss\/\" \/>\n<meta property=\"og:locale\" content=\"sv_SE\" \/>\n<meta property=\"og:type\" content=\"article\" \/>\n<meta property=\"og:title\" content=\"Om oss - Akka Hemservice Gotland\" \/>\n<meta property=\"og:description\" content=\"Akka Hemservice m\u00e5ls\u00e4ttning \u00e4r att ha n\u00f6jda kunder och glad personal! V\u00e5ra kunder \u00e4r privatpersoner, f\u00f6retag och f\u00f6reningar. V\u00e5rt erbjudande omfattar alla hush\u00e5llstj\u00e4nster, \u00e4ven kontors- och trappst\u00e4dning. Vi st\u00e4dar \u00f6ver hela Gotland. Vem g\u00f6r vad p\u00e5 Akka: Maria J\u00e4rnmark &#8211; VD och \u00e4gare Charlotte Wagner &#8211; marknad, rektrytering Andreas Ahl &#8211; Verksamhetsledare Jenny Str\u00f6m &#8211; [&hellip;]\" \/>\n<meta property=\"og:url\" content=\"https:\/\/akkahemservice.se\/gotland\/om-oss\/\" \/>\n<meta property=\"og:site_name\" content=\"Akka Hemservice Gotland\" \/>\n<meta property=\"article:modified_time\" content=\"2025-11-11T17:16:14+00:00\" \/>\n<meta property=\"og:image\" content=\"https:\/\/akkahemservice.se\/gotland\/wp-content\/uploads\/sites\/3\/2020\/01\/LM1A95462.jpg\" \/>\n\t<meta property=\"og:image:width\" content=\"1333\" \/>\n\t<meta property=\"og:image:height\" content=\"560\" \/>\n\t<meta property=\"og:image:type\" content=\"image\/jpeg\" \/>\n<meta name=\"twitter:label1\" content=\"Ber\u00e4knad l\u00e4stid\" \/>\n\t<meta name=\"twitter:data1\" content=\"2 minuter\" \/>\n<script type=\"application\/ld+json\" class=\"yoast-schema-graph\">{\"@context\":\"https:\\\/\\\/schema.org\",\"@graph\":[{\"@type\":\"WebPage\",\"@id\":\"https:\\\/\\\/akkahemservice.se\\\/gotland\\\/om-oss\\\/\",\"url\":\"https:\\\/\\\/akkahemservice.se\\\/gotland\\\/om-oss\\\/\",\"name\":\"Om oss - Akka Hemservice Gotland\",\"isPartOf\":{\"@id\":\"https:\\\/\\\/akkahemservice.se\\\/gotland\\\/#website\"},\"primaryImageOfPage\":{\"@id\":\"https:\\\/\\\/akkahemservice.se\\\/gotland\\\/om-oss\\\/#primaryimage\"},\"image\":{\"@id\":\"https:\\\/\\\/akkahemservice.se\\\/gotland\\\/om-oss\\\/#primaryimage\"},\"thumbnailUrl\":\"https:\\\/\\\/akkahemservice.se\\\/gotland\\\/wp-content\\\/uploads\\\/sites\\\/3\\\/2020\\\/01\\\/LM1A95462.jpg\",\"datePublished\":\"2014-07-29T12:00:57+00:00\",\"dateModified\":\"2025-11-11T17:16:14+00:00\",\"breadcrumb\":{\"@id\":\"https:\\\/\\\/akkahemservice.se\\\/gotland\\\/om-oss\\\/#breadcrumb\"},\"inLanguage\":\"sv-SE\",\"potentialAction\":[{\"@type\":\"ReadAction\",\"target\":[\"https:\\\/\\\/akkahemservice.se\\\/gotland\\\/om-oss\\\/\"]}]},{\"@type\":\"ImageObject\",\"inLanguage\":\"sv-SE\",\"@id\":\"https:\\\/\\\/akkahemservice.se\\\/gotland\\\/om-oss\\\/#primaryimage\",\"url\":\"https:\\\/\\\/akkahemservice.se\\\/gotland\\\/wp-content\\\/uploads\\\/sites\\\/3\\\/2020\\\/01\\\/LM1A95462.jpg\",\"contentUrl\":\"https:\\\/\\\/akkahemservice.se\\\/gotland\\\/wp-content\\\/uploads\\\/sites\\\/3\\\/2020\\\/01\\\/LM1A95462.jpg\",\"width\":1333,\"height\":560},{\"@type\":\"BreadcrumbList\",\"@id\":\"https:\\\/\\\/akkahemservice.se\\\/gotland\\\/om-oss\\\/#breadcrumb\",\"itemListElement\":[{\"@type\":\"ListItem\",\"position\":1,\"name\":\"Hem\",\"item\":\"https:\\\/\\\/akkahemservice.se\\\/gotland\\\/\"},{\"@type\":\"ListItem\",\"position\":2,\"name\":\"Om oss\"}]},{\"@type\":\"WebSite\",\"@id\":\"https:\\\/\\\/akkahemservice.se\\\/gotland\\\/#website\",\"url\":\"https:\\\/\\\/akkahemservice.se\\\/gotland\\\/\",\"name\":\"Akka Hemservice Gotland\",\"description\":\"St\u00e4dning och f\u00f6nsterputs f\u00f6r privatpersoner och f\u00f6retag p\u00e5 Gotland.\",\"potentialAction\":[{\"@type\":\"SearchAction\",\"target\":{\"@type\":\"EntryPoint\",\"urlTemplate\":\"https:\\\/\\\/akkahemservice.se\\\/gotland\\\/?s={search_term_string}\"},\"query-input\":{\"@type\":\"PropertyValueSpecification\",\"valueRequired\":true,\"valueName\":\"search_term_string\"}}],\"inLanguage\":\"sv-SE\"}]}<\/script>\n<!-- \/ Yoast SEO plugin. -->","yoast_head_json":{"title":"Om oss - Akka Hemservice Gotland","robots":{"index":"index","follow":"follow","max-snippet":"max-snippet:-1","max-image-preview":"max-image-preview:large","max-video-preview":"max-video-preview:-1"},"canonical":"https:\/\/akkahemservice.se\/gotland\/om-oss\/","og_locale":"sv_SE","og_type":"article","og_title":"Om oss - Akka Hemservice Gotland","og_description":"Akka Hemservice m\u00e5ls\u00e4ttning \u00e4r att ha n\u00f6jda kunder och glad personal! V\u00e5ra kunder \u00e4r privatpersoner, f\u00f6retag och f\u00f6reningar. V\u00e5rt erbjudande omfattar alla hush\u00e5llstj\u00e4nster, \u00e4ven kontors- och trappst\u00e4dning. Vi st\u00e4dar \u00f6ver hela Gotland. Vem g\u00f6r vad p\u00e5 Akka: Maria J\u00e4rnmark &#8211; VD och \u00e4gare Charlotte Wagner &#8211; marknad, rektrytering Andreas Ahl &#8211; Verksamhetsledare Jenny Str\u00f6m &#8211; [&hellip;]","og_url":"https:\/\/akkahemservice.se\/gotland\/om-oss\/","og_site_name":"Akka Hemservice Gotland","article_modified_time":"2025-11-11T17:16:14+00:00","og_image":[{"width":1333,"height":560,"url":"https:\/\/akkahemservice.se\/gotland\/wp-content\/uploads\/sites\/3\/2020\/01\/LM1A95462.jpg","type":"image\/jpeg"}],"twitter_misc":{"Ber\u00e4knad l\u00e4stid":"2 minuter"},"schema":{"@context":"https:\/\/schema.org","@graph":[{"@type":"WebPage","@id":"https:\/\/akkahemservice.se\/gotland\/om-oss\/","url":"https:\/\/akkahemservice.se\/gotland\/om-oss\/","name":"Om oss - Akka Hemservice Gotland","isPartOf":{"@id":"https:\/\/akkahemservice.se\/gotland\/#website"},"primaryImageOfPage":{"@id":"https:\/\/akkahemservice.se\/gotland\/om-oss\/#primaryimage"},"image":{"@id":"https:\/\/akkahemservice.se\/gotland\/om-oss\/#primaryimage"},"thumbnailUrl":"https:\/\/akkahemservice.se\/gotland\/wp-content\/uploads\/sites\/3\/2020\/01\/LM1A95462.jpg","datePublished":"2014-07-29T12:00:57+00:00","dateModified":"2025-11-11T17:16:14+00:00","breadcrumb":{"@id":"https:\/\/akkahemservice.se\/gotland\/om-oss\/#breadcrumb"},"inLanguage":"sv-SE","potentialAction":[{"@type":"ReadAction","target":["https:\/\/akkahemservice.se\/gotland\/om-oss\/"]}]},{"@type":"ImageObject","inLanguage":"sv-SE","@id":"https:\/\/akkahemservice.se\/gotland\/om-oss\/#primaryimage","url":"https:\/\/akkahemservice.se\/gotland\/wp-content\/uploads\/sites\/3\/2020\/01\/LM1A95462.jpg","contentUrl":"https:\/\/akkahemservice.se\/gotland\/wp-content\/uploads\/sites\/3\/2020\/01\/LM1A95462.jpg","width":1333,"height":560},{"@type":"BreadcrumbList","@id":"https:\/\/akkahemservice.se\/gotland\/om-oss\/#breadcrumb","itemListElement":[{"@type":"ListItem","position":1,"name":"Hem","item":"https:\/\/akkahemservice.se\/gotland\/"},{"@type":"ListItem","position":2,"name":"Om oss"}]},{"@type":"WebSite","@id":"https:\/\/akkahemservice.se\/gotland\/#website","url":"https:\/\/akkahemservice.se\/gotland\/","name":"Akka Hemservice Gotland","description":"St\u00e4dning och f\u00f6nsterputs f\u00f6r privatpersoner och f\u00f6retag p\u00e5 Gotland.","potentialAction":[{"@type":"SearchAction","target":{"@type":"EntryPoint","urlTemplate":"https:\/\/akkahemservice.se\/gotland\/?s={search_term_string}"},"query-input":{"@type":"PropertyValueSpecification","valueRequired":true,"valueName":"search_term_string"}}],"inLanguage":"sv-SE"}]}},"_links":{"self":[{"href":"https:\/\/akkahemservice.se\/gotland\/wp-json\/wp\/v2\/pages\/11","targetHints":{"allow":["GET"]}}],"collection":[{"href":"https:\/\/akkahemservice.se\/gotland\/wp-json\/wp\/v2\/pages"}],"about":[{"href":"https:\/\/akkahemservice.se\/gotland\/wp-json\/wp\/v2\/types\/page"}],"author":[{"embeddable":true,"href":"https:\/\/akkahemservice.se\/gotland\/wp-json\/wp\/v2\/users\/1"}],"replies":[{"embeddable":true,"href":"https:\/\/akkahemservice.se\/gotland\/wp-json\/wp\/v2\/comments?post=11"}],"version-history":[{"count":43,"href":"https:\/\/akkahemservice.se\/gotland\/wp-json\/wp\/v2\/pages\/11\/revisions"}],"predecessor-version":[{"id":1090,"href":"https:\/\/akkahemservice.se\/gotland\/wp-json\/wp\/v2\/pages\/11\/revisions\/1090"}],"wp:attachment":[{"href":"https:\/\/akkahemservice.se\/gotland\/wp-json\/wp\/v2\/media?parent=11"}],"curies":[{"name":"wp","href":"https:\/\/api.w.org\/{rel}","templated":true}]}}