{"id":1042,"date":"2024-05-02T21:02:11","date_gmt":"2024-05-02T19:02:11","guid":{"rendered":"https:\/\/akkahemservice.se\/gotland\/?page_id=1042"},"modified":"2025-11-11T18:16:55","modified_gmt":"2025-11-11T17:16:55","slug":"intresseanmalan","status":"publish","type":"page","link":"https:\/\/akkahemservice.se\/gotland\/intresseanmalan\/","title":{"rendered":"Intresseanm\u00e4lan"},"content":{"rendered":"<link rel=\"stylesheet\" href=\"\/formV3\/m2uform.css?r=07694400\"><link rel=\"stylesheet\" href=\"\/formV3\/zebra_datepicker.min.css?r=78637553\"><script type=\"text\/javascript\" src=\"\/formV3\/zebra_datepicker.min.js?r=54447156\"><\/script><script type=\"text\/javascript\" src=\"\/formV3\/m2uform.js?r=29627139\"><\/script><div id=\"m2ucontainer\">\n\n\n<form id=\"m2uform\" name=\"m2uform\">\n    <input type=\"hidden\" name=\"step\" id=\"step\" value=\"2\">\n    <input type=\"hidden\" name=\"sessionid\" id=\"sessionid\" value=\"\">\n\n    <div class=\"row windowbox\">\n        <div class=\"col-12\">\n            <p><b>Fyll i vem du \u00e4r s\u00e5 att vi p\u00e5 b\u00e4sta s\u00e4tt kan hj\u00e4lpa dig.<\/b><br>\n               F\u00e4lt markerade med en stj\u00e4rna (*) m\u00e5ste fyllas i.<\/p>\n            <div class=\"radio-btn\" id=\"divterms\">\n                <input type=\"checkbox\" id=\"terms\" name=\"terms\" value=\"1\" required data-minlength=\"1\"\n                       >\n                <label class=\"required\" for=\"terms\">Jag accepterar\n                    <a href=\"javascript:showM2UTerms()\"><u>villkoren<\/u><\/a>\n                <\/label>\n            <\/div>\n        <\/div>\n\n        <div class=\"col-12\">\n            <div class=\"field\">\n                <label class=\"label\" for=\"clienttype\">\u00c4r ni en ny eller befintlig kund?<\/label>\n                <select tabindex=\"1\" id=\"clienttype\" name=\"clienttype\" class=\"dropdown select select-field\" required>\n                    <option value=\"0\"><\/option>\n                    <option  value='1'>Ny privatkund<\/option><option  value='2'>Befintlig privatkund<\/option><option  value='3'>Ny f\u00f6retagskund \/ f\u00f6rening<\/option><option  value='4'>Befintlig f\u00f6retagskund \/ f\u00f6rening<\/option>                <\/select>\n            <\/div>\n        <\/div>\n\n        <div class=\"col-6\">\n            <div class=\"field starthidden new-private existing-private new-company existing-company\" id=\"divemail\">\n                <label class=\"label\" for=\"email\">Epost: *<\/label>\n                <input tabindex=\"3\" id=\"email\" name=\"email\" type=\"text\" required\n                       value=\"\" class=\"select select-field\">\n            <\/div>\n        <\/div>\n\n        <div class=\"col-6\">\n            <div class=\"field starthidden new-private existing-private new-company existing-company\" id=\"divphone\">\n                <label class=\"label\" for=\"phone\">Telefon: *<\/label>\n                <input tabindex=\"4\" id=\"phone\" name=\"phone\" type=\"number\" required\n                       value=\"\" class=\"select select-field\">\n            <\/div>\n        <\/div>\n\n        <div class=\"col-6\">\n            <div class=\"field starthidden new-private existing-private\" id=\"divname_private\">\n                <label class=\"label\" for=\"name\">Namn: *<\/label>\n                <input tabindex=\"5\" id=\"name\" name=\"name\" type=\"text\" required\n                       value=\"\" class=\"select select-field\">\n            <\/div>\n\n            <div class=\"field starthidden new-company existing-company\" id=\"divname_company\">\n                <label class=\"label\" for=\"name_company\">Kontaktperson: *<\/label>\n                <input tabindex=\"6\" id=\"name_company\" name=\"name\" type=\"text\" required\n                       value=\"\" class=\"select select-field\">\n            <\/div>\n        <\/div>\n\n        <div class=\"col-6\">\n            <div class=\"field starthidden new-company existing-company\" id=\"divcompanyname\">\n                <label class=\"label\" for=\"companyname\">F\u00f6retagsnamn: *<\/label>\n                <input tabindex=\"7\" id=\"companyname\" name=\"companyname\" type=\"text\"\n                       value=\"\" class=\"select select-field\">\n            <\/div>\n        <\/div>\n\n        <div class=\"col-12 starthidden new-private existing-private new-company existing-company button-wrapper right next-btn\">\n            <button id=\"btn_next\" type=\"button\">N\u00e4sta<\/button>\n        <\/div>\n    <\/div>\n<\/form>\n\n\n\n\n\n\n\n\n\n\n<\/div>\n","protected":false},"excerpt":{"rendered":"","protected":false},"author":4,"featured_media":0,"parent":0,"menu_order":0,"comment_status":"closed","ping_status":"closed","template":"","meta":{"footnotes":""},"class_list":["post-1042","page","type-page","status-publish","hentry"],"yoast_head":"<!-- This site is optimized with the Yoast SEO plugin v26.9 - https:\/\/yoast.com\/product\/yoast-seo-wordpress\/ -->\n<title>Intresseanm\u00e4lan - Akka Hemservice Gotland<\/title>\n<meta name=\"robots\" content=\"index, follow, max-snippet:-1, max-image-preview:large, max-video-preview:-1\" \/>\n<link rel=\"canonical\" href=\"https:\/\/akkahemservice.se\/gotland\/intresseanmalan\/\" \/>\n<meta property=\"og:locale\" content=\"sv_SE\" \/>\n<meta property=\"og:type\" content=\"article\" \/>\n<meta property=\"og:title\" content=\"Intresseanm\u00e4lan - Akka Hemservice Gotland\" \/>\n<meta property=\"og:url\" content=\"https:\/\/akkahemservice.se\/gotland\/intresseanmalan\/\" \/>\n<meta property=\"og:site_name\" content=\"Akka Hemservice Gotland\" \/>\n<meta property=\"article:modified_time\" content=\"2025-11-11T17:16:55+00:00\" \/>\n<meta name=\"twitter:label1\" content=\"Ber\u00e4knad l\u00e4stid\" \/>\n\t<meta name=\"twitter:data1\" content=\"1 minut\" \/>\n<script type=\"application\/ld+json\" class=\"yoast-schema-graph\">{\"@context\":\"https:\/\/schema.org\",\"@graph\":[{\"@type\":\"WebPage\",\"@id\":\"https:\/\/akkahemservice.se\/gotland\/intresseanmalan\/\",\"url\":\"https:\/\/akkahemservice.se\/gotland\/intresseanmalan\/\",\"name\":\"Intresseanm\u00e4lan - Akka Hemservice Gotland\",\"isPartOf\":{\"@id\":\"https:\/\/akkahemservice.se\/gotland\/#website\"},\"datePublished\":\"2024-05-02T19:02:11+00:00\",\"dateModified\":\"2025-11-11T17:16:55+00:00\",\"breadcrumb\":{\"@id\":\"https:\/\/akkahemservice.se\/gotland\/intresseanmalan\/#breadcrumb\"},\"inLanguage\":\"sv-SE\",\"potentialAction\":[{\"@type\":\"ReadAction\",\"target\":[\"https:\/\/akkahemservice.se\/gotland\/intresseanmalan\/\"]}]},{\"@type\":\"BreadcrumbList\",\"@id\":\"https:\/\/akkahemservice.se\/gotland\/intresseanmalan\/#breadcrumb\",\"itemListElement\":[{\"@type\":\"ListItem\",\"position\":1,\"name\":\"Hem\",\"item\":\"https:\/\/akkahemservice.se\/gotland\/\"},{\"@type\":\"ListItem\",\"position\":2,\"name\":\"Intresseanm\u00e4lan\"}]},{\"@type\":\"WebSite\",\"@id\":\"https:\/\/akkahemservice.se\/gotland\/#website\",\"url\":\"https:\/\/akkahemservice.se\/gotland\/\",\"name\":\"Akka Hemservice Gotland\",\"description\":\"St\u00e4dning och f\u00f6nsterputs f\u00f6r privatpersoner och f\u00f6retag p\u00e5 Gotland.\",\"potentialAction\":[{\"@type\":\"SearchAction\",\"target\":{\"@type\":\"EntryPoint\",\"urlTemplate\":\"https:\/\/akkahemservice.se\/gotland\/?s={search_term_string}\"},\"query-input\":{\"@type\":\"PropertyValueSpecification\",\"valueRequired\":true,\"valueName\":\"search_term_string\"}}],\"inLanguage\":\"sv-SE\"}]}<\/script>\n<!-- \/ Yoast SEO plugin. -->","yoast_head_json":{"title":"Intresseanm\u00e4lan - Akka Hemservice Gotland","robots":{"index":"index","follow":"follow","max-snippet":"max-snippet:-1","max-image-preview":"max-image-preview:large","max-video-preview":"max-video-preview:-1"},"canonical":"https:\/\/akkahemservice.se\/gotland\/intresseanmalan\/","og_locale":"sv_SE","og_type":"article","og_title":"Intresseanm\u00e4lan - Akka Hemservice Gotland","og_url":"https:\/\/akkahemservice.se\/gotland\/intresseanmalan\/","og_site_name":"Akka Hemservice Gotland","article_modified_time":"2025-11-11T17:16:55+00:00","twitter_misc":{"Ber\u00e4knad l\u00e4stid":"1 minut"},"schema":{"@context":"https:\/\/schema.org","@graph":[{"@type":"WebPage","@id":"https:\/\/akkahemservice.se\/gotland\/intresseanmalan\/","url":"https:\/\/akkahemservice.se\/gotland\/intresseanmalan\/","name":"Intresseanm\u00e4lan - Akka Hemservice Gotland","isPartOf":{"@id":"https:\/\/akkahemservice.se\/gotland\/#website"},"datePublished":"2024-05-02T19:02:11+00:00","dateModified":"2025-11-11T17:16:55+00:00","breadcrumb":{"@id":"https:\/\/akkahemservice.se\/gotland\/intresseanmalan\/#breadcrumb"},"inLanguage":"sv-SE","potentialAction":[{"@type":"ReadAction","target":["https:\/\/akkahemservice.se\/gotland\/intresseanmalan\/"]}]},{"@type":"BreadcrumbList","@id":"https:\/\/akkahemservice.se\/gotland\/intresseanmalan\/#breadcrumb","itemListElement":[{"@type":"ListItem","position":1,"name":"Hem","item":"https:\/\/akkahemservice.se\/gotland\/"},{"@type":"ListItem","position":2,"name":"Intresseanm\u00e4lan"}]},{"@type":"WebSite","@id":"https:\/\/akkahemservice.se\/gotland\/#website","url":"https:\/\/akkahemservice.se\/gotland\/","name":"Akka Hemservice Gotland","description":"St\u00e4dning och f\u00f6nsterputs f\u00f6r privatpersoner och f\u00f6retag p\u00e5 Gotland.","potentialAction":[{"@type":"SearchAction","target":{"@type":"EntryPoint","urlTemplate":"https:\/\/akkahemservice.se\/gotland\/?s={search_term_string}"},"query-input":{"@type":"PropertyValueSpecification","valueRequired":true,"valueName":"search_term_string"}}],"inLanguage":"sv-SE"}]}},"_links":{"self":[{"href":"https:\/\/akkahemservice.se\/gotland\/wp-json\/wp\/v2\/pages\/1042","targetHints":{"allow":["GET"]}}],"collection":[{"href":"https:\/\/akkahemservice.se\/gotland\/wp-json\/wp\/v2\/pages"}],"about":[{"href":"https:\/\/akkahemservice.se\/gotland\/wp-json\/wp\/v2\/types\/page"}],"author":[{"embeddable":true,"href":"https:\/\/akkahemservice.se\/gotland\/wp-json\/wp\/v2\/users\/4"}],"replies":[{"embeddable":true,"href":"https:\/\/akkahemservice.se\/gotland\/wp-json\/wp\/v2\/comments?post=1042"}],"version-history":[{"count":1,"href":"https:\/\/akkahemservice.se\/gotland\/wp-json\/wp\/v2\/pages\/1042\/revisions"}],"predecessor-version":[{"id":1043,"href":"https:\/\/akkahemservice.se\/gotland\/wp-json\/wp\/v2\/pages\/1042\/revisions\/1043"}],"wp:attachment":[{"href":"https:\/\/akkahemservice.se\/gotland\/wp-json\/wp\/v2\/media?parent=1042"}],"curies":[{"name":"wp","href":"https:\/\/api.w.org\/{rel}","templated":true}]}}